{"id":899,"date":"2021-07-21T06:30:35","date_gmt":"2021-07-20T23:30:35","guid":{"rendered":"https:\/\/www.minhtue.vn\/?page_id=899"},"modified":"2021-07-21T06:32:36","modified_gmt":"2021-07-20T23:32:36","slug":"go-nhua-wpc","status":"publish","type":"page","link":"https:\/\/www.minhtue.vn\/en\/go-nhua-wpc\/","title":{"rendered":"Wood Plastic WPC"},"content":{"rendered":"<p><strong>Plastic Wood<\/strong>\u00a0(WPC - Wood Plastic Composite) is a synthetic material, made up of\u00a0<strong>wood flour<\/strong>\u00a0and\u00a0<strong>plastic<\/strong>. In addition to resins and wood pulp, WPC may also contain a number of cellulose-based or inorganic fillers. Therefore, WPC can also be called natural fiber plastic composite material or natural fiber reinforced plastic.<\/p>\n<p>WPC has many applications in the market, especially as a raw material. Wood plastic is the most widely used in the\u00a0<em>outdoor works<\/em>\u00a0like field\u00a0<em>outdoor flooring<\/em>, in addition, the application can do\u00a0<em>railings, outdoor fences, decorative wood, screens, park benches, door and window frames<\/em>, \u2026 or can do\u00a0<em>interior and exterior wooden furniture<\/em>. Manufacturers claim wood plastic\u00a0<strong>more environmentally friendly<\/strong>, and\u00a0<strong>Less maintenance costs\u00a0<\/strong>other treated solid woods. In addition to cracking and cracking, these treated solid woods are also subject to termites and rapid rotting due to the humid environment outside.<\/p>\n<p>Wood Plastic is still a very new material compared to the long history of natural wood in the application of building materials, but it\u00a0<strong>can replace wood in most cases not bearing<\/strong>\u00a0(non-structural).<\/p>\n<p>Wood plastic is formed from wood, (such as sawdust, pulp fiber, peanut shell, bamboo, rice husk, ..) and plastic (HDPE, PVC, PP, ABS, PS, can be used). Wood plastic powder is evenly planted, uniform, then extruded or pressed into the required shapes. Additives such as colorants, coupling agents, stabilizers, enhancers, emulsifiers, etc. will help the final product.\u00a0<strong>suitable for many application directions<\/strong>.<\/p>\n<p>A major advantage of Plastic Wood over wood is the ability of the material to be shaped into virtually any required spatial shape. It\u00a0<strong>Easy to bend, and fixed<\/strong>\u00a0to form large curves. Due to the combination in the manufacturing process, wood plastic has the same properties as wood:\u00a0<strong>can be machined with traditional carpentry tools<\/strong>. At the same time, Wood Plastic has the same properties as plastic: the ability\u00a0<strong>moisture-proof, and anti-rot<\/strong>, although not as strong as regular wood, and may deform slightly in extremely hot weather.<\/p>\n<p>The main advantage of plastic wood products is that\u00a0<strong>building outdoor structures to replace natural wood,<\/strong>\u00a0<strong>no paint needed<\/strong>\u00a0because the product can be produced in a wide range of colors, but mainly gray and ocher tones. Another advantage is that it is environmentally friendly,\u00a0<strong>take advantage of non-reusable wood resources in the production of wooden products<\/strong>, when natural wood resources are increasingly scarce.<\/p>","protected":false},"excerpt":{"rendered":"<p>Wood Plastic Composite (WPC) is a composite material made from wood powder and plastic. In addition to plastic and wood powder, WPC can also contain some cellulose or inorganic filler additives. Therefore, WPC can also be called fiber plastic composite material [\u2026]","protected":false},"author":2,"featured_media":0,"parent":0,"menu_order":0,"comment_status":"closed","ping_status":"closed","template":"page-blank-title-center.php","meta":{"footnotes":""},"class_list":["post-899","page","type-page","status-publish","hentry"],"yoast_head":"<!-- This site is optimized with the Yoast SEO plugin v24.7 - https:\/\/yoast.com\/wordpress\/plugins\/seo\/ -->\n<title>G\u1ed7 nh\u1ef1a WPC - MINH TUE TRADING INVESTMENT JOINT STOCK COMPANY<\/title>\n<meta name=\"robots\" content=\"index, follow, max-snippet:-1, max-image-preview:large, max-video-preview:-1\" \/>\n<link rel=\"canonical\" href=\"https:\/\/www.minhtue.vn\/en\/go-nhua-wpc\/\" \/>\n<meta property=\"og:locale\" content=\"en_US\" \/>\n<meta property=\"og:type\" content=\"article\" \/>\n<meta property=\"og:title\" content=\"G\u1ed7 nh\u1ef1a WPC - MINH TUE TRADING INVESTMENT JOINT STOCK COMPANY\" \/>\n<meta property=\"og:description\" content=\"Nh\u1ef1a G\u1ed7\u00a0(WPC \u2013 Wood Plastic Composite) l\u00e0 m\u1ed9t lo\u1ea1i nguy\u00ean li\u1ec7u t\u1ed5ng h\u1ee3p, \u0111\u01b0\u1ee3c t\u1ea1o th\u00e0nh t\u1eeb\u00a0b\u1ed9t g\u1ed7\u00a0v\u00e0\u00a0nh\u1ef1a. Ngo\u00e0i nh\u1ef1a v\u00e0 b\u1ed9t g\u1ed7, WPC c\u00f2n c\u00f3 th\u1ec3 ch\u1ee9a m\u1ed9t s\u1ed1 ch\u1ea5t ph\u1ee5 gia l\u00e0m \u0111\u1ea7y c\u00f3 g\u1ed1c cellulose ho\u1eb7c v\u00f4 c\u01a1. Do \u0111\u00f3, WPC c\u00f2n c\u00f3 th\u1ec3 \u0111\u01b0\u1ee3c g\u1ecdi l\u00e0 v\u1eadt li\u1ec7u composite nh\u1ef1a s\u1ee3i [...]\" \/>\n<meta property=\"og:url\" content=\"https:\/\/www.minhtue.vn\/en\/go-nhua-wpc\/\" \/>\n<meta property=\"og:site_name\" content=\"MINH TUE TRADING INVESTMENT JOINT STOCK COMPANY\" \/>\n<meta property=\"article:publisher\" content=\"https:\/\/facebook.com\/vannt16.vt\" \/>\n<meta property=\"article:modified_time\" content=\"2021-07-20T23:32:36+00:00\" \/>\n<meta name=\"twitter:card\" content=\"summary_large_image\" \/>\n<meta name=\"twitter:site\" content=\"@vannt16vt\" \/>\n<meta name=\"twitter:label1\" content=\"Est. reading time\" \/>\n\t<meta name=\"twitter:data1\" content=\"4 minutes\" \/>\n<script type=\"application\/ld+json\" class=\"yoast-schema-graph\">{\"@context\":\"https:\/\/schema.org\",\"@graph\":[{\"@type\":\"WebPage\",\"@id\":\"https:\/\/www.minhtue.vn\/go-nhua-wpc\/\",\"url\":\"https:\/\/www.minhtue.vn\/go-nhua-wpc\/\",\"name\":\"G\u1ed7 nh\u1ef1a WPC - MINH TUE TRADING INVESTMENT JOINT STOCK COMPANY\",\"isPartOf\":{\"@id\":\"https:\/\/www.minhtue.vn\/#website\"},\"datePublished\":\"2021-07-20T23:30:35+00:00\",\"dateModified\":\"2021-07-20T23:32:36+00:00\",\"breadcrumb\":{\"@id\":\"https:\/\/www.minhtue.vn\/go-nhua-wpc\/#breadcrumb\"},\"inLanguage\":\"en-US\",\"potentialAction\":[{\"@type\":\"ReadAction\",\"target\":[\"https:\/\/www.minhtue.vn\/go-nhua-wpc\/\"]}]},{\"@type\":\"BreadcrumbList\",\"@id\":\"https:\/\/www.minhtue.vn\/go-nhua-wpc\/#breadcrumb\",\"itemListElement\":[{\"@type\":\"ListItem\",\"position\":1,\"name\":\"Trang ch\u1ee7\",\"item\":\"https:\/\/www.minhtue.vn\/\"},{\"@type\":\"ListItem\",\"position\":2,\"name\":\"G\u1ed7 nh\u1ef1a WPC\"}]},{\"@type\":\"WebSite\",\"@id\":\"https:\/\/www.minhtue.vn\/#website\",\"url\":\"https:\/\/www.minhtue.vn\/\",\"name\":\"MINH TUE TRADING INVESTMENT JOINT STOCK COMPANY\",\"description\":\"Value In Your Hands!\",\"publisher\":{\"@id\":\"https:\/\/www.minhtue.vn\/#organization\"},\"potentialAction\":[{\"@type\":\"SearchAction\",\"target\":{\"@type\":\"EntryPoint\",\"urlTemplate\":\"https:\/\/www.minhtue.vn\/?s={search_term_string}\"},\"query-input\":{\"@type\":\"PropertyValueSpecification\",\"valueRequired\":true,\"valueName\":\"search_term_string\"}}],\"inLanguage\":\"en-US\"},{\"@type\":\"Organization\",\"@id\":\"https:\/\/www.minhtue.vn\/#organization\",\"name\":\"C\u00f4ng ty c\u1ed5 ph\u1ea7n \u0111\u1ea7u t\u01b0 th\u01b0\u01a1ng m\u1ea1i Minh Tu\u1ec7\",\"url\":\"https:\/\/www.minhtue.vn\/\",\"logo\":{\"@type\":\"ImageObject\",\"inLanguage\":\"en-US\",\"@id\":\"https:\/\/www.minhtue.vn\/#\/schema\/logo\/image\/\",\"url\":\"https:\/\/www.minhtue.vn\/wp-content\/uploads\/2022\/10\/Value_Logo_Minhtue_1920B.gif\",\"contentUrl\":\"https:\/\/www.minhtue.vn\/wp-content\/uploads\/2022\/10\/Value_Logo_Minhtue_1920B.gif\",\"width\":1920,\"height\":1920,\"caption\":\"C\u00f4ng ty c\u1ed5 ph\u1ea7n \u0111\u1ea7u t\u01b0 th\u01b0\u01a1ng m\u1ea1i Minh Tu\u1ec7\"},\"image\":{\"@id\":\"https:\/\/www.minhtue.vn\/#\/schema\/logo\/image\/\"},\"sameAs\":[\"https:\/\/facebook.com\/vannt16.vt\",\"https:\/\/x.com\/vannt16vt\"]}]}<\/script>\n<!-- \/ Yoast SEO plugin. -->","yoast_head_json":{"title":"G\u1ed7 nh\u1ef1a WPC - MINH TUE TRADING INVESTMENT JOINT STOCK COMPANY","robots":{"index":"index","follow":"follow","max-snippet":"max-snippet:-1","max-image-preview":"max-image-preview:large","max-video-preview":"max-video-preview:-1"},"canonical":"https:\/\/www.minhtue.vn\/en\/go-nhua-wpc\/","og_locale":"en_US","og_type":"article","og_title":"G\u1ed7 nh\u1ef1a WPC - MINH TUE TRADING INVESTMENT JOINT STOCK COMPANY","og_description":"Nh\u1ef1a G\u1ed7\u00a0(WPC \u2013 Wood Plastic Composite) l\u00e0 m\u1ed9t lo\u1ea1i nguy\u00ean li\u1ec7u t\u1ed5ng h\u1ee3p, \u0111\u01b0\u1ee3c t\u1ea1o th\u00e0nh t\u1eeb\u00a0b\u1ed9t g\u1ed7\u00a0v\u00e0\u00a0nh\u1ef1a. Ngo\u00e0i nh\u1ef1a v\u00e0 b\u1ed9t g\u1ed7, WPC c\u00f2n c\u00f3 th\u1ec3 ch\u1ee9a m\u1ed9t s\u1ed1 ch\u1ea5t ph\u1ee5 gia l\u00e0m \u0111\u1ea7y c\u00f3 g\u1ed1c cellulose ho\u1eb7c v\u00f4 c\u01a1. Do \u0111\u00f3, WPC c\u00f2n c\u00f3 th\u1ec3 \u0111\u01b0\u1ee3c g\u1ecdi l\u00e0 v\u1eadt li\u1ec7u composite nh\u1ef1a s\u1ee3i [...]","og_url":"https:\/\/www.minhtue.vn\/en\/go-nhua-wpc\/","og_site_name":"MINH TUE TRADING INVESTMENT JOINT STOCK COMPANY","article_publisher":"https:\/\/facebook.com\/vannt16.vt","article_modified_time":"2021-07-20T23:32:36+00:00","twitter_card":"summary_large_image","twitter_site":"@vannt16vt","twitter_misc":{"Est. reading time":"4 minutes"},"schema":{"@context":"https:\/\/schema.org","@graph":[{"@type":"WebPage","@id":"https:\/\/www.minhtue.vn\/go-nhua-wpc\/","url":"https:\/\/www.minhtue.vn\/go-nhua-wpc\/","name":"G\u1ed7 nh\u1ef1a WPC - MINH TUE TRADING INVESTMENT JOINT STOCK COMPANY","isPartOf":{"@id":"https:\/\/www.minhtue.vn\/#website"},"datePublished":"2021-07-20T23:30:35+00:00","dateModified":"2021-07-20T23:32:36+00:00","breadcrumb":{"@id":"https:\/\/www.minhtue.vn\/go-nhua-wpc\/#breadcrumb"},"inLanguage":"en-US","potentialAction":[{"@type":"ReadAction","target":["https:\/\/www.minhtue.vn\/go-nhua-wpc\/"]}]},{"@type":"BreadcrumbList","@id":"https:\/\/www.minhtue.vn\/go-nhua-wpc\/#breadcrumb","itemListElement":[{"@type":"ListItem","position":1,"name":"Trang ch\u1ee7","item":"https:\/\/www.minhtue.vn\/"},{"@type":"ListItem","position":2,"name":"G\u1ed7 nh\u1ef1a WPC"}]},{"@type":"WebSite","@id":"https:\/\/www.minhtue.vn\/#website","url":"https:\/\/www.minhtue.vn\/","name":"MINH TUE TRADING INVESTMENT JOINT STOCK COMPANY","description":"Value In Your Hands!","publisher":{"@id":"https:\/\/www.minhtue.vn\/#organization"},"potentialAction":[{"@type":"SearchAction","target":{"@type":"EntryPoint","urlTemplate":"https:\/\/www.minhtue.vn\/?s={search_term_string}"},"query-input":{"@type":"PropertyValueSpecification","valueRequired":true,"valueName":"search_term_string"}}],"inLanguage":"en-US"},{"@type":"Organization","@id":"https:\/\/www.minhtue.vn\/#organization","name":"C\u00f4ng ty c\u1ed5 ph\u1ea7n \u0111\u1ea7u t\u01b0 th\u01b0\u01a1ng m\u1ea1i Minh Tu\u1ec7","url":"https:\/\/www.minhtue.vn\/","logo":{"@type":"ImageObject","inLanguage":"en-US","@id":"https:\/\/www.minhtue.vn\/#\/schema\/logo\/image\/","url":"https:\/\/www.minhtue.vn\/wp-content\/uploads\/2022\/10\/Value_Logo_Minhtue_1920B.gif","contentUrl":"https:\/\/www.minhtue.vn\/wp-content\/uploads\/2022\/10\/Value_Logo_Minhtue_1920B.gif","width":1920,"height":1920,"caption":"C\u00f4ng ty c\u1ed5 ph\u1ea7n \u0111\u1ea7u t\u01b0 th\u01b0\u01a1ng m\u1ea1i Minh Tu\u1ec7"},"image":{"@id":"https:\/\/www.minhtue.vn\/#\/schema\/logo\/image\/"},"sameAs":["https:\/\/facebook.com\/vannt16.vt","https:\/\/x.com\/vannt16vt"]}]}},"jetpack_sharing_enabled":true,"_links":{"self":[{"href":"https:\/\/www.minhtue.vn\/en\/wp-json\/wp\/v2\/pages\/899","targetHints":{"allow":["GET"]}}],"collection":[{"href":"https:\/\/www.minhtue.vn\/en\/wp-json\/wp\/v2\/pages"}],"about":[{"href":"https:\/\/www.minhtue.vn\/en\/wp-json\/wp\/v2\/types\/page"}],"author":[{"embeddable":true,"href":"https:\/\/www.minhtue.vn\/en\/wp-json\/wp\/v2\/users\/2"}],"replies":[{"embeddable":true,"href":"https:\/\/www.minhtue.vn\/en\/wp-json\/wp\/v2\/comments?post=899"}],"version-history":[{"count":0,"href":"https:\/\/www.minhtue.vn\/en\/wp-json\/wp\/v2\/pages\/899\/revisions"}],"wp:attachment":[{"href":"https:\/\/www.minhtue.vn\/en\/wp-json\/wp\/v2\/media?parent=899"}],"curies":[{"name":"wp","href":"https:\/\/api.w.org\/{rel}","templated":true}]}}