{"id":1104,"date":"2022-10-27T09:38:31","date_gmt":"2022-10-27T02:38:31","guid":{"rendered":"https:\/\/www.minhtue.vn\/?post_type=product&#038;p=1104"},"modified":"2025-01-18T13:48:09","modified_gmt":"2025-01-18T06:48:09","slug":"thach-den-kho","status":"publish","type":"product","link":"https:\/\/www.minhtue.vn\/en\/product\/thach-den-kho\/","title":{"rendered":"Dried black jelly"},"content":{"rendered":"<p><strong>Black heather, also known as dry starling dew!<\/strong><\/p>\n<p>Making black jelly made from pure leaves, no preservatives, no coloring, very hygienic. Surely many people are followers of this cool and elegant black jelly.<\/p>\n<p>Black jelly cooked from jelly leaves has a light aroma, once eaten, you will remember it forever. The color of jelly is not as black as cooked with ready-made flour. It has a brown flavor.<\/p>\n<p>In addition, black heather also has medicinal effects. Its leaves have a slightly sweet taste, cool properties, and have a cooling effect; Used as a medicine to treat colds caused by the sun, high blood pressure, muscle and joint pain, diabetes, acute hepatitis ...<\/p>\n<p>STANDARD STANDARD TEACHING PLANT - LANG SON!<\/p>\n<p>****************************************************<\/p>\n<p>Black Jelly Recipe *<\/p>\n<p>Ingredient:<\/p>\n<ul>\n<li>100g Black heather<\/li>\n<li>1.8 liters of Water<\/li>\n<li>100g sugar<\/li>\n<li>150g tapioca or tapioca flour<\/li>\n<\/ul>\n<p><img data-recalc-dims=\"1\" loading=\"lazy\" decoding=\"async\" class=\"alignnone size-medium wp-image-1102\" src=\"https:\/\/i0.wp.com\/www.minhtue.vn\/wp-content\/uploads\/2022\/10\/thach-den-02.webp?resize=300%2C200&#038;ssl=1\" alt=\"\" width=\"300\" height=\"200\" srcset=\"https:\/\/i0.wp.com\/www.minhtue.vn\/wp-content\/uploads\/2022\/10\/thach-den-02.webp?resize=300%2C200&amp;ssl=1 300w, https:\/\/i0.wp.com\/www.minhtue.vn\/wp-content\/uploads\/2022\/10\/thach-den-02.webp?resize=18%2C12&amp;ssl=1 18w, https:\/\/i0.wp.com\/www.minhtue.vn\/wp-content\/uploads\/2022\/10\/thach-den-02.webp?resize=510%2C340&amp;ssl=1 510w, https:\/\/i0.wp.com\/www.minhtue.vn\/wp-content\/uploads\/2022\/10\/thach-den-02.webp?w=512&amp;ssl=1 512w\" sizes=\"auto, (max-width: 300px) 100vw, 300px\" \/><\/p>\n<p>Making:<\/p>\n<ul>\n<li>Dry black heather washes away dirt and dust (soak for about 5 minutes) to make it easier to wash. Rinse several times with clean water. Then cut into small pieces, cut as small as possible because it will be soft.<\/li>\n<li>North the stove for 1.8 liters of water to boil for about 2 hours as long as possible (if the water is dry, continue to prepare). Because the jelly will soften and rub more easily.<\/li>\n<li>After cooking, wait for the mixture to cool down and filter it through a small-hole basket. Finally, we continue to add water to the jar for the jelly to get rid of the viscous and clear water.<\/li>\n<li>Filter again with cloth. Mix tapioca flour (or tapioca flour) into a small bowl, beat until dissolved, then pour into a pot of jelly water, add sugar to the mixture if you want to eat it sweet. Return to the stove and stir until the jelly pot forms a smooth mixture. Pour into a bowl to cool.<\/li>\n<\/ul>\n<p>** Origin: Trang Dinh - Lang Son - Vietnam<\/p>","protected":false},"excerpt":{"rendered":"<p>Making black jelly made from pure leaves, no preservatives, no coloring, very hygienic. Surely many people are followers of this cool and elegant black jelly.<\/p>\n<p>Black jelly cooked from jelly leaves has a light aroma, once eaten, you will remember it forever. The color of jelly is not as black as cooked with ready-made flour. It has a brown flavor.<\/p>\n<p>In addition, black heather also has medicinal effects. Its leaves have a slightly sweet taste, cool properties, and have a cooling effect; Used as a medicine to treat colds caused by the sun, high blood pressure, muscle and joint pain, diabetes, acute hepatitis ...<\/p>","protected":false},"featured_media":1100,"comment_status":"open","ping_status":"closed","template":"","meta":[],"product_brand":[],"product_cat":[92],"product_tag":[94,95,93,97,96],"class_list":{"0":"post-1104","1":"product","2":"type-product","3":"status-publish","4":"has-post-thumbnail","6":"product_cat-thach","7":"product_tag-cay-thach","8":"product_tag-nguyen-lieu-thach","9":"product_tag-thach-den","10":"product_tag-thach-kho","11":"product_tag-thach-lang-son","13":"first","14":"instock","15":"sale","16":"shipping-taxable","17":"purchasable","18":"product-type-simple"},"yoast_head":"<!-- This site is optimized with the Yoast SEO plugin v24.7 - https:\/\/yoast.com\/wordpress\/plugins\/seo\/ -->\n<title>Th\u1ea1ch \u0111en kh\u00f4 - MINH TUE TRADING INVESTMENT JOINT STOCK COMPANY<\/title>\n<meta name=\"robots\" content=\"index, follow, max-snippet:-1, max-image-preview:large, max-video-preview:-1\" \/>\n<link rel=\"canonical\" href=\"https:\/\/www.minhtue.vn\/en\/product\/thach-den-kho\/\" \/>\n<meta property=\"og:locale\" content=\"en_US\" \/>\n<meta property=\"og:type\" content=\"article\" \/>\n<meta property=\"og:title\" content=\"Th\u1ea1ch \u0111en kh\u00f4 - MINH TUE TRADING INVESTMENT JOINT STOCK COMPANY\" \/>\n<meta property=\"og:description\" content=\"L\u00e0m th\u1ea1ch \u0111en l\u00e0m t\u1eeb l\u00e1 c\u00e2y nguy\u00ean ch\u1ea5t, kh\u00f4ng c\u00f3 ch\u1ea5t b\u1ea3o qu\u1ea3n, kh\u00f4ng ph\u1ea9m m\u00e0u, r\u1ea5t v\u1ec7 sinh. Ch\u1eafc h\u1eb3n r\u1ea5t nhi\u1ec1u ng\u01b0\u1eddi l\u00e0 t\u00edn \u0111\u1ed3 c\u1ee7a m\u00f3n th\u1ea1ch \u0111en v\u1eeba m\u00e1t v\u1ecb l\u1ea1i thanh th\u1ebf n\u00e0y.  Th\u1ea1ch \u0111en n\u1ea5u t\u1eeb l\u00e1 th\u1ea1ch th\u00ec c\u00f3 m\u00f9i th\u01a1m nh\u1eb9, \u0103n 1 l\u1ea7n ch\u1eafc s\u1ebd nh\u1edb m\u00e3i. M\u00e0u th\u1ea1ch kh\u00f4ng \u0111\u01b0\u1ee3c \u0111en tuy\u1ec1n nh\u01b0 n\u1ea5u v\u1edbi b\u1ed9t pha s\u1eb5n. M\u00e0 c\u00f3 v\u1ecb n\u00e2u c\u00e1nh d\u00e1n.  Ngo\u00e0i ra, c\u00e2y th\u1ea1ch \u0111en c\u00f2n c\u00f3 t\u00e1c d\u1ee5ng l\u00e0m thu\u1ed1c. L\u00e1 c\u1ee7a n\u00f3 c\u00f3 v\u1ecb h\u01a1i ng\u1ecdt, t\u00ednh m\u00e1t, c\u00f3 t\u00e1c d\u1ee5ng thanh nhi\u1ec7t; \u0111\u01b0\u1ee3c d\u00f9ng l\u00e0m thu\u1ed1c ch\u1eefa c\u1ea3m m\u1ea1o do n\u1eafng, cao huy\u1ebft \u00e1p, \u0111au c\u01a1 v\u00e0 c\u00e1c kh\u1edbp x\u01b0\u01a1ng, \u0111\u00e1i \u0111\u01b0\u1eddng, vi\u00eam gan c\u1ea5p\u2026\" \/>\n<meta property=\"og:url\" content=\"https:\/\/www.minhtue.vn\/en\/product\/thach-den-kho\/\" \/>\n<meta property=\"og:site_name\" content=\"MINH TUE TRADING INVESTMENT JOINT STOCK COMPANY\" \/>\n<meta property=\"article:publisher\" content=\"https:\/\/facebook.com\/vannt16.vt\" \/>\n<meta property=\"article:modified_time\" content=\"2025-01-18T06:48:09+00:00\" \/>\n<meta property=\"og:image\" content=\"https:\/\/www.minhtue.vn\/wp-content\/uploads\/2022\/10\/thach-den-01.webp\" \/>\n\t<meta property=\"og:image:width\" content=\"512\" \/>\n\t<meta property=\"og:image:height\" content=\"305\" \/>\n\t<meta property=\"og:image:type\" content=\"image\/webp\" \/>\n<meta name=\"twitter:card\" content=\"summary_large_image\" \/>\n<meta name=\"twitter:site\" content=\"@vannt16vt\" \/>\n<meta name=\"twitter:label1\" content=\"Est. reading time\" \/>\n\t<meta name=\"twitter:data1\" content=\"3 minutes\" \/>\n<script type=\"application\/ld+json\" class=\"yoast-schema-graph\">{\"@context\":\"https:\/\/schema.org\",\"@graph\":[{\"@type\":\"WebPage\",\"@id\":\"https:\/\/www.minhtue.vn\/san-pham\/thach-den-kho\/\",\"url\":\"https:\/\/www.minhtue.vn\/san-pham\/thach-den-kho\/\",\"name\":\"Th\u1ea1ch \u0111en kh\u00f4 - MINH TUE TRADING INVESTMENT JOINT STOCK COMPANY\",\"isPartOf\":{\"@id\":\"https:\/\/www.minhtue.vn\/#website\"},\"primaryImageOfPage\":{\"@id\":\"https:\/\/www.minhtue.vn\/san-pham\/thach-den-kho\/#primaryimage\"},\"image\":{\"@id\":\"https:\/\/www.minhtue.vn\/san-pham\/thach-den-kho\/#primaryimage\"},\"thumbnailUrl\":\"https:\/\/i0.wp.com\/www.minhtue.vn\/wp-content\/uploads\/2022\/10\/thach-den-01.webp?fit=512%2C305&ssl=1\",\"datePublished\":\"2022-10-27T02:38:31+00:00\",\"dateModified\":\"2025-01-18T06:48:09+00:00\",\"breadcrumb\":{\"@id\":\"https:\/\/www.minhtue.vn\/san-pham\/thach-den-kho\/#breadcrumb\"},\"inLanguage\":\"en-US\",\"potentialAction\":[{\"@type\":\"ReadAction\",\"target\":[\"https:\/\/www.minhtue.vn\/san-pham\/thach-den-kho\/\"]}]},{\"@type\":\"ImageObject\",\"inLanguage\":\"en-US\",\"@id\":\"https:\/\/www.minhtue.vn\/san-pham\/thach-den-kho\/#primaryimage\",\"url\":\"https:\/\/i0.wp.com\/www.minhtue.vn\/wp-content\/uploads\/2022\/10\/thach-den-01.webp?fit=512%2C305&ssl=1\",\"contentUrl\":\"https:\/\/i0.wp.com\/www.minhtue.vn\/wp-content\/uploads\/2022\/10\/thach-den-01.webp?fit=512%2C305&ssl=1\",\"width\":512,\"height\":305},{\"@type\":\"BreadcrumbList\",\"@id\":\"https:\/\/www.minhtue.vn\/san-pham\/thach-den-kho\/#breadcrumb\",\"itemListElement\":[{\"@type\":\"ListItem\",\"position\":1,\"name\":\"Trang ch\u1ee7\",\"item\":\"https:\/\/www.minhtue.vn\/\"},{\"@type\":\"ListItem\",\"position\":2,\"name\":\"C\u1eeda h\u00e0ng\",\"item\":\"https:\/\/www.minhtue.vn\/cua-hang\/\"},{\"@type\":\"ListItem\",\"position\":3,\"name\":\"Th\u1ea1ch \u0111en kh\u00f4\"}]},{\"@type\":\"WebSite\",\"@id\":\"https:\/\/www.minhtue.vn\/#website\",\"url\":\"https:\/\/www.minhtue.vn\/\",\"name\":\"MINH TUE TRADING INVESTMENT JOINT STOCK COMPANY\",\"description\":\"Value In Your Hands!\",\"publisher\":{\"@id\":\"https:\/\/www.minhtue.vn\/#organization\"},\"potentialAction\":[{\"@type\":\"SearchAction\",\"target\":{\"@type\":\"EntryPoint\",\"urlTemplate\":\"https:\/\/www.minhtue.vn\/?s={search_term_string}\"},\"query-input\":{\"@type\":\"PropertyValueSpecification\",\"valueRequired\":true,\"valueName\":\"search_term_string\"}}],\"inLanguage\":\"en-US\"},{\"@type\":\"Organization\",\"@id\":\"https:\/\/www.minhtue.vn\/#organization\",\"name\":\"C\u00f4ng ty c\u1ed5 ph\u1ea7n \u0111\u1ea7u t\u01b0 th\u01b0\u01a1ng m\u1ea1i Minh Tu\u1ec7\",\"url\":\"https:\/\/www.minhtue.vn\/\",\"logo\":{\"@type\":\"ImageObject\",\"inLanguage\":\"en-US\",\"@id\":\"https:\/\/www.minhtue.vn\/#\/schema\/logo\/image\/\",\"url\":\"https:\/\/www.minhtue.vn\/wp-content\/uploads\/2022\/10\/Value_Logo_Minhtue_1920B.gif\",\"contentUrl\":\"https:\/\/www.minhtue.vn\/wp-content\/uploads\/2022\/10\/Value_Logo_Minhtue_1920B.gif\",\"width\":1920,\"height\":1920,\"caption\":\"C\u00f4ng ty c\u1ed5 ph\u1ea7n \u0111\u1ea7u t\u01b0 th\u01b0\u01a1ng m\u1ea1i Minh Tu\u1ec7\"},\"image\":{\"@id\":\"https:\/\/www.minhtue.vn\/#\/schema\/logo\/image\/\"},\"sameAs\":[\"https:\/\/facebook.com\/vannt16.vt\",\"https:\/\/x.com\/vannt16vt\"]}]}<\/script>\n<!-- \/ Yoast SEO plugin. -->","yoast_head_json":{"title":"Th\u1ea1ch \u0111en kh\u00f4 - MINH TUE TRADING INVESTMENT JOINT STOCK COMPANY","robots":{"index":"index","follow":"follow","max-snippet":"max-snippet:-1","max-image-preview":"max-image-preview:large","max-video-preview":"max-video-preview:-1"},"canonical":"https:\/\/www.minhtue.vn\/en\/product\/thach-den-kho\/","og_locale":"en_US","og_type":"article","og_title":"Th\u1ea1ch \u0111en kh\u00f4 - MINH TUE TRADING INVESTMENT JOINT STOCK COMPANY","og_description":"L\u00e0m th\u1ea1ch \u0111en l\u00e0m t\u1eeb l\u00e1 c\u00e2y nguy\u00ean ch\u1ea5t, kh\u00f4ng c\u00f3 ch\u1ea5t b\u1ea3o qu\u1ea3n, kh\u00f4ng ph\u1ea9m m\u00e0u, r\u1ea5t v\u1ec7 sinh. Ch\u1eafc h\u1eb3n r\u1ea5t nhi\u1ec1u ng\u01b0\u1eddi l\u00e0 t\u00edn \u0111\u1ed3 c\u1ee7a m\u00f3n th\u1ea1ch \u0111en v\u1eeba m\u00e1t v\u1ecb l\u1ea1i thanh th\u1ebf n\u00e0y.  Th\u1ea1ch \u0111en n\u1ea5u t\u1eeb l\u00e1 th\u1ea1ch th\u00ec c\u00f3 m\u00f9i th\u01a1m nh\u1eb9, \u0103n 1 l\u1ea7n ch\u1eafc s\u1ebd nh\u1edb m\u00e3i. M\u00e0u th\u1ea1ch kh\u00f4ng \u0111\u01b0\u1ee3c \u0111en tuy\u1ec1n nh\u01b0 n\u1ea5u v\u1edbi b\u1ed9t pha s\u1eb5n. M\u00e0 c\u00f3 v\u1ecb n\u00e2u c\u00e1nh d\u00e1n.  Ngo\u00e0i ra, c\u00e2y th\u1ea1ch \u0111en c\u00f2n c\u00f3 t\u00e1c d\u1ee5ng l\u00e0m thu\u1ed1c. L\u00e1 c\u1ee7a n\u00f3 c\u00f3 v\u1ecb h\u01a1i ng\u1ecdt, t\u00ednh m\u00e1t, c\u00f3 t\u00e1c d\u1ee5ng thanh nhi\u1ec7t; \u0111\u01b0\u1ee3c d\u00f9ng l\u00e0m thu\u1ed1c ch\u1eefa c\u1ea3m m\u1ea1o do n\u1eafng, cao huy\u1ebft \u00e1p, \u0111au c\u01a1 v\u00e0 c\u00e1c kh\u1edbp x\u01b0\u01a1ng, \u0111\u00e1i \u0111\u01b0\u1eddng, vi\u00eam gan c\u1ea5p\u2026","og_url":"https:\/\/www.minhtue.vn\/en\/product\/thach-den-kho\/","og_site_name":"MINH TUE TRADING INVESTMENT JOINT STOCK COMPANY","article_publisher":"https:\/\/facebook.com\/vannt16.vt","article_modified_time":"2025-01-18T06:48:09+00:00","og_image":[{"width":512,"height":305,"url":"https:\/\/www.minhtue.vn\/wp-content\/uploads\/2022\/10\/thach-den-01.webp","type":"image\/webp"}],"twitter_card":"summary_large_image","twitter_site":"@vannt16vt","twitter_misc":{"Est. reading time":"3 minutes"},"schema":{"@context":"https:\/\/schema.org","@graph":[{"@type":"WebPage","@id":"https:\/\/www.minhtue.vn\/san-pham\/thach-den-kho\/","url":"https:\/\/www.minhtue.vn\/san-pham\/thach-den-kho\/","name":"Th\u1ea1ch \u0111en kh\u00f4 - MINH TUE TRADING INVESTMENT JOINT STOCK COMPANY","isPartOf":{"@id":"https:\/\/www.minhtue.vn\/#website"},"primaryImageOfPage":{"@id":"https:\/\/www.minhtue.vn\/san-pham\/thach-den-kho\/#primaryimage"},"image":{"@id":"https:\/\/www.minhtue.vn\/san-pham\/thach-den-kho\/#primaryimage"},"thumbnailUrl":"https:\/\/i0.wp.com\/www.minhtue.vn\/wp-content\/uploads\/2022\/10\/thach-den-01.webp?fit=512%2C305&ssl=1","datePublished":"2022-10-27T02:38:31+00:00","dateModified":"2025-01-18T06:48:09+00:00","breadcrumb":{"@id":"https:\/\/www.minhtue.vn\/san-pham\/thach-den-kho\/#breadcrumb"},"inLanguage":"en-US","potentialAction":[{"@type":"ReadAction","target":["https:\/\/www.minhtue.vn\/san-pham\/thach-den-kho\/"]}]},{"@type":"ImageObject","inLanguage":"en-US","@id":"https:\/\/www.minhtue.vn\/san-pham\/thach-den-kho\/#primaryimage","url":"https:\/\/i0.wp.com\/www.minhtue.vn\/wp-content\/uploads\/2022\/10\/thach-den-01.webp?fit=512%2C305&ssl=1","contentUrl":"https:\/\/i0.wp.com\/www.minhtue.vn\/wp-content\/uploads\/2022\/10\/thach-den-01.webp?fit=512%2C305&ssl=1","width":512,"height":305},{"@type":"BreadcrumbList","@id":"https:\/\/www.minhtue.vn\/san-pham\/thach-den-kho\/#breadcrumb","itemListElement":[{"@type":"ListItem","position":1,"name":"Trang ch\u1ee7","item":"https:\/\/www.minhtue.vn\/"},{"@type":"ListItem","position":2,"name":"C\u1eeda h\u00e0ng","item":"https:\/\/www.minhtue.vn\/cua-hang\/"},{"@type":"ListItem","position":3,"name":"Th\u1ea1ch \u0111en kh\u00f4"}]},{"@type":"WebSite","@id":"https:\/\/www.minhtue.vn\/#website","url":"https:\/\/www.minhtue.vn\/","name":"MINH TUE TRADING INVESTMENT JOINT STOCK COMPANY","description":"Value In Your Hands!","publisher":{"@id":"https:\/\/www.minhtue.vn\/#organization"},"potentialAction":[{"@type":"SearchAction","target":{"@type":"EntryPoint","urlTemplate":"https:\/\/www.minhtue.vn\/?s={search_term_string}"},"query-input":{"@type":"PropertyValueSpecification","valueRequired":true,"valueName":"search_term_string"}}],"inLanguage":"en-US"},{"@type":"Organization","@id":"https:\/\/www.minhtue.vn\/#organization","name":"C\u00f4ng ty c\u1ed5 ph\u1ea7n \u0111\u1ea7u t\u01b0 th\u01b0\u01a1ng m\u1ea1i Minh Tu\u1ec7","url":"https:\/\/www.minhtue.vn\/","logo":{"@type":"ImageObject","inLanguage":"en-US","@id":"https:\/\/www.minhtue.vn\/#\/schema\/logo\/image\/","url":"https:\/\/www.minhtue.vn\/wp-content\/uploads\/2022\/10\/Value_Logo_Minhtue_1920B.gif","contentUrl":"https:\/\/www.minhtue.vn\/wp-content\/uploads\/2022\/10\/Value_Logo_Minhtue_1920B.gif","width":1920,"height":1920,"caption":"C\u00f4ng ty c\u1ed5 ph\u1ea7n \u0111\u1ea7u t\u01b0 th\u01b0\u01a1ng m\u1ea1i Minh Tu\u1ec7"},"image":{"@id":"https:\/\/www.minhtue.vn\/#\/schema\/logo\/image\/"},"sameAs":["https:\/\/facebook.com\/vannt16.vt","https:\/\/x.com\/vannt16vt"]}]}},"jetpack_sharing_enabled":true,"_links":{"self":[{"href":"https:\/\/www.minhtue.vn\/en\/wp-json\/wp\/v2\/product\/1104","targetHints":{"allow":["GET"]}}],"collection":[{"href":"https:\/\/www.minhtue.vn\/en\/wp-json\/wp\/v2\/product"}],"about":[{"href":"https:\/\/www.minhtue.vn\/en\/wp-json\/wp\/v2\/types\/product"}],"replies":[{"embeddable":true,"href":"https:\/\/www.minhtue.vn\/en\/wp-json\/wp\/v2\/comments?post=1104"}],"wp:featuredmedia":[{"embeddable":true,"href":"https:\/\/www.minhtue.vn\/en\/wp-json\/wp\/v2\/media\/1100"}],"wp:attachment":[{"href":"https:\/\/www.minhtue.vn\/en\/wp-json\/wp\/v2\/media?parent=1104"}],"wp:term":[{"taxonomy":"product_brand","embeddable":true,"href":"https:\/\/www.minhtue.vn\/en\/wp-json\/wp\/v2\/product_brand?post=1104"},{"taxonomy":"product_cat","embeddable":true,"href":"https:\/\/www.minhtue.vn\/en\/wp-json\/wp\/v2\/product_cat?post=1104"},{"taxonomy":"product_tag","embeddable":true,"href":"https:\/\/www.minhtue.vn\/en\/wp-json\/wp\/v2\/product_tag?post=1104"}],"curies":[{"name":"wp","href":"https:\/\/api.w.org\/{rel}","templated":true}]}}