{"id":1112,"date":"2022-10-27T10:00:31","date_gmt":"2022-10-27T03:00:31","guid":{"rendered":"https:\/\/www.minhtue.vn\/?post_type=product&#038;p=1112"},"modified":"2025-01-23T15:48:22","modified_gmt":"2025-01-23T08:48:22","slug":"thach-den-bot","status":"publish","type":"product","link":"https:\/\/www.minhtue.vn\/en\/product\/thach-den-bot\/","title":{"rendered":"Black jelly powder"},"content":{"rendered":"<p><strong>Black heather, also known as dry starling dew!<\/strong><\/p>\n<p>Fog flute jelly is a rustic dish, handcrafted by hand-made mistletoe from the hometown of Trang Dinh - Lang Son.<br \/>\nNow there is jelly powder ?% completely natural without preservatives, giving soft, chewy, fragrant, cool jelly, very suitable for cooling on hot days, suitable for all ages.<\/p>\n<p>*****************************<\/p>\n<p><img data-recalc-dims=\"1\" loading=\"lazy\" decoding=\"async\" class=\"alignnone size-full wp-image-1115\" src=\"https:\/\/i0.wp.com\/www.minhtue.vn\/wp-content\/uploads\/2022\/10\/caythanhtrangdinh.jpeg?resize=225%2C225&#038;ssl=1\" alt=\"\" width=\"225\" height=\"225\" srcset=\"https:\/\/i0.wp.com\/www.minhtue.vn\/wp-content\/uploads\/2022\/10\/caythanhtrangdinh.jpeg?w=225&amp;ssl=1 225w, https:\/\/i0.wp.com\/www.minhtue.vn\/wp-content\/uploads\/2022\/10\/caythanhtrangdinh.jpeg?resize=150%2C150&amp;ssl=1 150w, https:\/\/i0.wp.com\/www.minhtue.vn\/wp-content\/uploads\/2022\/10\/caythanhtrangdinh.jpeg?resize=12%2C12&amp;ssl=1 12w, https:\/\/i0.wp.com\/www.minhtue.vn\/wp-content\/uploads\/2022\/10\/caythanhtrangdinh.jpeg?resize=100%2C100&amp;ssl=1 100w\" sizes=\"auto, (max-width: 225px) 100vw, 225px\" \/><\/p>\n<p><strong>Usage:<\/strong><br \/>\n1. Raw materials:<\/p>\n<ul>\n<li>1 pack of 50g flute mist powder (half a pack)<\/li>\n<li>1\/2 can of coconut milk<\/li>\n<li>100g white sugar, water.<\/li>\n<\/ul>\n<p>2. How to do it:<\/p>\n<ul>\n<li>Preliminary processing of ingredients: Put 50g of flute powder and 100g of sugar (can be increased or decreased depending on the sweetness you want) into a saucepan, gently mix with a spoon to avoid the powder flying. Slowly add 1 liter of water to the pot and stir, gently until the powder dissolves. After the powder is dissolved, soak for about 10 minutes.<\/li>\n<li>Step 1: After the powder is completely dissolved, bring the stove to a boil, stirring while stirring until the powder thickens, continue to cook and stir for another 3-4 minutes. When cooking, need to stir with your hands to cook evenly<\/li>\n<li>Step 2: Pour into a mold or container, let it cool outside, then put it in the refrigerator to harden.<br \/>\nPlace the mixture in the refrigerator to chill<\/li>\n<li>Step 3: After the jelly has solidified, take the dew out of the box, cut it into small squares with a knife. Diced or diced as you like<\/li>\n<\/ul>\n<p><img data-recalc-dims=\"1\" loading=\"lazy\" decoding=\"async\" class=\"alignnone size-medium wp-image-1102\" src=\"https:\/\/i0.wp.com\/www.minhtue.vn\/wp-content\/uploads\/2022\/10\/thach-den-02.webp?resize=300%2C200&#038;ssl=1\" alt=\"\" width=\"300\" height=\"200\" srcset=\"https:\/\/i0.wp.com\/www.minhtue.vn\/wp-content\/uploads\/2022\/10\/thach-den-02.webp?resize=300%2C200&amp;ssl=1 300w, https:\/\/i0.wp.com\/www.minhtue.vn\/wp-content\/uploads\/2022\/10\/thach-den-02.webp?resize=18%2C12&amp;ssl=1 18w, https:\/\/i0.wp.com\/www.minhtue.vn\/wp-content\/uploads\/2022\/10\/thach-den-02.webp?resize=510%2C340&amp;ssl=1 510w, https:\/\/i0.wp.com\/www.minhtue.vn\/wp-content\/uploads\/2022\/10\/thach-den-02.webp?w=512&amp;ssl=1 512w\" sizes=\"auto, (max-width: 300px) 100vw, 300px\" \/><\/p>\n<p>3. Usage:<\/p>\n<ul>\n<li>Put the dew into a glass\/cup, add coconut milk to it, the pre-made coconut milk in the can is a bit pale, so if you want it to be sweeter, you can add a little sugar or some shaved ice.<\/li>\n<li>Put the dew into a cup\/glass, add fresh milk and you can use it right away, fragrant with milk, slightly fatty. Mist jelly can be combined with many different ingredients when eaten<\/li>\n<li>Use brown sugar mixed with lukewarm water, then add a few drops of grapefruit or jasmine perfume if you like, then add the jelly. You can replace it with a few fresh jasmine flowers or pandan leaves and don&#039;t forget to gently boil to make the sugar water more fragrant. Dew flute meets the requirements of having a smooth, soft texture, but delicious and crispy. Take the whole weight for me to wholesale super nice price<\/li>\n<\/ul>","protected":false},"excerpt":{"rendered":"<p>Black heather, also known as dry starling dew!<\/p>\n<p>Fog flute jelly is a rustic dish, handcrafted by hand-made mistletoe from the hometown of Trang Dinh - Lang Son.<br \/>\nNow there is jelly powder ?% completely natural without preservatives, giving soft, chewy, fragrant, cool jelly, very suitable for cooling on hot days, suitable for all ages.<\/p>","protected":false},"featured_media":1113,"comment_status":"open","ping_status":"closed","template":"","meta":[],"product_brand":[],"product_cat":[92],"product_tag":[99,121,101,98,100],"class_list":{"0":"post-1112","1":"product","2":"type-product","3":"status-publish","4":"has-post-thumbnail","6":"product_cat-thach","7":"product_tag-bot-thach","8":"product_tag-bot-thach-den","9":"product_tag-cay-thach-den","10":"product_tag-thach-den-bot","11":"product_tag-thach-xuat-khau","13":"first","14":"instock","15":"sale","16":"shipping-taxable","17":"purchasable","18":"product-type-simple"},"yoast_head":"<!-- This site is optimized with the Yoast SEO plugin v24.7 - https:\/\/yoast.com\/wordpress\/plugins\/seo\/ -->\n<title>Th\u1ea1ch \u0111en b\u1ed9t - MINH TUE TRADING INVESTMENT JOINT STOCK COMPANY<\/title>\n<meta name=\"robots\" content=\"index, follow, max-snippet:-1, max-image-preview:large, max-video-preview:-1\" \/>\n<link rel=\"canonical\" href=\"https:\/\/www.minhtue.vn\/en\/product\/thach-den-bot\/\" \/>\n<meta property=\"og:locale\" content=\"en_US\" \/>\n<meta property=\"og:type\" content=\"article\" \/>\n<meta property=\"og:title\" content=\"Th\u1ea1ch \u0111en b\u1ed9t - MINH TUE TRADING INVESTMENT JOINT STOCK COMPANY\" \/>\n<meta property=\"og:description\" content=\"C\u00e2y th\u1ea1ch \u0111en hay c\u00f2n g\u1ecdi c\u00e2y s\u01b0\u01a1ng s\u00e1o kh\u00f4!  Th\u1ea1ch s\u01b0\u01a1ng s\u00e1o m\u1ed9t m\u00f3n \u0103n d\u00e2n d\u00e3, \u0111\u01b0\u1ee3c n\u1ea5u th\u1ee7 c\u00f4ng b\u1eb1ng c\u00e2y s\u01b0\u01a1ng s\u00e1o l\u1ea5y t\u1eeb qu\u00ea h\u01b0\u01a1ng Tr\u00e0ng \u0110\u1ecbnh - L\u1ea1ng S\u01a1n. Gi\u1edd \u0111\u00e2y \u0111\u00e3 c\u00f3 b\u1ed9t th\u1ea1ch s\u01b0\u01a1ng s\u00e1o ?% ho\u00e0n to\u00e0n t\u1ef1 nhi\u00ean kh\u00f4ng ch\u1ea5t b\u1ea3o qu\u1ea3n ,cho ra mi\u1ebfng th\u1ea1ch m\u1ec1m, dai , th\u01a1m, m\u00e1t, r\u1ea5t th\u00edch h\u1ee3p gi\u1ea3i nhi\u1ec7t v\u00e0o nh\u1eefng ng\u00e0y n\u1eafng n\u00f3ng, ph\u00f9 h\u1ee3p v\u1edbi m\u1ecdi l\u1ee9a tu\u1ed5i.\" \/>\n<meta property=\"og:url\" content=\"https:\/\/www.minhtue.vn\/en\/product\/thach-den-bot\/\" \/>\n<meta property=\"og:site_name\" content=\"MINH TUE TRADING INVESTMENT JOINT STOCK COMPANY\" \/>\n<meta property=\"article:publisher\" content=\"https:\/\/facebook.com\/vannt16.vt\" \/>\n<meta property=\"article:modified_time\" content=\"2025-01-23T08:48:22+00:00\" \/>\n<meta property=\"og:image\" content=\"https:\/\/www.minhtue.vn\/wp-content\/uploads\/2022\/10\/botthach.jpeg\" \/>\n\t<meta property=\"og:image:width\" content=\"224\" \/>\n\t<meta property=\"og:image:height\" content=\"224\" \/>\n\t<meta property=\"og:image:type\" content=\"image\/jpeg\" \/>\n<meta name=\"twitter:card\" content=\"summary_large_image\" \/>\n<meta name=\"twitter:site\" content=\"@vannt16vt\" \/>\n<meta name=\"twitter:label1\" content=\"Est. reading time\" \/>\n\t<meta name=\"twitter:data1\" content=\"3 minutes\" \/>\n<script type=\"application\/ld+json\" class=\"yoast-schema-graph\">{\"@context\":\"https:\/\/schema.org\",\"@graph\":[{\"@type\":\"WebPage\",\"@id\":\"https:\/\/www.minhtue.vn\/san-pham\/thach-den-bot\/\",\"url\":\"https:\/\/www.minhtue.vn\/san-pham\/thach-den-bot\/\",\"name\":\"Th\u1ea1ch \u0111en b\u1ed9t - MINH TUE TRADING INVESTMENT JOINT STOCK COMPANY\",\"isPartOf\":{\"@id\":\"https:\/\/www.minhtue.vn\/#website\"},\"primaryImageOfPage\":{\"@id\":\"https:\/\/www.minhtue.vn\/san-pham\/thach-den-bot\/#primaryimage\"},\"image\":{\"@id\":\"https:\/\/www.minhtue.vn\/san-pham\/thach-den-bot\/#primaryimage\"},\"thumbnailUrl\":\"https:\/\/i0.wp.com\/www.minhtue.vn\/wp-content\/uploads\/2022\/10\/botthach.jpeg?fit=224%2C224&ssl=1\",\"datePublished\":\"2022-10-27T03:00:31+00:00\",\"dateModified\":\"2025-01-23T08:48:22+00:00\",\"breadcrumb\":{\"@id\":\"https:\/\/www.minhtue.vn\/san-pham\/thach-den-bot\/#breadcrumb\"},\"inLanguage\":\"en-US\",\"potentialAction\":[{\"@type\":\"ReadAction\",\"target\":[\"https:\/\/www.minhtue.vn\/san-pham\/thach-den-bot\/\"]}]},{\"@type\":\"ImageObject\",\"inLanguage\":\"en-US\",\"@id\":\"https:\/\/www.minhtue.vn\/san-pham\/thach-den-bot\/#primaryimage\",\"url\":\"https:\/\/i0.wp.com\/www.minhtue.vn\/wp-content\/uploads\/2022\/10\/botthach.jpeg?fit=224%2C224&ssl=1\",\"contentUrl\":\"https:\/\/i0.wp.com\/www.minhtue.vn\/wp-content\/uploads\/2022\/10\/botthach.jpeg?fit=224%2C224&ssl=1\",\"width\":224,\"height\":224},{\"@type\":\"BreadcrumbList\",\"@id\":\"https:\/\/www.minhtue.vn\/san-pham\/thach-den-bot\/#breadcrumb\",\"itemListElement\":[{\"@type\":\"ListItem\",\"position\":1,\"name\":\"Trang ch\u1ee7\",\"item\":\"https:\/\/www.minhtue.vn\/\"},{\"@type\":\"ListItem\",\"position\":2,\"name\":\"C\u1eeda h\u00e0ng\",\"item\":\"https:\/\/www.minhtue.vn\/cua-hang\/\"},{\"@type\":\"ListItem\",\"position\":3,\"name\":\"Th\u1ea1ch \u0111en b\u1ed9t\"}]},{\"@type\":\"WebSite\",\"@id\":\"https:\/\/www.minhtue.vn\/#website\",\"url\":\"https:\/\/www.minhtue.vn\/\",\"name\":\"MINH TUE TRADING INVESTMENT JOINT STOCK COMPANY\",\"description\":\"Value In Your Hands!\",\"publisher\":{\"@id\":\"https:\/\/www.minhtue.vn\/#organization\"},\"potentialAction\":[{\"@type\":\"SearchAction\",\"target\":{\"@type\":\"EntryPoint\",\"urlTemplate\":\"https:\/\/www.minhtue.vn\/?s={search_term_string}\"},\"query-input\":{\"@type\":\"PropertyValueSpecification\",\"valueRequired\":true,\"valueName\":\"search_term_string\"}}],\"inLanguage\":\"en-US\"},{\"@type\":\"Organization\",\"@id\":\"https:\/\/www.minhtue.vn\/#organization\",\"name\":\"C\u00f4ng ty c\u1ed5 ph\u1ea7n \u0111\u1ea7u t\u01b0 th\u01b0\u01a1ng m\u1ea1i Minh Tu\u1ec7\",\"url\":\"https:\/\/www.minhtue.vn\/\",\"logo\":{\"@type\":\"ImageObject\",\"inLanguage\":\"en-US\",\"@id\":\"https:\/\/www.minhtue.vn\/#\/schema\/logo\/image\/\",\"url\":\"https:\/\/www.minhtue.vn\/wp-content\/uploads\/2022\/10\/Value_Logo_Minhtue_1920B.gif\",\"contentUrl\":\"https:\/\/www.minhtue.vn\/wp-content\/uploads\/2022\/10\/Value_Logo_Minhtue_1920B.gif\",\"width\":1920,\"height\":1920,\"caption\":\"C\u00f4ng ty c\u1ed5 ph\u1ea7n \u0111\u1ea7u t\u01b0 th\u01b0\u01a1ng m\u1ea1i Minh Tu\u1ec7\"},\"image\":{\"@id\":\"https:\/\/www.minhtue.vn\/#\/schema\/logo\/image\/\"},\"sameAs\":[\"https:\/\/facebook.com\/vannt16.vt\",\"https:\/\/x.com\/vannt16vt\"]}]}<\/script>\n<!-- \/ Yoast SEO plugin. -->","yoast_head_json":{"title":"Th\u1ea1ch \u0111en b\u1ed9t - MINH TUE TRADING INVESTMENT JOINT STOCK COMPANY","robots":{"index":"index","follow":"follow","max-snippet":"max-snippet:-1","max-image-preview":"max-image-preview:large","max-video-preview":"max-video-preview:-1"},"canonical":"https:\/\/www.minhtue.vn\/en\/product\/thach-den-bot\/","og_locale":"en_US","og_type":"article","og_title":"Th\u1ea1ch \u0111en b\u1ed9t - MINH TUE TRADING INVESTMENT JOINT STOCK COMPANY","og_description":"C\u00e2y th\u1ea1ch \u0111en hay c\u00f2n g\u1ecdi c\u00e2y s\u01b0\u01a1ng s\u00e1o kh\u00f4!  Th\u1ea1ch s\u01b0\u01a1ng s\u00e1o m\u1ed9t m\u00f3n \u0103n d\u00e2n d\u00e3, \u0111\u01b0\u1ee3c n\u1ea5u th\u1ee7 c\u00f4ng b\u1eb1ng c\u00e2y s\u01b0\u01a1ng s\u00e1o l\u1ea5y t\u1eeb qu\u00ea h\u01b0\u01a1ng Tr\u00e0ng \u0110\u1ecbnh - L\u1ea1ng S\u01a1n. Gi\u1edd \u0111\u00e2y \u0111\u00e3 c\u00f3 b\u1ed9t th\u1ea1ch s\u01b0\u01a1ng s\u00e1o ?% ho\u00e0n to\u00e0n t\u1ef1 nhi\u00ean kh\u00f4ng ch\u1ea5t b\u1ea3o qu\u1ea3n ,cho ra mi\u1ebfng th\u1ea1ch m\u1ec1m, dai , th\u01a1m, m\u00e1t, r\u1ea5t th\u00edch h\u1ee3p gi\u1ea3i nhi\u1ec7t v\u00e0o nh\u1eefng ng\u00e0y n\u1eafng n\u00f3ng, ph\u00f9 h\u1ee3p v\u1edbi m\u1ecdi l\u1ee9a tu\u1ed5i.","og_url":"https:\/\/www.minhtue.vn\/en\/product\/thach-den-bot\/","og_site_name":"MINH TUE TRADING INVESTMENT JOINT STOCK COMPANY","article_publisher":"https:\/\/facebook.com\/vannt16.vt","article_modified_time":"2025-01-23T08:48:22+00:00","og_image":[{"width":224,"height":224,"url":"https:\/\/www.minhtue.vn\/wp-content\/uploads\/2022\/10\/botthach.jpeg","type":"image\/jpeg"}],"twitter_card":"summary_large_image","twitter_site":"@vannt16vt","twitter_misc":{"Est. reading time":"3 minutes"},"schema":{"@context":"https:\/\/schema.org","@graph":[{"@type":"WebPage","@id":"https:\/\/www.minhtue.vn\/san-pham\/thach-den-bot\/","url":"https:\/\/www.minhtue.vn\/san-pham\/thach-den-bot\/","name":"Th\u1ea1ch \u0111en b\u1ed9t - MINH TUE TRADING INVESTMENT JOINT STOCK COMPANY","isPartOf":{"@id":"https:\/\/www.minhtue.vn\/#website"},"primaryImageOfPage":{"@id":"https:\/\/www.minhtue.vn\/san-pham\/thach-den-bot\/#primaryimage"},"image":{"@id":"https:\/\/www.minhtue.vn\/san-pham\/thach-den-bot\/#primaryimage"},"thumbnailUrl":"https:\/\/i0.wp.com\/www.minhtue.vn\/wp-content\/uploads\/2022\/10\/botthach.jpeg?fit=224%2C224&ssl=1","datePublished":"2022-10-27T03:00:31+00:00","dateModified":"2025-01-23T08:48:22+00:00","breadcrumb":{"@id":"https:\/\/www.minhtue.vn\/san-pham\/thach-den-bot\/#breadcrumb"},"inLanguage":"en-US","potentialAction":[{"@type":"ReadAction","target":["https:\/\/www.minhtue.vn\/san-pham\/thach-den-bot\/"]}]},{"@type":"ImageObject","inLanguage":"en-US","@id":"https:\/\/www.minhtue.vn\/san-pham\/thach-den-bot\/#primaryimage","url":"https:\/\/i0.wp.com\/www.minhtue.vn\/wp-content\/uploads\/2022\/10\/botthach.jpeg?fit=224%2C224&ssl=1","contentUrl":"https:\/\/i0.wp.com\/www.minhtue.vn\/wp-content\/uploads\/2022\/10\/botthach.jpeg?fit=224%2C224&ssl=1","width":224,"height":224},{"@type":"BreadcrumbList","@id":"https:\/\/www.minhtue.vn\/san-pham\/thach-den-bot\/#breadcrumb","itemListElement":[{"@type":"ListItem","position":1,"name":"Trang ch\u1ee7","item":"https:\/\/www.minhtue.vn\/"},{"@type":"ListItem","position":2,"name":"C\u1eeda h\u00e0ng","item":"https:\/\/www.minhtue.vn\/cua-hang\/"},{"@type":"ListItem","position":3,"name":"Th\u1ea1ch \u0111en b\u1ed9t"}]},{"@type":"WebSite","@id":"https:\/\/www.minhtue.vn\/#website","url":"https:\/\/www.minhtue.vn\/","name":"MINH TUE TRADING INVESTMENT JOINT STOCK COMPANY","description":"Value In Your Hands!","publisher":{"@id":"https:\/\/www.minhtue.vn\/#organization"},"potentialAction":[{"@type":"SearchAction","target":{"@type":"EntryPoint","urlTemplate":"https:\/\/www.minhtue.vn\/?s={search_term_string}"},"query-input":{"@type":"PropertyValueSpecification","valueRequired":true,"valueName":"search_term_string"}}],"inLanguage":"en-US"},{"@type":"Organization","@id":"https:\/\/www.minhtue.vn\/#organization","name":"C\u00f4ng ty c\u1ed5 ph\u1ea7n \u0111\u1ea7u t\u01b0 th\u01b0\u01a1ng m\u1ea1i Minh Tu\u1ec7","url":"https:\/\/www.minhtue.vn\/","logo":{"@type":"ImageObject","inLanguage":"en-US","@id":"https:\/\/www.minhtue.vn\/#\/schema\/logo\/image\/","url":"https:\/\/www.minhtue.vn\/wp-content\/uploads\/2022\/10\/Value_Logo_Minhtue_1920B.gif","contentUrl":"https:\/\/www.minhtue.vn\/wp-content\/uploads\/2022\/10\/Value_Logo_Minhtue_1920B.gif","width":1920,"height":1920,"caption":"C\u00f4ng ty c\u1ed5 ph\u1ea7n \u0111\u1ea7u t\u01b0 th\u01b0\u01a1ng m\u1ea1i Minh Tu\u1ec7"},"image":{"@id":"https:\/\/www.minhtue.vn\/#\/schema\/logo\/image\/"},"sameAs":["https:\/\/facebook.com\/vannt16.vt","https:\/\/x.com\/vannt16vt"]}]}},"jetpack_sharing_enabled":true,"_links":{"self":[{"href":"https:\/\/www.minhtue.vn\/en\/wp-json\/wp\/v2\/product\/1112","targetHints":{"allow":["GET"]}}],"collection":[{"href":"https:\/\/www.minhtue.vn\/en\/wp-json\/wp\/v2\/product"}],"about":[{"href":"https:\/\/www.minhtue.vn\/en\/wp-json\/wp\/v2\/types\/product"}],"replies":[{"embeddable":true,"href":"https:\/\/www.minhtue.vn\/en\/wp-json\/wp\/v2\/comments?post=1112"}],"wp:featuredmedia":[{"embeddable":true,"href":"https:\/\/www.minhtue.vn\/en\/wp-json\/wp\/v2\/media\/1113"}],"wp:attachment":[{"href":"https:\/\/www.minhtue.vn\/en\/wp-json\/wp\/v2\/media?parent=1112"}],"wp:term":[{"taxonomy":"product_brand","embeddable":true,"href":"https:\/\/www.minhtue.vn\/en\/wp-json\/wp\/v2\/product_brand?post=1112"},{"taxonomy":"product_cat","embeddable":true,"href":"https:\/\/www.minhtue.vn\/en\/wp-json\/wp\/v2\/product_cat?post=1112"},{"taxonomy":"product_tag","embeddable":true,"href":"https:\/\/www.minhtue.vn\/en\/wp-json\/wp\/v2\/product_tag?post=1112"}],"curies":[{"name":"wp","href":"https:\/\/api.w.org\/{rel}","templated":true}]}}