{"id":1334,"date":"2023-07-06T18:03:13","date_gmt":"2023-07-06T11:03:13","guid":{"rendered":"https:\/\/www.minhtue.vn\/san-pham\/man-hinh-dien-thoai-huawei-nova-3e-zin\/"},"modified":"2025-01-16T06:50:17","modified_gmt":"2025-01-15T23:50:17","slug":"man-hinh-dien-thoai-huawei-nova-3e-zin","status":"publish","type":"product","link":"https:\/\/www.minhtue.vn\/en\/product\/man-hinh-dien-thoai-huawei-nova-3e-zin\/","title":{"rendered":"Huawei Nova 3E, ZIN . phone screen"},"content":{"rendered":"<p>Huawei Nova 3E full 10B phone screen, screen size: 5.84 inches ZIN.<\/p>\n<p>???? Full screen type including the touch screen inside and outside.<\/p>\n<p>???? Good Quality \u2013 Screens are thoroughly checked and screened before sending.<\/p>\n<p>???? Reasonable price - Cheapest shipping in the world.<\/p>\n<p>* Warranty: Test cover on picture, touch cover. Warranty exchange conditions: Do not peel off the screen protector, the screen does not enter the water, does not break, does not break, does not break, does not break or break the screen cable pin.<\/p>\n<p>The screen is warranted for 7 days from the date of receipt of the product<\/p>\n<p>PRODUCTS THAT LIKE YOUR CUSTOMERS PLEASE GIVE SHOP 5 STARS,<\/p>\n<p>TO SERVE YOU BETTER CUSTOMERS<\/p>\n<p>Thanks so much!<\/p>","protected":false},"excerpt":{"rendered":"<p>Huawei Nova 3E full 10B phone screen, screen size: 5.84 inches ZIN.<\/p>\n<p>???? Full screen type including the touch screen inside and outside.<\/p>\n<p>???? Good Quality \u2013 Screens are thoroughly checked and screened before sending.<\/p>\n<p>???? Reasonable price - Cheapest shipping in the world.<\/p>","protected":false},"featured_media":1333,"comment_status":"open","ping_status":"closed","template":"","meta":[],"product_brand":[],"product_cat":[137],"product_tag":[145,142,141],"class_list":{"0":"post-1334","1":"product","2":"type-product","3":"status-publish","4":"has-post-thumbnail","6":"product_cat-man-hinh","7":"product_tag-huawei-nova-3e","8":"product_tag-man-hinh-dien-thoai","9":"product_tag-man-hinh-huawei","11":"first","12":"instock","13":"sale","14":"shipping-taxable","15":"purchasable","16":"product-type-simple"},"yoast_head":"<!-- This site is optimized with the Yoast SEO plugin v24.7 - https:\/\/yoast.com\/wordpress\/plugins\/seo\/ -->\n<title>M\u00e0n h\u00ecnh \u0111i\u1ec7n tho\u1ea1i Huawei Nova 3E, ZIN - MINH TUE TRADING INVESTMENT JOINT STOCK COMPANY<\/title>\n<meta name=\"robots\" content=\"index, follow, max-snippet:-1, max-image-preview:large, max-video-preview:-1\" \/>\n<link rel=\"canonical\" href=\"https:\/\/www.minhtue.vn\/en\/product\/man-hinh-dien-thoai-huawei-nova-3e-zin\/\" \/>\n<meta property=\"og:locale\" content=\"en_US\" \/>\n<meta property=\"og:type\" content=\"article\" \/>\n<meta property=\"og:title\" content=\"M\u00e0n h\u00ecnh \u0111i\u1ec7n tho\u1ea1i Huawei Nova 3E, ZIN - MINH TUE TRADING INVESTMENT JOINT STOCK COMPANY\" \/>\n<meta property=\"og:description\" content=\"M\u00e0n h\u00ecnh \u0111i\u1ec7n tho\u1ea1i Huawei Nova 3E full 10B, k\u00edch th\u01b0\u1edbc m\u00e0n h\u00ecnh: 5,84 inches ZIN. ???? Lo\u1ea1i m\u00e0n h\u00ecnh full b\u1ed9 g\u1ed3m c\u1ea3 m\u00e0n h\u00ecnh trong li\u1ec1n c\u1ea3m \u1ee9ng b\u00ean ngo\u00e0i. ???? Ch\u1ea5t l\u01b0\u1ee3ng t\u1ed1t - M\u00e0n h\u00ecnh \u0111\u01b0\u1ee3c ki\u1ec3m tra, s\u00e0ng l\u1ecdc k\u0129 c\u00e0ng tr\u01b0\u1edbc khi g\u1eedi. ???? Gi\u00e1 th\u00e0nh h\u1ee3p l\u00ed - X\u1ea3 h\u00e0ng bao gi\u00e1 r\u1ebb nh\u1ea5t to\u00e0n c\u1ea7u.\" \/>\n<meta property=\"og:url\" content=\"https:\/\/www.minhtue.vn\/en\/product\/man-hinh-dien-thoai-huawei-nova-3e-zin\/\" \/>\n<meta property=\"og:site_name\" content=\"MINH TUE TRADING INVESTMENT JOINT STOCK COMPANY\" \/>\n<meta property=\"article:publisher\" content=\"https:\/\/facebook.com\/vannt16.vt\" \/>\n<meta property=\"article:modified_time\" content=\"2025-01-15T23:50:17+00:00\" \/>\n<meta name=\"twitter:card\" content=\"summary_large_image\" \/>\n<meta name=\"twitter:site\" content=\"@vannt16vt\" \/>\n<meta name=\"twitter:label1\" content=\"Est. reading time\" \/>\n\t<meta name=\"twitter:data1\" content=\"1 minute\" \/>\n<script type=\"application\/ld+json\" class=\"yoast-schema-graph\">{\"@context\":\"https:\/\/schema.org\",\"@graph\":[{\"@type\":\"WebPage\",\"@id\":\"https:\/\/www.minhtue.vn\/san-pham\/man-hinh-dien-thoai-huawei-nova-3e-zin\/\",\"url\":\"https:\/\/www.minhtue.vn\/san-pham\/man-hinh-dien-thoai-huawei-nova-3e-zin\/\",\"name\":\"M\u00e0n h\u00ecnh \u0111i\u1ec7n tho\u1ea1i Huawei Nova 3E, ZIN - MINH TUE TRADING INVESTMENT JOINT STOCK COMPANY\",\"isPartOf\":{\"@id\":\"https:\/\/www.minhtue.vn\/#website\"},\"primaryImageOfPage\":{\"@id\":\"https:\/\/www.minhtue.vn\/san-pham\/man-hinh-dien-thoai-huawei-nova-3e-zin\/#primaryimage\"},\"image\":{\"@id\":\"https:\/\/www.minhtue.vn\/san-pham\/man-hinh-dien-thoai-huawei-nova-3e-zin\/#primaryimage\"},\"thumbnailUrl\":\"https:\/\/i0.wp.com\/www.minhtue.vn\/wp-content\/uploads\/2023\/07\/img_4545.jpeg?fit=1024%2C1024&ssl=1\",\"datePublished\":\"2023-07-06T11:03:13+00:00\",\"dateModified\":\"2025-01-15T23:50:17+00:00\",\"breadcrumb\":{\"@id\":\"https:\/\/www.minhtue.vn\/san-pham\/man-hinh-dien-thoai-huawei-nova-3e-zin\/#breadcrumb\"},\"inLanguage\":\"en-US\",\"potentialAction\":[{\"@type\":\"ReadAction\",\"target\":[\"https:\/\/www.minhtue.vn\/san-pham\/man-hinh-dien-thoai-huawei-nova-3e-zin\/\"]}]},{\"@type\":\"ImageObject\",\"inLanguage\":\"en-US\",\"@id\":\"https:\/\/www.minhtue.vn\/san-pham\/man-hinh-dien-thoai-huawei-nova-3e-zin\/#primaryimage\",\"url\":\"https:\/\/i0.wp.com\/www.minhtue.vn\/wp-content\/uploads\/2023\/07\/img_4545.jpeg?fit=1024%2C1024&ssl=1\",\"contentUrl\":\"https:\/\/i0.wp.com\/www.minhtue.vn\/wp-content\/uploads\/2023\/07\/img_4545.jpeg?fit=1024%2C1024&ssl=1\",\"width\":1024,\"height\":1024},{\"@type\":\"BreadcrumbList\",\"@id\":\"https:\/\/www.minhtue.vn\/san-pham\/man-hinh-dien-thoai-huawei-nova-3e-zin\/#breadcrumb\",\"itemListElement\":[{\"@type\":\"ListItem\",\"position\":1,\"name\":\"Trang ch\u1ee7\",\"item\":\"https:\/\/www.minhtue.vn\/\"},{\"@type\":\"ListItem\",\"position\":2,\"name\":\"C\u1eeda h\u00e0ng\",\"item\":\"https:\/\/www.minhtue.vn\/cua-hang\/\"},{\"@type\":\"ListItem\",\"position\":3,\"name\":\"M\u00e0n h\u00ecnh \u0111i\u1ec7n tho\u1ea1i Huawei Nova 3E, ZIN\"}]},{\"@type\":\"WebSite\",\"@id\":\"https:\/\/www.minhtue.vn\/#website\",\"url\":\"https:\/\/www.minhtue.vn\/\",\"name\":\"MINH TUE TRADING INVESTMENT JOINT STOCK COMPANY\",\"description\":\"Value In Your Hands!\",\"publisher\":{\"@id\":\"https:\/\/www.minhtue.vn\/#organization\"},\"potentialAction\":[{\"@type\":\"SearchAction\",\"target\":{\"@type\":\"EntryPoint\",\"urlTemplate\":\"https:\/\/www.minhtue.vn\/?s={search_term_string}\"},\"query-input\":{\"@type\":\"PropertyValueSpecification\",\"valueRequired\":true,\"valueName\":\"search_term_string\"}}],\"inLanguage\":\"en-US\"},{\"@type\":\"Organization\",\"@id\":\"https:\/\/www.minhtue.vn\/#organization\",\"name\":\"C\u00f4ng ty c\u1ed5 ph\u1ea7n \u0111\u1ea7u t\u01b0 th\u01b0\u01a1ng m\u1ea1i Minh Tu\u1ec7\",\"url\":\"https:\/\/www.minhtue.vn\/\",\"logo\":{\"@type\":\"ImageObject\",\"inLanguage\":\"en-US\",\"@id\":\"https:\/\/www.minhtue.vn\/#\/schema\/logo\/image\/\",\"url\":\"https:\/\/www.minhtue.vn\/wp-content\/uploads\/2022\/10\/Value_Logo_Minhtue_1920B.gif\",\"contentUrl\":\"https:\/\/www.minhtue.vn\/wp-content\/uploads\/2022\/10\/Value_Logo_Minhtue_1920B.gif\",\"width\":1920,\"height\":1920,\"caption\":\"C\u00f4ng ty c\u1ed5 ph\u1ea7n \u0111\u1ea7u t\u01b0 th\u01b0\u01a1ng m\u1ea1i Minh Tu\u1ec7\"},\"image\":{\"@id\":\"https:\/\/www.minhtue.vn\/#\/schema\/logo\/image\/\"},\"sameAs\":[\"https:\/\/facebook.com\/vannt16.vt\",\"https:\/\/x.com\/vannt16vt\"]}]}<\/script>\n<!-- \/ Yoast SEO plugin. -->","yoast_head_json":{"title":"M\u00e0n h\u00ecnh \u0111i\u1ec7n tho\u1ea1i Huawei Nova 3E, ZIN - MINH TUE TRADING INVESTMENT JOINT STOCK COMPANY","robots":{"index":"index","follow":"follow","max-snippet":"max-snippet:-1","max-image-preview":"max-image-preview:large","max-video-preview":"max-video-preview:-1"},"canonical":"https:\/\/www.minhtue.vn\/en\/product\/man-hinh-dien-thoai-huawei-nova-3e-zin\/","og_locale":"en_US","og_type":"article","og_title":"M\u00e0n h\u00ecnh \u0111i\u1ec7n tho\u1ea1i Huawei Nova 3E, ZIN - MINH TUE TRADING INVESTMENT JOINT STOCK COMPANY","og_description":"M\u00e0n h\u00ecnh \u0111i\u1ec7n tho\u1ea1i Huawei Nova 3E full 10B, k\u00edch th\u01b0\u1edbc m\u00e0n h\u00ecnh: 5,84 inches ZIN. ???? Lo\u1ea1i m\u00e0n h\u00ecnh full b\u1ed9 g\u1ed3m c\u1ea3 m\u00e0n h\u00ecnh trong li\u1ec1n c\u1ea3m \u1ee9ng b\u00ean ngo\u00e0i. ???? Ch\u1ea5t l\u01b0\u1ee3ng t\u1ed1t - M\u00e0n h\u00ecnh \u0111\u01b0\u1ee3c ki\u1ec3m tra, s\u00e0ng l\u1ecdc k\u0129 c\u00e0ng tr\u01b0\u1edbc khi g\u1eedi. ???? Gi\u00e1 th\u00e0nh h\u1ee3p l\u00ed - X\u1ea3 h\u00e0ng bao gi\u00e1 r\u1ebb nh\u1ea5t to\u00e0n c\u1ea7u.","og_url":"https:\/\/www.minhtue.vn\/en\/product\/man-hinh-dien-thoai-huawei-nova-3e-zin\/","og_site_name":"MINH TUE TRADING INVESTMENT JOINT STOCK COMPANY","article_publisher":"https:\/\/facebook.com\/vannt16.vt","article_modified_time":"2025-01-15T23:50:17+00:00","twitter_card":"summary_large_image","twitter_site":"@vannt16vt","twitter_misc":{"Est. reading time":"1 minute"},"schema":{"@context":"https:\/\/schema.org","@graph":[{"@type":"WebPage","@id":"https:\/\/www.minhtue.vn\/san-pham\/man-hinh-dien-thoai-huawei-nova-3e-zin\/","url":"https:\/\/www.minhtue.vn\/san-pham\/man-hinh-dien-thoai-huawei-nova-3e-zin\/","name":"M\u00e0n h\u00ecnh \u0111i\u1ec7n tho\u1ea1i Huawei Nova 3E, ZIN - MINH TUE TRADING INVESTMENT JOINT STOCK COMPANY","isPartOf":{"@id":"https:\/\/www.minhtue.vn\/#website"},"primaryImageOfPage":{"@id":"https:\/\/www.minhtue.vn\/san-pham\/man-hinh-dien-thoai-huawei-nova-3e-zin\/#primaryimage"},"image":{"@id":"https:\/\/www.minhtue.vn\/san-pham\/man-hinh-dien-thoai-huawei-nova-3e-zin\/#primaryimage"},"thumbnailUrl":"https:\/\/i0.wp.com\/www.minhtue.vn\/wp-content\/uploads\/2023\/07\/img_4545.jpeg?fit=1024%2C1024&ssl=1","datePublished":"2023-07-06T11:03:13+00:00","dateModified":"2025-01-15T23:50:17+00:00","breadcrumb":{"@id":"https:\/\/www.minhtue.vn\/san-pham\/man-hinh-dien-thoai-huawei-nova-3e-zin\/#breadcrumb"},"inLanguage":"en-US","potentialAction":[{"@type":"ReadAction","target":["https:\/\/www.minhtue.vn\/san-pham\/man-hinh-dien-thoai-huawei-nova-3e-zin\/"]}]},{"@type":"ImageObject","inLanguage":"en-US","@id":"https:\/\/www.minhtue.vn\/san-pham\/man-hinh-dien-thoai-huawei-nova-3e-zin\/#primaryimage","url":"https:\/\/i0.wp.com\/www.minhtue.vn\/wp-content\/uploads\/2023\/07\/img_4545.jpeg?fit=1024%2C1024&ssl=1","contentUrl":"https:\/\/i0.wp.com\/www.minhtue.vn\/wp-content\/uploads\/2023\/07\/img_4545.jpeg?fit=1024%2C1024&ssl=1","width":1024,"height":1024},{"@type":"BreadcrumbList","@id":"https:\/\/www.minhtue.vn\/san-pham\/man-hinh-dien-thoai-huawei-nova-3e-zin\/#breadcrumb","itemListElement":[{"@type":"ListItem","position":1,"name":"Trang ch\u1ee7","item":"https:\/\/www.minhtue.vn\/"},{"@type":"ListItem","position":2,"name":"C\u1eeda h\u00e0ng","item":"https:\/\/www.minhtue.vn\/cua-hang\/"},{"@type":"ListItem","position":3,"name":"M\u00e0n h\u00ecnh \u0111i\u1ec7n tho\u1ea1i Huawei Nova 3E, ZIN"}]},{"@type":"WebSite","@id":"https:\/\/www.minhtue.vn\/#website","url":"https:\/\/www.minhtue.vn\/","name":"MINH TUE TRADING INVESTMENT JOINT STOCK COMPANY","description":"Value In Your Hands!","publisher":{"@id":"https:\/\/www.minhtue.vn\/#organization"},"potentialAction":[{"@type":"SearchAction","target":{"@type":"EntryPoint","urlTemplate":"https:\/\/www.minhtue.vn\/?s={search_term_string}"},"query-input":{"@type":"PropertyValueSpecification","valueRequired":true,"valueName":"search_term_string"}}],"inLanguage":"en-US"},{"@type":"Organization","@id":"https:\/\/www.minhtue.vn\/#organization","name":"C\u00f4ng ty c\u1ed5 ph\u1ea7n \u0111\u1ea7u t\u01b0 th\u01b0\u01a1ng m\u1ea1i Minh Tu\u1ec7","url":"https:\/\/www.minhtue.vn\/","logo":{"@type":"ImageObject","inLanguage":"en-US","@id":"https:\/\/www.minhtue.vn\/#\/schema\/logo\/image\/","url":"https:\/\/www.minhtue.vn\/wp-content\/uploads\/2022\/10\/Value_Logo_Minhtue_1920B.gif","contentUrl":"https:\/\/www.minhtue.vn\/wp-content\/uploads\/2022\/10\/Value_Logo_Minhtue_1920B.gif","width":1920,"height":1920,"caption":"C\u00f4ng ty c\u1ed5 ph\u1ea7n \u0111\u1ea7u t\u01b0 th\u01b0\u01a1ng m\u1ea1i Minh Tu\u1ec7"},"image":{"@id":"https:\/\/www.minhtue.vn\/#\/schema\/logo\/image\/"},"sameAs":["https:\/\/facebook.com\/vannt16.vt","https:\/\/x.com\/vannt16vt"]}]}},"jetpack_sharing_enabled":true,"_links":{"self":[{"href":"https:\/\/www.minhtue.vn\/en\/wp-json\/wp\/v2\/product\/1334","targetHints":{"allow":["GET"]}}],"collection":[{"href":"https:\/\/www.minhtue.vn\/en\/wp-json\/wp\/v2\/product"}],"about":[{"href":"https:\/\/www.minhtue.vn\/en\/wp-json\/wp\/v2\/types\/product"}],"replies":[{"embeddable":true,"href":"https:\/\/www.minhtue.vn\/en\/wp-json\/wp\/v2\/comments?post=1334"}],"wp:featuredmedia":[{"embeddable":true,"href":"https:\/\/www.minhtue.vn\/en\/wp-json\/wp\/v2\/media\/1333"}],"wp:attachment":[{"href":"https:\/\/www.minhtue.vn\/en\/wp-json\/wp\/v2\/media?parent=1334"}],"wp:term":[{"taxonomy":"product_brand","embeddable":true,"href":"https:\/\/www.minhtue.vn\/en\/wp-json\/wp\/v2\/product_brand?post=1334"},{"taxonomy":"product_cat","embeddable":true,"href":"https:\/\/www.minhtue.vn\/en\/wp-json\/wp\/v2\/product_cat?post=1334"},{"taxonomy":"product_tag","embeddable":true,"href":"https:\/\/www.minhtue.vn\/en\/wp-json\/wp\/v2\/product_tag?post=1334"}],"curies":[{"name":"wp","href":"https:\/\/api.w.org\/{rel}","templated":true}]}}