{"id":1444,"date":"2023-07-26T12:01:24","date_gmt":"2023-07-26T05:01:24","guid":{"rendered":"https:\/\/www.minhtue.vn\/?post_type=product&#038;p=1444"},"modified":"2025-01-17T15:02:35","modified_gmt":"2025-01-17T08:02:35","slug":"phan-mem-can-dien-tu-o-to","status":"publish","type":"product","link":"https:\/\/www.minhtue.vn\/en\/product\/phan-mem-can-dien-tu-o-to\/","title":{"rendered":"Automotive Electronic Weighing Software"},"content":{"rendered":"<h3><strong><span style=\"vertical-align: inherit;\"><span style=\"vertical-align: inherit;\">Automotive electronic scale application software.<\/span><\/span><\/strong><\/h3>\n<p>The weight of your vehicle can be determined in seconds through this application. In addition, the application provides detailed information about customers\/suppliers; goods as well as weighing slips for each unit, making it easy to use and manage the electronic weighing system as well as the factory or factory where the weighing station is installed.<\/p>\n<p>&nbsp;<\/p>\n<p><img data-recalc-dims=\"1\" loading=\"lazy\" decoding=\"async\" class=\"alignnone size-medium wp-image-1448\" src=\"https:\/\/i0.wp.com\/www.minhtue.vn\/wp-content\/uploads\/2023\/07\/363491713_3444213652505706_1594469507662211016_n.png?resize=300%2C169&#038;ssl=1\" alt=\"\" width=\"300\" height=\"169\" srcset=\"https:\/\/i0.wp.com\/www.minhtue.vn\/wp-content\/uploads\/2023\/07\/363491713_3444213652505706_1594469507662211016_n.png?resize=300%2C169&amp;ssl=1 300w, https:\/\/i0.wp.com\/www.minhtue.vn\/wp-content\/uploads\/2023\/07\/363491713_3444213652505706_1594469507662211016_n.png?resize=18%2C10&amp;ssl=1 18w, https:\/\/i0.wp.com\/www.minhtue.vn\/wp-content\/uploads\/2023\/07\/363491713_3444213652505706_1594469507662211016_n.png?resize=510%2C287&amp;ssl=1 510w, https:\/\/i0.wp.com\/www.minhtue.vn\/wp-content\/uploads\/2023\/07\/363491713_3444213652505706_1594469507662211016_n.png?w=716&amp;ssl=1 716w\" sizes=\"auto, (max-width: 300px) 100vw, 300px\" \/><\/p>\n<p>Application software Electronic car scales are an extremely important tool for owners of factories, factories, and export processing zones. With the ability to accurately measure and provide detailed information, you will easily manage and operate your system intelligently and flexibly. This saves you time and money by avoiding unnecessary problems and unnecessary risks.<\/p>\n<ul>\n<li>Decentralize user users according to many levels flexibly.<\/li>\n<li>Goods information is optimized, easy to adjust and use<\/li>\n<li>Customers\/Suppliers are given special attention to using AI artificial intelligence in recognizing and storing license plates.<\/li>\n<li>Operation function is simplified by the input\/output process flow that can be used with most management models \u2013 Warnings and instructions help users operate the weighing system efficiently.<\/li>\n<li>The intuitive balance sheet management function is easy to manipulate and print, as well as synchronize data to the online management system for businesses managing many different locations.<\/li>\n<li>The online management module helps managers easily monitor, track and extract data for statistics, reporting and updating to accounting software.<\/li>\n<\/ul>\n<p><img data-recalc-dims=\"1\" loading=\"lazy\" decoding=\"async\" class=\"size-medium wp-image-1426\" src=\"https:\/\/i0.wp.com\/www.minhtue.vn\/wp-content\/uploads\/2023\/07\/d5ffbad5ec21e3f7e2260036069598eb.jpeg?resize=300%2C200&#038;ssl=1\" alt=\"th\u1ea1ch \u0111en tr\u00e0ng \u0111\u1ecbnh\" width=\"300\" height=\"200\" srcset=\"https:\/\/i0.wp.com\/www.minhtue.vn\/wp-content\/uploads\/2023\/07\/d5ffbad5ec21e3f7e2260036069598eb.jpeg?resize=300%2C200&amp;ssl=1 300w, https:\/\/i0.wp.com\/www.minhtue.vn\/wp-content\/uploads\/2023\/07\/d5ffbad5ec21e3f7e2260036069598eb.jpeg?resize=18%2C12&amp;ssl=1 18w, https:\/\/i0.wp.com\/www.minhtue.vn\/wp-content\/uploads\/2023\/07\/d5ffbad5ec21e3f7e2260036069598eb.jpeg?resize=510%2C340&amp;ssl=1 510w, https:\/\/i0.wp.com\/www.minhtue.vn\/wp-content\/uploads\/2023\/07\/d5ffbad5ec21e3f7e2260036069598eb.jpeg?w=640&amp;ssl=1 640w\" sizes=\"auto, (max-width: 300px) 100vw, 300px\" \/><\/p>\n<p>The Automotive Scales application software is the perfect tool for any user. With an easy-to-use interface and precise measurements and smart handling, you will be able to make informed decisions about the best management option. Get the Automotive Scales App today and take your unit performance to the next level!<\/p>\n<p><iframe loading=\"lazy\" title=\"Instructions for using the function of operating the electronic car weighing system.\" width=\"1020\" height=\"574\" src=\"https:\/\/www.youtube.com\/embed\/Yl7qDf3WI5s?feature=oembed\" frameborder=\"0\" allow=\"accelerometer; autoplay; clipboard-write; encrypted-media; gyroscope; picture-in-picture; web-share\" allowfullscreen><\/iframe><\/p>\n<p><em><strong>Video tutorial for using the car electronic weighing system.<\/strong><\/em><\/p>","protected":false},"excerpt":{"rendered":"<div class=\"QcsUad BDJ8fb BLojaf sMVRZe wneUed\">\n<div class=\"usGWQd\" aria-live=\"polite\">\n<div class=\"KkbLmb\">\n<div class=\"lRu31\">Electronic Car Scale is an innovative application software that provides users with a comprehensive and accurate weighing system for their vehicles and goods. It has a user-friendly interface that allows users to quickly and easily measure the weight of their vehicle. In addition, it offers many customization options, allowing users to tailor the system to their specific needs. Car scales are also equipped with advanced safety features, ensuring that users can safely and accurately weigh their vehicles. With comprehensive features, user-friendly interface and advanced safety functions, Automotive Scales are the perfect solution for anyone looking for an accurate and reliable weighing system for their vehicle. its own convenience.<\/div>\n<\/div>\n<\/div>\n<\/div>","protected":false},"featured_media":1448,"comment_status":"open","ping_status":"closed","template":"","meta":[],"product_brand":[],"product_cat":[168,169],"product_tag":[171,172,173,174],"class_list":{"0":"post-1444","1":"product","2":"type-product","3":"status-publish","4":"has-post-thumbnail","6":"product_cat-phan-mem","7":"product_cat-iot-may-tinh","8":"product_tag-can-oto","9":"product_tag-phan-mem-can-o-to","10":"product_tag-phan-mem-iot","11":"product_tag-ung-dung-can-o-to","12":"product_shipping_class-cif","14":"first","15":"instock","16":"sale","17":"downloadable","18":"virtual","19":"purchasable","20":"product-type-simple"},"yoast_head":"<!-- This site is optimized with the Yoast SEO plugin v24.7 - https:\/\/yoast.com\/wordpress\/plugins\/seo\/ -->\n<title>Ph\u1ea7n m\u1ec1m C\u00e2n \u0111i\u1ec7n t\u1eed \u00d4 t\u00f4 - MINH TUE TRADING INVESTMENT JOINT STOCK COMPANY<\/title>\n<meta name=\"robots\" content=\"index, follow, max-snippet:-1, max-image-preview:large, max-video-preview:-1\" \/>\n<link rel=\"canonical\" href=\"https:\/\/www.minhtue.vn\/en\/product\/phan-mem-can-dien-tu-o-to\/\" \/>\n<meta property=\"og:locale\" content=\"en_US\" \/>\n<meta property=\"og:type\" content=\"article\" \/>\n<meta property=\"og:title\" content=\"Ph\u1ea7n m\u1ec1m C\u00e2n \u0111i\u1ec7n t\u1eed \u00d4 t\u00f4 - MINH TUE TRADING INVESTMENT JOINT STOCK COMPANY\" \/>\n<meta property=\"og:description\" content=\"C\u00e2n \u00d4 t\u00f4 \u0111i\u1ec7n t\u1eed l\u00e0 m\u1ed9t ph\u1ea7n m\u1ec1m \u1ee9ng d\u1ee5ng s\u00e1ng t\u1ea1o cung c\u1ea5p cho ng\u01b0\u1eddi d\u00f9ng m\u1ed9t h\u1ec7 th\u1ed1ng c\u00e2n to\u00e0n di\u1ec7n v\u00e0 ch\u00ednh x\u00e1c cho ph\u01b0\u01a1ng ti\u1ec7n, h\u00e0ng h\u00f3a c\u1ee7a h\u1ecd. N\u00f3 c\u00f3 giao di\u1ec7n th\u00e2n thi\u1ec7n v\u1edbi ng\u01b0\u1eddi d\u00f9ng, cho ph\u00e9p ng\u01b0\u1eddi d\u00f9ng \u0111o tr\u1ecdng l\u01b0\u1ee3ng xe c\u1ee7a h\u1ecd m\u1ed9t c\u00e1ch nhanh ch\u00f3ng v\u00e0 d\u1ec5 d\u00e0ng. Ngo\u00e0i ra, n\u00f3 cung c\u1ea5p nhi\u1ec1u t\u00f9y ch\u1ecdn t\u00f9y ch\u1ec9nh, cho ph\u00e9p ng\u01b0\u1eddi d\u00f9ng \u0111i\u1ec1u ch\u1ec9nh h\u1ec7 th\u1ed1ng theo nhu c\u1ea7u c\u1ee5 th\u1ec3 c\u1ee7a h\u1ecd. C\u00e2n \u00d4 t\u00f4 c\u00f2n \u0111\u01b0\u1ee3c trang b\u1ecb c\u00e1c t\u00ednh n\u0103ng an to\u00e0n ti\u00ean ti\u1ebfn, \u0111\u1ea3m b\u1ea3o ng\u01b0\u1eddi d\u00f9ng c\u00f3 th\u1ec3 c\u00e2n xe an to\u00e0n v\u00e0 ch\u00ednh x\u00e1c. V\u1edbi c\u00e1c t\u00ednh n\u0103ng to\u00e0n di\u1ec7n, giao di\u1ec7n th\u00e2n thi\u1ec7n v\u1edbi ng\u01b0\u1eddi d\u00f9ng v\u00e0 c\u00e1c ch\u1ee9c n\u0103ng an to\u00e0n ti\u00ean ti\u1ebfn, C\u00e2n \u00d4 t\u00f4 l\u00e0 gi\u1ea3i ph\u00e1p ho\u00e0n h\u1ea3o cho b\u1ea5t k\u1ef3 ai \u0111ang t\u00ecm ki\u1ebfm m\u1ed9t h\u1ec7 th\u1ed1ng c\u00e2n ch\u00ednh x\u00e1c v\u00e0 \u0111\u00e1ng tin c\u1eady cho ph\u01b0\u01a1ng ti\u1ec7n c\u1ee7a m\u00ecnh.\" \/>\n<meta property=\"og:url\" content=\"https:\/\/www.minhtue.vn\/en\/product\/phan-mem-can-dien-tu-o-to\/\" \/>\n<meta property=\"og:site_name\" content=\"MINH TUE TRADING INVESTMENT JOINT STOCK COMPANY\" \/>\n<meta property=\"article:publisher\" content=\"https:\/\/facebook.com\/vannt16.vt\" \/>\n<meta property=\"article:modified_time\" content=\"2025-01-17T08:02:35+00:00\" \/>\n<meta property=\"og:image\" content=\"https:\/\/www.minhtue.vn\/wp-content\/uploads\/2023\/07\/363491713_3444213652505706_1594469507662211016_n.png\" \/>\n\t<meta property=\"og:image:width\" content=\"716\" \/>\n\t<meta property=\"og:image:height\" content=\"403\" \/>\n\t<meta property=\"og:image:type\" content=\"image\/png\" \/>\n<meta name=\"twitter:card\" content=\"summary_large_image\" \/>\n<meta name=\"twitter:site\" content=\"@vannt16vt\" \/>\n<meta name=\"twitter:label1\" content=\"Est. reading time\" \/>\n\t<meta name=\"twitter:data1\" content=\"3 minutes\" \/>\n<script type=\"application\/ld+json\" class=\"yoast-schema-graph\">{\"@context\":\"https:\/\/schema.org\",\"@graph\":[{\"@type\":\"WebPage\",\"@id\":\"https:\/\/www.minhtue.vn\/san-pham\/phan-mem-can-dien-tu-o-to\/\",\"url\":\"https:\/\/www.minhtue.vn\/san-pham\/phan-mem-can-dien-tu-o-to\/\",\"name\":\"Ph\u1ea7n m\u1ec1m C\u00e2n \u0111i\u1ec7n t\u1eed \u00d4 t\u00f4 - MINH TUE TRADING INVESTMENT JOINT STOCK COMPANY\",\"isPartOf\":{\"@id\":\"https:\/\/www.minhtue.vn\/#website\"},\"primaryImageOfPage\":{\"@id\":\"https:\/\/www.minhtue.vn\/san-pham\/phan-mem-can-dien-tu-o-to\/#primaryimage\"},\"image\":{\"@id\":\"https:\/\/www.minhtue.vn\/san-pham\/phan-mem-can-dien-tu-o-to\/#primaryimage\"},\"thumbnailUrl\":\"https:\/\/i0.wp.com\/www.minhtue.vn\/wp-content\/uploads\/2023\/07\/363491713_3444213652505706_1594469507662211016_n.png?fit=716%2C403&ssl=1\",\"datePublished\":\"2023-07-26T05:01:24+00:00\",\"dateModified\":\"2025-01-17T08:02:35+00:00\",\"breadcrumb\":{\"@id\":\"https:\/\/www.minhtue.vn\/san-pham\/phan-mem-can-dien-tu-o-to\/#breadcrumb\"},\"inLanguage\":\"en-US\",\"potentialAction\":[{\"@type\":\"ReadAction\",\"target\":[\"https:\/\/www.minhtue.vn\/san-pham\/phan-mem-can-dien-tu-o-to\/\"]}]},{\"@type\":\"ImageObject\",\"inLanguage\":\"en-US\",\"@id\":\"https:\/\/www.minhtue.vn\/san-pham\/phan-mem-can-dien-tu-o-to\/#primaryimage\",\"url\":\"https:\/\/i0.wp.com\/www.minhtue.vn\/wp-content\/uploads\/2023\/07\/363491713_3444213652505706_1594469507662211016_n.png?fit=716%2C403&ssl=1\",\"contentUrl\":\"https:\/\/i0.wp.com\/www.minhtue.vn\/wp-content\/uploads\/2023\/07\/363491713_3444213652505706_1594469507662211016_n.png?fit=716%2C403&ssl=1\",\"width\":716,\"height\":403},{\"@type\":\"BreadcrumbList\",\"@id\":\"https:\/\/www.minhtue.vn\/san-pham\/phan-mem-can-dien-tu-o-to\/#breadcrumb\",\"itemListElement\":[{\"@type\":\"ListItem\",\"position\":1,\"name\":\"Trang ch\u1ee7\",\"item\":\"https:\/\/www.minhtue.vn\/\"},{\"@type\":\"ListItem\",\"position\":2,\"name\":\"C\u1eeda h\u00e0ng\",\"item\":\"https:\/\/www.minhtue.vn\/cua-hang\/\"},{\"@type\":\"ListItem\",\"position\":3,\"name\":\"Ph\u1ea7n m\u1ec1m C\u00e2n \u0111i\u1ec7n t\u1eed \u00d4 t\u00f4\"}]},{\"@type\":\"WebSite\",\"@id\":\"https:\/\/www.minhtue.vn\/#website\",\"url\":\"https:\/\/www.minhtue.vn\/\",\"name\":\"MINH TUE TRADING INVESTMENT JOINT STOCK COMPANY\",\"description\":\"Value In Your Hands!\",\"publisher\":{\"@id\":\"https:\/\/www.minhtue.vn\/#organization\"},\"potentialAction\":[{\"@type\":\"SearchAction\",\"target\":{\"@type\":\"EntryPoint\",\"urlTemplate\":\"https:\/\/www.minhtue.vn\/?s={search_term_string}\"},\"query-input\":{\"@type\":\"PropertyValueSpecification\",\"valueRequired\":true,\"valueName\":\"search_term_string\"}}],\"inLanguage\":\"en-US\"},{\"@type\":\"Organization\",\"@id\":\"https:\/\/www.minhtue.vn\/#organization\",\"name\":\"C\u00f4ng ty c\u1ed5 ph\u1ea7n \u0111\u1ea7u t\u01b0 th\u01b0\u01a1ng m\u1ea1i Minh Tu\u1ec7\",\"url\":\"https:\/\/www.minhtue.vn\/\",\"logo\":{\"@type\":\"ImageObject\",\"inLanguage\":\"en-US\",\"@id\":\"https:\/\/www.minhtue.vn\/#\/schema\/logo\/image\/\",\"url\":\"https:\/\/www.minhtue.vn\/wp-content\/uploads\/2022\/10\/Value_Logo_Minhtue_1920B.gif\",\"contentUrl\":\"https:\/\/www.minhtue.vn\/wp-content\/uploads\/2022\/10\/Value_Logo_Minhtue_1920B.gif\",\"width\":1920,\"height\":1920,\"caption\":\"C\u00f4ng ty c\u1ed5 ph\u1ea7n \u0111\u1ea7u t\u01b0 th\u01b0\u01a1ng m\u1ea1i Minh Tu\u1ec7\"},\"image\":{\"@id\":\"https:\/\/www.minhtue.vn\/#\/schema\/logo\/image\/\"},\"sameAs\":[\"https:\/\/facebook.com\/vannt16.vt\",\"https:\/\/x.com\/vannt16vt\"]}]}<\/script>\n<!-- \/ Yoast SEO plugin. -->","yoast_head_json":{"title":"Ph\u1ea7n m\u1ec1m C\u00e2n \u0111i\u1ec7n t\u1eed \u00d4 t\u00f4 - MINH TUE TRADING INVESTMENT JOINT STOCK COMPANY","robots":{"index":"index","follow":"follow","max-snippet":"max-snippet:-1","max-image-preview":"max-image-preview:large","max-video-preview":"max-video-preview:-1"},"canonical":"https:\/\/www.minhtue.vn\/en\/product\/phan-mem-can-dien-tu-o-to\/","og_locale":"en_US","og_type":"article","og_title":"Ph\u1ea7n m\u1ec1m C\u00e2n \u0111i\u1ec7n t\u1eed \u00d4 t\u00f4 - MINH TUE TRADING INVESTMENT JOINT STOCK COMPANY","og_description":"C\u00e2n \u00d4 t\u00f4 \u0111i\u1ec7n t\u1eed l\u00e0 m\u1ed9t ph\u1ea7n m\u1ec1m \u1ee9ng d\u1ee5ng s\u00e1ng t\u1ea1o cung c\u1ea5p cho ng\u01b0\u1eddi d\u00f9ng m\u1ed9t h\u1ec7 th\u1ed1ng c\u00e2n to\u00e0n di\u1ec7n v\u00e0 ch\u00ednh x\u00e1c cho ph\u01b0\u01a1ng ti\u1ec7n, h\u00e0ng h\u00f3a c\u1ee7a h\u1ecd. N\u00f3 c\u00f3 giao di\u1ec7n th\u00e2n thi\u1ec7n v\u1edbi ng\u01b0\u1eddi d\u00f9ng, cho ph\u00e9p ng\u01b0\u1eddi d\u00f9ng \u0111o tr\u1ecdng l\u01b0\u1ee3ng xe c\u1ee7a h\u1ecd m\u1ed9t c\u00e1ch nhanh ch\u00f3ng v\u00e0 d\u1ec5 d\u00e0ng. Ngo\u00e0i ra, n\u00f3 cung c\u1ea5p nhi\u1ec1u t\u00f9y ch\u1ecdn t\u00f9y ch\u1ec9nh, cho ph\u00e9p ng\u01b0\u1eddi d\u00f9ng \u0111i\u1ec1u ch\u1ec9nh h\u1ec7 th\u1ed1ng theo nhu c\u1ea7u c\u1ee5 th\u1ec3 c\u1ee7a h\u1ecd. C\u00e2n \u00d4 t\u00f4 c\u00f2n \u0111\u01b0\u1ee3c trang b\u1ecb c\u00e1c t\u00ednh n\u0103ng an to\u00e0n ti\u00ean ti\u1ebfn, \u0111\u1ea3m b\u1ea3o ng\u01b0\u1eddi d\u00f9ng c\u00f3 th\u1ec3 c\u00e2n xe an to\u00e0n v\u00e0 ch\u00ednh x\u00e1c. V\u1edbi c\u00e1c t\u00ednh n\u0103ng to\u00e0n di\u1ec7n, giao di\u1ec7n th\u00e2n thi\u1ec7n v\u1edbi ng\u01b0\u1eddi d\u00f9ng v\u00e0 c\u00e1c ch\u1ee9c n\u0103ng an to\u00e0n ti\u00ean ti\u1ebfn, C\u00e2n \u00d4 t\u00f4 l\u00e0 gi\u1ea3i ph\u00e1p ho\u00e0n h\u1ea3o cho b\u1ea5t k\u1ef3 ai \u0111ang t\u00ecm ki\u1ebfm m\u1ed9t h\u1ec7 th\u1ed1ng c\u00e2n ch\u00ednh x\u00e1c v\u00e0 \u0111\u00e1ng tin c\u1eady cho ph\u01b0\u01a1ng ti\u1ec7n c\u1ee7a m\u00ecnh.","og_url":"https:\/\/www.minhtue.vn\/en\/product\/phan-mem-can-dien-tu-o-to\/","og_site_name":"MINH TUE TRADING INVESTMENT JOINT STOCK COMPANY","article_publisher":"https:\/\/facebook.com\/vannt16.vt","article_modified_time":"2025-01-17T08:02:35+00:00","og_image":[{"width":716,"height":403,"url":"https:\/\/www.minhtue.vn\/wp-content\/uploads\/2023\/07\/363491713_3444213652505706_1594469507662211016_n.png","type":"image\/png"}],"twitter_card":"summary_large_image","twitter_site":"@vannt16vt","twitter_misc":{"Est. reading time":"3 minutes"},"schema":{"@context":"https:\/\/schema.org","@graph":[{"@type":"WebPage","@id":"https:\/\/www.minhtue.vn\/san-pham\/phan-mem-can-dien-tu-o-to\/","url":"https:\/\/www.minhtue.vn\/san-pham\/phan-mem-can-dien-tu-o-to\/","name":"Ph\u1ea7n m\u1ec1m C\u00e2n \u0111i\u1ec7n t\u1eed \u00d4 t\u00f4 - MINH TUE TRADING INVESTMENT JOINT STOCK COMPANY","isPartOf":{"@id":"https:\/\/www.minhtue.vn\/#website"},"primaryImageOfPage":{"@id":"https:\/\/www.minhtue.vn\/san-pham\/phan-mem-can-dien-tu-o-to\/#primaryimage"},"image":{"@id":"https:\/\/www.minhtue.vn\/san-pham\/phan-mem-can-dien-tu-o-to\/#primaryimage"},"thumbnailUrl":"https:\/\/i0.wp.com\/www.minhtue.vn\/wp-content\/uploads\/2023\/07\/363491713_3444213652505706_1594469507662211016_n.png?fit=716%2C403&ssl=1","datePublished":"2023-07-26T05:01:24+00:00","dateModified":"2025-01-17T08:02:35+00:00","breadcrumb":{"@id":"https:\/\/www.minhtue.vn\/san-pham\/phan-mem-can-dien-tu-o-to\/#breadcrumb"},"inLanguage":"en-US","potentialAction":[{"@type":"ReadAction","target":["https:\/\/www.minhtue.vn\/san-pham\/phan-mem-can-dien-tu-o-to\/"]}]},{"@type":"ImageObject","inLanguage":"en-US","@id":"https:\/\/www.minhtue.vn\/san-pham\/phan-mem-can-dien-tu-o-to\/#primaryimage","url":"https:\/\/i0.wp.com\/www.minhtue.vn\/wp-content\/uploads\/2023\/07\/363491713_3444213652505706_1594469507662211016_n.png?fit=716%2C403&ssl=1","contentUrl":"https:\/\/i0.wp.com\/www.minhtue.vn\/wp-content\/uploads\/2023\/07\/363491713_3444213652505706_1594469507662211016_n.png?fit=716%2C403&ssl=1","width":716,"height":403},{"@type":"BreadcrumbList","@id":"https:\/\/www.minhtue.vn\/san-pham\/phan-mem-can-dien-tu-o-to\/#breadcrumb","itemListElement":[{"@type":"ListItem","position":1,"name":"Trang ch\u1ee7","item":"https:\/\/www.minhtue.vn\/"},{"@type":"ListItem","position":2,"name":"C\u1eeda h\u00e0ng","item":"https:\/\/www.minhtue.vn\/cua-hang\/"},{"@type":"ListItem","position":3,"name":"Ph\u1ea7n m\u1ec1m C\u00e2n \u0111i\u1ec7n t\u1eed \u00d4 t\u00f4"}]},{"@type":"WebSite","@id":"https:\/\/www.minhtue.vn\/#website","url":"https:\/\/www.minhtue.vn\/","name":"MINH TUE TRADING INVESTMENT JOINT STOCK COMPANY","description":"Value In Your Hands!","publisher":{"@id":"https:\/\/www.minhtue.vn\/#organization"},"potentialAction":[{"@type":"SearchAction","target":{"@type":"EntryPoint","urlTemplate":"https:\/\/www.minhtue.vn\/?s={search_term_string}"},"query-input":{"@type":"PropertyValueSpecification","valueRequired":true,"valueName":"search_term_string"}}],"inLanguage":"en-US"},{"@type":"Organization","@id":"https:\/\/www.minhtue.vn\/#organization","name":"C\u00f4ng ty c\u1ed5 ph\u1ea7n \u0111\u1ea7u t\u01b0 th\u01b0\u01a1ng m\u1ea1i Minh Tu\u1ec7","url":"https:\/\/www.minhtue.vn\/","logo":{"@type":"ImageObject","inLanguage":"en-US","@id":"https:\/\/www.minhtue.vn\/#\/schema\/logo\/image\/","url":"https:\/\/www.minhtue.vn\/wp-content\/uploads\/2022\/10\/Value_Logo_Minhtue_1920B.gif","contentUrl":"https:\/\/www.minhtue.vn\/wp-content\/uploads\/2022\/10\/Value_Logo_Minhtue_1920B.gif","width":1920,"height":1920,"caption":"C\u00f4ng ty c\u1ed5 ph\u1ea7n \u0111\u1ea7u t\u01b0 th\u01b0\u01a1ng m\u1ea1i Minh Tu\u1ec7"},"image":{"@id":"https:\/\/www.minhtue.vn\/#\/schema\/logo\/image\/"},"sameAs":["https:\/\/facebook.com\/vannt16.vt","https:\/\/x.com\/vannt16vt"]}]}},"jetpack_sharing_enabled":true,"_links":{"self":[{"href":"https:\/\/www.minhtue.vn\/en\/wp-json\/wp\/v2\/product\/1444","targetHints":{"allow":["GET"]}}],"collection":[{"href":"https:\/\/www.minhtue.vn\/en\/wp-json\/wp\/v2\/product"}],"about":[{"href":"https:\/\/www.minhtue.vn\/en\/wp-json\/wp\/v2\/types\/product"}],"replies":[{"embeddable":true,"href":"https:\/\/www.minhtue.vn\/en\/wp-json\/wp\/v2\/comments?post=1444"}],"wp:featuredmedia":[{"embeddable":true,"href":"https:\/\/www.minhtue.vn\/en\/wp-json\/wp\/v2\/media\/1448"}],"wp:attachment":[{"href":"https:\/\/www.minhtue.vn\/en\/wp-json\/wp\/v2\/media?parent=1444"}],"wp:term":[{"taxonomy":"product_brand","embeddable":true,"href":"https:\/\/www.minhtue.vn\/en\/wp-json\/wp\/v2\/product_brand?post=1444"},{"taxonomy":"product_cat","embeddable":true,"href":"https:\/\/www.minhtue.vn\/en\/wp-json\/wp\/v2\/product_cat?post=1444"},{"taxonomy":"product_tag","embeddable":true,"href":"https:\/\/www.minhtue.vn\/en\/wp-json\/wp\/v2\/product_tag?post=1444"}],"curies":[{"name":"wp","href":"https:\/\/api.w.org\/{rel}","templated":true}]}}