{"id":853,"date":"2021-07-20T16:59:28","date_gmt":"2021-07-20T09:59:28","guid":{"rendered":"https:\/\/www.minhtue.vn\/?post_type=product&#038;p=853"},"modified":"2024-11-28T08:36:08","modified_gmt":"2024-11-28T01:36:08","slug":"hat-nhua-abs","status":"publish","type":"product","link":"https:\/\/www.minhtue.vn\/en\/product\/hat-nhua-abs\/","title":{"rendered":"Plastic beads ABS"},"content":{"rendered":"<p>ABS resin stands for Acrylonitrile Butadien Styrene is a thermoplastic, tough, insulating, impact-resistant plastic. ABS plastic is easy to electroplating, easy to process, has an acceptable price, has many models and types, has a long service life, is less damaged by the influence of the environment. ABS plastic is not resistant to high temperature, moisture resistance and aging resistance are average.<\/p>\n<p>Acrylonitrile Butadiene Styrene (ABS) is a thermoplastic polymer which has properties of electrical insulation impact resistance, high longevity. It is easy to electroplate, to process, relatively inexpensive. ABS also has a strong resistance to weather. ABS has low melting point, Its moisture resistance and aging resistance is of average level.<\/p>","protected":false},"excerpt":{"rendered":"<div class=\"product-short-description\">\n<p>Vietnam Development Trading and Production Co., Ltd., which has more than 6 years of experience in manufacturing Compound plastic beads, is the forerunner of our company. We produce Compound plastic granules based on PP, ABS, PC, \u2026<\/p>\n<h3 id=\"lien_he\" class=\"block-title\"><strong>Contact Info<\/strong><\/h3>\n<ul>\n<li><strong>Minh Tue Trading Investment Joint Stock Company<\/strong><\/li>\n<li><strong>Add<\/strong>\u00a0Vinh Hung, Hoang Mai, Hanoi<\/li>\n<li><strong>Phone<\/strong>\u00a00246,3247.8999 \u2013 0981.123.789<\/li>\n<li><strong>Email:<\/strong>\u00a0info@minhtue.vn<\/li>\n<li><strong>Website:<\/strong>\u00a0minhtue.vn<\/li>\n<\/ul>\n<\/div>","protected":false},"featured_media":854,"comment_status":"open","ping_status":"closed","template":"","meta":[],"product_brand":[],"product_cat":[54],"product_tag":[],"class_list":{"0":"post-853","1":"product","2":"type-product","3":"status-publish","4":"has-post-thumbnail","6":"product_cat-hat-nhua","8":"first","9":"instock","10":"shipping-taxable","11":"purchasable","12":"product-type-simple"},"yoast_head":"<!-- This site is optimized with the Yoast SEO plugin v24.7 - https:\/\/yoast.com\/wordpress\/plugins\/seo\/ -->\n<title>H\u1ea1t nh\u1ef1a ABS - MINH TUE TRADING INVESTMENT JOINT STOCK COMPANY<\/title>\n<meta name=\"robots\" content=\"index, follow, max-snippet:-1, max-image-preview:large, max-video-preview:-1\" \/>\n<link rel=\"canonical\" href=\"https:\/\/www.minhtue.vn\/en\/product\/hat-nhua-abs\/\" \/>\n<meta property=\"og:locale\" content=\"en_US\" \/>\n<meta property=\"og:type\" content=\"article\" \/>\n<meta property=\"og:title\" content=\"H\u1ea1t nh\u1ef1a ABS - MINH TUE TRADING INVESTMENT JOINT STOCK COMPANY\" \/>\n<meta property=\"og:description\" content=\"C\u00f4ng ty TNHH S\u1ea3n xu\u1ea5t v\u00e0 th\u01b0\u01a1ng m\u1ea1i Vi\u1ec7t Nam Ph\u00e1t Tri\u1ec3n, \u0111\u01a1n v\u1ecb c\u00f3 h\u01a1n 6 n\u0103m kinh nghi\u1ec7m s\u1ea3n xu\u1ea5t h\u1ea1t nh\u1ef1a Compound, l\u00e0 ti\u1ec1n th\u00e2n c\u1ee7a c\u00f4ng ty ch\u00fang t\u00f4i. Ch\u00fang t\u00f4i s\u1ea3n xu\u1ea5t h\u1ea1t nh\u1ef1a Compound tr\u00ean g\u1ed1c nh\u1ef1a PP, ABS, PC,\u2026 Th\u00f4ng tin li\u00ean h\u1ec7   C\u00f4ng ty C\u1ed5 ph\u1ea7n \u0110\u1ea7u t\u01b0 Th\u01b0\u01a1ng M\u1ea1i Minh Tu\u1ec7  \u0110\u1ecba ch\u1ec9:\u00a0V\u0129nh H\u01b0ng, Ho\u00e0ng Mai, H\u00e0 N\u1ed9i  \u0110i\u1ec7n tho\u1ea1i:\u00a00246.3247.8999 \u2013 0981.123.789  Email:\u00a0info@minhtue.vn  Website:\u00a0minhtue.vn\" \/>\n<meta property=\"og:url\" content=\"https:\/\/www.minhtue.vn\/en\/product\/hat-nhua-abs\/\" \/>\n<meta property=\"og:site_name\" content=\"MINH TUE TRADING INVESTMENT JOINT STOCK COMPANY\" \/>\n<meta property=\"article:publisher\" content=\"https:\/\/facebook.com\/vannt16.vt\" \/>\n<meta property=\"article:modified_time\" content=\"2024-11-28T01:36:08+00:00\" \/>\n<meta property=\"og:image\" content=\"https:\/\/www.minhtue.vn\/wp-content\/uploads\/2021\/07\/hat-nhua-abs-1.jpg\" \/>\n\t<meta property=\"og:image:width\" content=\"600\" \/>\n\t<meta property=\"og:image:height\" content=\"400\" \/>\n\t<meta property=\"og:image:type\" content=\"image\/jpeg\" \/>\n<meta name=\"twitter:card\" content=\"summary_large_image\" \/>\n<meta name=\"twitter:site\" content=\"@vannt16vt\" \/>\n<meta name=\"twitter:label1\" content=\"Est. reading time\" \/>\n\t<meta name=\"twitter:data1\" content=\"1 minute\" \/>\n<script type=\"application\/ld+json\" class=\"yoast-schema-graph\">{\"@context\":\"https:\/\/schema.org\",\"@graph\":[{\"@type\":\"WebPage\",\"@id\":\"https:\/\/www.minhtue.vn\/san-pham\/hat-nhua-abs\/\",\"url\":\"https:\/\/www.minhtue.vn\/san-pham\/hat-nhua-abs\/\",\"name\":\"H\u1ea1t nh\u1ef1a ABS - MINH TUE TRADING INVESTMENT JOINT STOCK COMPANY\",\"isPartOf\":{\"@id\":\"https:\/\/www.minhtue.vn\/#website\"},\"primaryImageOfPage\":{\"@id\":\"https:\/\/www.minhtue.vn\/san-pham\/hat-nhua-abs\/#primaryimage\"},\"image\":{\"@id\":\"https:\/\/www.minhtue.vn\/san-pham\/hat-nhua-abs\/#primaryimage\"},\"thumbnailUrl\":\"https:\/\/i0.wp.com\/www.minhtue.vn\/wp-content\/uploads\/2021\/07\/hat-nhua-abs-1.jpg?fit=600%2C400&ssl=1\",\"datePublished\":\"2021-07-20T09:59:28+00:00\",\"dateModified\":\"2024-11-28T01:36:08+00:00\",\"breadcrumb\":{\"@id\":\"https:\/\/www.minhtue.vn\/san-pham\/hat-nhua-abs\/#breadcrumb\"},\"inLanguage\":\"en-US\",\"potentialAction\":[{\"@type\":\"ReadAction\",\"target\":[\"https:\/\/www.minhtue.vn\/san-pham\/hat-nhua-abs\/\"]}]},{\"@type\":\"ImageObject\",\"inLanguage\":\"en-US\",\"@id\":\"https:\/\/www.minhtue.vn\/san-pham\/hat-nhua-abs\/#primaryimage\",\"url\":\"https:\/\/i0.wp.com\/www.minhtue.vn\/wp-content\/uploads\/2021\/07\/hat-nhua-abs-1.jpg?fit=600%2C400&ssl=1\",\"contentUrl\":\"https:\/\/i0.wp.com\/www.minhtue.vn\/wp-content\/uploads\/2021\/07\/hat-nhua-abs-1.jpg?fit=600%2C400&ssl=1\",\"width\":600,\"height\":400},{\"@type\":\"BreadcrumbList\",\"@id\":\"https:\/\/www.minhtue.vn\/san-pham\/hat-nhua-abs\/#breadcrumb\",\"itemListElement\":[{\"@type\":\"ListItem\",\"position\":1,\"name\":\"Trang ch\u1ee7\",\"item\":\"https:\/\/www.minhtue.vn\/\"},{\"@type\":\"ListItem\",\"position\":2,\"name\":\"C\u1eeda h\u00e0ng\",\"item\":\"https:\/\/www.minhtue.vn\/cua-hang\/\"},{\"@type\":\"ListItem\",\"position\":3,\"name\":\"H\u1ea1t nh\u1ef1a ABS\"}]},{\"@type\":\"WebSite\",\"@id\":\"https:\/\/www.minhtue.vn\/#website\",\"url\":\"https:\/\/www.minhtue.vn\/\",\"name\":\"MINH TUE TRADING INVESTMENT JOINT STOCK COMPANY\",\"description\":\"Value In Your Hands!\",\"publisher\":{\"@id\":\"https:\/\/www.minhtue.vn\/#organization\"},\"potentialAction\":[{\"@type\":\"SearchAction\",\"target\":{\"@type\":\"EntryPoint\",\"urlTemplate\":\"https:\/\/www.minhtue.vn\/?s={search_term_string}\"},\"query-input\":{\"@type\":\"PropertyValueSpecification\",\"valueRequired\":true,\"valueName\":\"search_term_string\"}}],\"inLanguage\":\"en-US\"},{\"@type\":\"Organization\",\"@id\":\"https:\/\/www.minhtue.vn\/#organization\",\"name\":\"C\u00f4ng ty c\u1ed5 ph\u1ea7n \u0111\u1ea7u t\u01b0 th\u01b0\u01a1ng m\u1ea1i Minh Tu\u1ec7\",\"url\":\"https:\/\/www.minhtue.vn\/\",\"logo\":{\"@type\":\"ImageObject\",\"inLanguage\":\"en-US\",\"@id\":\"https:\/\/www.minhtue.vn\/#\/schema\/logo\/image\/\",\"url\":\"https:\/\/www.minhtue.vn\/wp-content\/uploads\/2022\/10\/Value_Logo_Minhtue_1920B.gif\",\"contentUrl\":\"https:\/\/www.minhtue.vn\/wp-content\/uploads\/2022\/10\/Value_Logo_Minhtue_1920B.gif\",\"width\":1920,\"height\":1920,\"caption\":\"C\u00f4ng ty c\u1ed5 ph\u1ea7n \u0111\u1ea7u t\u01b0 th\u01b0\u01a1ng m\u1ea1i Minh Tu\u1ec7\"},\"image\":{\"@id\":\"https:\/\/www.minhtue.vn\/#\/schema\/logo\/image\/\"},\"sameAs\":[\"https:\/\/facebook.com\/vannt16.vt\",\"https:\/\/x.com\/vannt16vt\"]}]}<\/script>\n<!-- \/ Yoast SEO plugin. -->","yoast_head_json":{"title":"H\u1ea1t nh\u1ef1a ABS - MINH TUE TRADING INVESTMENT JOINT STOCK COMPANY","robots":{"index":"index","follow":"follow","max-snippet":"max-snippet:-1","max-image-preview":"max-image-preview:large","max-video-preview":"max-video-preview:-1"},"canonical":"https:\/\/www.minhtue.vn\/en\/product\/hat-nhua-abs\/","og_locale":"en_US","og_type":"article","og_title":"H\u1ea1t nh\u1ef1a ABS - MINH TUE TRADING INVESTMENT JOINT STOCK COMPANY","og_description":"C\u00f4ng ty TNHH S\u1ea3n xu\u1ea5t v\u00e0 th\u01b0\u01a1ng m\u1ea1i Vi\u1ec7t Nam Ph\u00e1t Tri\u1ec3n, \u0111\u01a1n v\u1ecb c\u00f3 h\u01a1n 6 n\u0103m kinh nghi\u1ec7m s\u1ea3n xu\u1ea5t h\u1ea1t nh\u1ef1a Compound, l\u00e0 ti\u1ec1n th\u00e2n c\u1ee7a c\u00f4ng ty ch\u00fang t\u00f4i. Ch\u00fang t\u00f4i s\u1ea3n xu\u1ea5t h\u1ea1t nh\u1ef1a Compound tr\u00ean g\u1ed1c nh\u1ef1a PP, ABS, PC,\u2026 Th\u00f4ng tin li\u00ean h\u1ec7   C\u00f4ng ty C\u1ed5 ph\u1ea7n \u0110\u1ea7u t\u01b0 Th\u01b0\u01a1ng M\u1ea1i Minh Tu\u1ec7  \u0110\u1ecba ch\u1ec9:\u00a0V\u0129nh H\u01b0ng, Ho\u00e0ng Mai, H\u00e0 N\u1ed9i  \u0110i\u1ec7n tho\u1ea1i:\u00a00246.3247.8999 \u2013 0981.123.789  Email:\u00a0info@minhtue.vn  Website:\u00a0minhtue.vn","og_url":"https:\/\/www.minhtue.vn\/en\/product\/hat-nhua-abs\/","og_site_name":"MINH TUE TRADING INVESTMENT JOINT STOCK COMPANY","article_publisher":"https:\/\/facebook.com\/vannt16.vt","article_modified_time":"2024-11-28T01:36:08+00:00","og_image":[{"width":600,"height":400,"url":"https:\/\/www.minhtue.vn\/wp-content\/uploads\/2021\/07\/hat-nhua-abs-1.jpg","type":"image\/jpeg"}],"twitter_card":"summary_large_image","twitter_site":"@vannt16vt","twitter_misc":{"Est. reading time":"1 minute"},"schema":{"@context":"https:\/\/schema.org","@graph":[{"@type":"WebPage","@id":"https:\/\/www.minhtue.vn\/san-pham\/hat-nhua-abs\/","url":"https:\/\/www.minhtue.vn\/san-pham\/hat-nhua-abs\/","name":"H\u1ea1t nh\u1ef1a ABS - MINH TUE TRADING INVESTMENT JOINT STOCK COMPANY","isPartOf":{"@id":"https:\/\/www.minhtue.vn\/#website"},"primaryImageOfPage":{"@id":"https:\/\/www.minhtue.vn\/san-pham\/hat-nhua-abs\/#primaryimage"},"image":{"@id":"https:\/\/www.minhtue.vn\/san-pham\/hat-nhua-abs\/#primaryimage"},"thumbnailUrl":"https:\/\/i0.wp.com\/www.minhtue.vn\/wp-content\/uploads\/2021\/07\/hat-nhua-abs-1.jpg?fit=600%2C400&ssl=1","datePublished":"2021-07-20T09:59:28+00:00","dateModified":"2024-11-28T01:36:08+00:00","breadcrumb":{"@id":"https:\/\/www.minhtue.vn\/san-pham\/hat-nhua-abs\/#breadcrumb"},"inLanguage":"en-US","potentialAction":[{"@type":"ReadAction","target":["https:\/\/www.minhtue.vn\/san-pham\/hat-nhua-abs\/"]}]},{"@type":"ImageObject","inLanguage":"en-US","@id":"https:\/\/www.minhtue.vn\/san-pham\/hat-nhua-abs\/#primaryimage","url":"https:\/\/i0.wp.com\/www.minhtue.vn\/wp-content\/uploads\/2021\/07\/hat-nhua-abs-1.jpg?fit=600%2C400&ssl=1","contentUrl":"https:\/\/i0.wp.com\/www.minhtue.vn\/wp-content\/uploads\/2021\/07\/hat-nhua-abs-1.jpg?fit=600%2C400&ssl=1","width":600,"height":400},{"@type":"BreadcrumbList","@id":"https:\/\/www.minhtue.vn\/san-pham\/hat-nhua-abs\/#breadcrumb","itemListElement":[{"@type":"ListItem","position":1,"name":"Trang ch\u1ee7","item":"https:\/\/www.minhtue.vn\/"},{"@type":"ListItem","position":2,"name":"C\u1eeda h\u00e0ng","item":"https:\/\/www.minhtue.vn\/cua-hang\/"},{"@type":"ListItem","position":3,"name":"H\u1ea1t nh\u1ef1a ABS"}]},{"@type":"WebSite","@id":"https:\/\/www.minhtue.vn\/#website","url":"https:\/\/www.minhtue.vn\/","name":"MINH TUE TRADING INVESTMENT JOINT STOCK COMPANY","description":"Value In Your Hands!","publisher":{"@id":"https:\/\/www.minhtue.vn\/#organization"},"potentialAction":[{"@type":"SearchAction","target":{"@type":"EntryPoint","urlTemplate":"https:\/\/www.minhtue.vn\/?s={search_term_string}"},"query-input":{"@type":"PropertyValueSpecification","valueRequired":true,"valueName":"search_term_string"}}],"inLanguage":"en-US"},{"@type":"Organization","@id":"https:\/\/www.minhtue.vn\/#organization","name":"C\u00f4ng ty c\u1ed5 ph\u1ea7n \u0111\u1ea7u t\u01b0 th\u01b0\u01a1ng m\u1ea1i Minh Tu\u1ec7","url":"https:\/\/www.minhtue.vn\/","logo":{"@type":"ImageObject","inLanguage":"en-US","@id":"https:\/\/www.minhtue.vn\/#\/schema\/logo\/image\/","url":"https:\/\/www.minhtue.vn\/wp-content\/uploads\/2022\/10\/Value_Logo_Minhtue_1920B.gif","contentUrl":"https:\/\/www.minhtue.vn\/wp-content\/uploads\/2022\/10\/Value_Logo_Minhtue_1920B.gif","width":1920,"height":1920,"caption":"C\u00f4ng ty c\u1ed5 ph\u1ea7n \u0111\u1ea7u t\u01b0 th\u01b0\u01a1ng m\u1ea1i Minh Tu\u1ec7"},"image":{"@id":"https:\/\/www.minhtue.vn\/#\/schema\/logo\/image\/"},"sameAs":["https:\/\/facebook.com\/vannt16.vt","https:\/\/x.com\/vannt16vt"]}]}},"jetpack_sharing_enabled":true,"_links":{"self":[{"href":"https:\/\/www.minhtue.vn\/en\/wp-json\/wp\/v2\/product\/853","targetHints":{"allow":["GET"]}}],"collection":[{"href":"https:\/\/www.minhtue.vn\/en\/wp-json\/wp\/v2\/product"}],"about":[{"href":"https:\/\/www.minhtue.vn\/en\/wp-json\/wp\/v2\/types\/product"}],"replies":[{"embeddable":true,"href":"https:\/\/www.minhtue.vn\/en\/wp-json\/wp\/v2\/comments?post=853"}],"wp:featuredmedia":[{"embeddable":true,"href":"https:\/\/www.minhtue.vn\/en\/wp-json\/wp\/v2\/media\/854"}],"wp:attachment":[{"href":"https:\/\/www.minhtue.vn\/en\/wp-json\/wp\/v2\/media?parent=853"}],"wp:term":[{"taxonomy":"product_brand","embeddable":true,"href":"https:\/\/www.minhtue.vn\/en\/wp-json\/wp\/v2\/product_brand?post=853"},{"taxonomy":"product_cat","embeddable":true,"href":"https:\/\/www.minhtue.vn\/en\/wp-json\/wp\/v2\/product_cat?post=853"},{"taxonomy":"product_tag","embeddable":true,"href":"https:\/\/www.minhtue.vn\/en\/wp-json\/wp\/v2\/product_tag?post=853"}],"curies":[{"name":"wp","href":"https:\/\/api.w.org\/{rel}","templated":true}]}}