{"id":861,"date":"2021-07-20T17:11:12","date_gmt":"2021-07-20T10:11:12","guid":{"rendered":"https:\/\/www.minhtue.vn\/?post_type=product&#038;p=861"},"modified":"2025-01-16T16:53:30","modified_gmt":"2025-01-16T09:53:30","slug":"hat-nhua-pc","status":"publish","type":"product","link":"https:\/\/www.minhtue.vn\/en\/product\/hat-nhua-pc\/","title":{"rendered":"Plastic beads PC"},"content":{"rendered":"<p>Primary PC plastic beads are transparent plastic beads, high hardness, high strength, withstand large loads for a long time without deformation, impact resistance. Glass fiber reinforced PC increases mechanical strength, abrasion resistance.<\/p>\n<p>PC plastic is transparent. Its properties include high hardness, high strength, high impact strength. PC can bear heavy weight in long time without deformation. Glass fiber reinforced PC mechanical durability, abrasion resistance.<\/p>\n<p><strong>Application:<\/strong> making electrical equipment, transportation, bearing frames, gear housings, gear boxes, calculators and precision measuring tools, photographic equipment, printers, scanners, electrical equipment, computer connections, electronic components\u2026<\/p>","protected":false},"excerpt":{"rendered":"<div class=\"product-short-description\">\n<p>Minh Tue Trading Investment Joint Stock Company, which has many years of experience in manufacturing Compound plastic beads, is the forerunner of our company. We produce Compound plastic granules based on PP, ABS, PC, \u2026<\/p>\n<h3 id=\"lien_he\" class=\"block-title\"><strong>Contact Info<\/strong><\/h3>\n<ul>\n<li><strong>Minh Tue Trading Investment Joint Stock Company<\/strong><\/li>\n<li><strong>Add<\/strong> Vinh Hung, Hoang Mai, Hanoi<\/li>\n<li><strong>Phone<\/strong> 0246.3247.8999 &#8211; 0981.123.789<\/li>\n<li><strong>Email:<\/strong> info@minhtue.vn<\/li>\n<li><strong>Website:<\/strong> minhtue.vn<\/li>\n<\/ul>\n<\/div>","protected":false},"featured_media":862,"comment_status":"open","ping_status":"closed","template":"","meta":[],"product_brand":[],"product_cat":[54],"product_tag":[],"class_list":{"0":"post-861","1":"product","2":"type-product","3":"status-publish","4":"has-post-thumbnail","6":"product_cat-hat-nhua","8":"first","9":"instock","10":"shipping-taxable","11":"purchasable","12":"product-type-simple"},"yoast_head":"<!-- This site is optimized with the Yoast SEO plugin v24.7 - https:\/\/yoast.com\/wordpress\/plugins\/seo\/ -->\n<title>H\u1ea1t nh\u1ef1a PC - MINH TUE TRADING INVESTMENT JOINT STOCK COMPANY<\/title>\n<meta name=\"robots\" content=\"index, follow, max-snippet:-1, max-image-preview:large, max-video-preview:-1\" \/>\n<link rel=\"canonical\" href=\"https:\/\/www.minhtue.vn\/en\/product\/hat-nhua-pc\/\" \/>\n<meta property=\"og:locale\" content=\"en_US\" \/>\n<meta property=\"og:type\" content=\"article\" \/>\n<meta property=\"og:title\" content=\"H\u1ea1t nh\u1ef1a PC - MINH TUE TRADING INVESTMENT JOINT STOCK COMPANY\" \/>\n<meta property=\"og:description\" content=\"C\u00f4ng ty CP \u0111\u1ea7u t\u01b0 th\u01b0\u01a1ng m\u1ea1i Minh Tu\u1ec7, \u0111\u01a1n v\u1ecb c\u00f3 nhi\u1ec1u n\u0103m kinh nghi\u1ec7m s\u1ea3n xu\u1ea5t h\u1ea1t nh\u1ef1a Compound, l\u00e0 ti\u1ec1n th\u00e2n c\u1ee7a c\u00f4ng ty ch\u00fang t\u00f4i. Ch\u00fang t\u00f4i s\u1ea3n xu\u1ea5t h\u1ea1t nh\u1ef1a Compound tr\u00ean g\u1ed1c nh\u1ef1a PP, ABS, PC,\u2026 Th\u00f4ng tin li\u00ean h\u1ec7   C\u00f4ng ty C\u1ed5 ph\u1ea7n \u0110\u1ea7u t\u01b0 Th\u01b0\u01a1ng M\u1ea1i Minh Tu\u1ec7  \u0110\u1ecba ch\u1ec9: V\u0129nh H\u01b0ng, Ho\u00e0ng Mai, H\u00e0 N\u1ed9i  \u0110i\u1ec7n tho\u1ea1i: 0246.3247.8999 - 0981.123.789  Email: info@minhtue.vn  Website: minhtue.vn\" \/>\n<meta property=\"og:url\" content=\"https:\/\/www.minhtue.vn\/en\/product\/hat-nhua-pc\/\" \/>\n<meta property=\"og:site_name\" content=\"MINH TUE TRADING INVESTMENT JOINT STOCK COMPANY\" \/>\n<meta property=\"article:publisher\" content=\"https:\/\/facebook.com\/vannt16.vt\" \/>\n<meta property=\"article:modified_time\" content=\"2025-01-16T09:53:30+00:00\" \/>\n<meta property=\"og:image\" content=\"https:\/\/www.minhtue.vn\/wp-content\/uploads\/2021\/07\/nhua-pc.jpg\" \/>\n\t<meta property=\"og:image:width\" content=\"684\" \/>\n\t<meta property=\"og:image:height\" content=\"514\" \/>\n\t<meta property=\"og:image:type\" content=\"image\/jpeg\" \/>\n<meta name=\"twitter:card\" content=\"summary_large_image\" \/>\n<meta name=\"twitter:site\" content=\"@vannt16vt\" \/>\n<meta name=\"twitter:label1\" content=\"Est. reading time\" \/>\n\t<meta name=\"twitter:data1\" content=\"1 minute\" \/>\n<script type=\"application\/ld+json\" class=\"yoast-schema-graph\">{\"@context\":\"https:\/\/schema.org\",\"@graph\":[{\"@type\":\"WebPage\",\"@id\":\"https:\/\/www.minhtue.vn\/san-pham\/hat-nhua-pc\/\",\"url\":\"https:\/\/www.minhtue.vn\/san-pham\/hat-nhua-pc\/\",\"name\":\"H\u1ea1t nh\u1ef1a PC - MINH TUE TRADING INVESTMENT JOINT STOCK COMPANY\",\"isPartOf\":{\"@id\":\"https:\/\/www.minhtue.vn\/#website\"},\"primaryImageOfPage\":{\"@id\":\"https:\/\/www.minhtue.vn\/san-pham\/hat-nhua-pc\/#primaryimage\"},\"image\":{\"@id\":\"https:\/\/www.minhtue.vn\/san-pham\/hat-nhua-pc\/#primaryimage\"},\"thumbnailUrl\":\"https:\/\/i0.wp.com\/www.minhtue.vn\/wp-content\/uploads\/2021\/07\/nhua-pc.jpg?fit=684%2C514&ssl=1\",\"datePublished\":\"2021-07-20T10:11:12+00:00\",\"dateModified\":\"2025-01-16T09:53:30+00:00\",\"breadcrumb\":{\"@id\":\"https:\/\/www.minhtue.vn\/san-pham\/hat-nhua-pc\/#breadcrumb\"},\"inLanguage\":\"en-US\",\"potentialAction\":[{\"@type\":\"ReadAction\",\"target\":[\"https:\/\/www.minhtue.vn\/san-pham\/hat-nhua-pc\/\"]}]},{\"@type\":\"ImageObject\",\"inLanguage\":\"en-US\",\"@id\":\"https:\/\/www.minhtue.vn\/san-pham\/hat-nhua-pc\/#primaryimage\",\"url\":\"https:\/\/i0.wp.com\/www.minhtue.vn\/wp-content\/uploads\/2021\/07\/nhua-pc.jpg?fit=684%2C514&ssl=1\",\"contentUrl\":\"https:\/\/i0.wp.com\/www.minhtue.vn\/wp-content\/uploads\/2021\/07\/nhua-pc.jpg?fit=684%2C514&ssl=1\",\"width\":684,\"height\":514},{\"@type\":\"BreadcrumbList\",\"@id\":\"https:\/\/www.minhtue.vn\/san-pham\/hat-nhua-pc\/#breadcrumb\",\"itemListElement\":[{\"@type\":\"ListItem\",\"position\":1,\"name\":\"Trang ch\u1ee7\",\"item\":\"https:\/\/www.minhtue.vn\/\"},{\"@type\":\"ListItem\",\"position\":2,\"name\":\"C\u1eeda h\u00e0ng\",\"item\":\"https:\/\/www.minhtue.vn\/cua-hang\/\"},{\"@type\":\"ListItem\",\"position\":3,\"name\":\"H\u1ea1t nh\u1ef1a PC\"}]},{\"@type\":\"WebSite\",\"@id\":\"https:\/\/www.minhtue.vn\/#website\",\"url\":\"https:\/\/www.minhtue.vn\/\",\"name\":\"MINH TUE TRADING INVESTMENT JOINT STOCK COMPANY\",\"description\":\"Value In Your Hands!\",\"publisher\":{\"@id\":\"https:\/\/www.minhtue.vn\/#organization\"},\"potentialAction\":[{\"@type\":\"SearchAction\",\"target\":{\"@type\":\"EntryPoint\",\"urlTemplate\":\"https:\/\/www.minhtue.vn\/?s={search_term_string}\"},\"query-input\":{\"@type\":\"PropertyValueSpecification\",\"valueRequired\":true,\"valueName\":\"search_term_string\"}}],\"inLanguage\":\"en-US\"},{\"@type\":\"Organization\",\"@id\":\"https:\/\/www.minhtue.vn\/#organization\",\"name\":\"C\u00f4ng ty c\u1ed5 ph\u1ea7n \u0111\u1ea7u t\u01b0 th\u01b0\u01a1ng m\u1ea1i Minh Tu\u1ec7\",\"url\":\"https:\/\/www.minhtue.vn\/\",\"logo\":{\"@type\":\"ImageObject\",\"inLanguage\":\"en-US\",\"@id\":\"https:\/\/www.minhtue.vn\/#\/schema\/logo\/image\/\",\"url\":\"https:\/\/www.minhtue.vn\/wp-content\/uploads\/2022\/10\/Value_Logo_Minhtue_1920B.gif\",\"contentUrl\":\"https:\/\/www.minhtue.vn\/wp-content\/uploads\/2022\/10\/Value_Logo_Minhtue_1920B.gif\",\"width\":1920,\"height\":1920,\"caption\":\"C\u00f4ng ty c\u1ed5 ph\u1ea7n \u0111\u1ea7u t\u01b0 th\u01b0\u01a1ng m\u1ea1i Minh Tu\u1ec7\"},\"image\":{\"@id\":\"https:\/\/www.minhtue.vn\/#\/schema\/logo\/image\/\"},\"sameAs\":[\"https:\/\/facebook.com\/vannt16.vt\",\"https:\/\/x.com\/vannt16vt\"]}]}<\/script>\n<!-- \/ Yoast SEO plugin. -->","yoast_head_json":{"title":"H\u1ea1t nh\u1ef1a PC - MINH TUE TRADING INVESTMENT JOINT STOCK COMPANY","robots":{"index":"index","follow":"follow","max-snippet":"max-snippet:-1","max-image-preview":"max-image-preview:large","max-video-preview":"max-video-preview:-1"},"canonical":"https:\/\/www.minhtue.vn\/en\/product\/hat-nhua-pc\/","og_locale":"en_US","og_type":"article","og_title":"H\u1ea1t nh\u1ef1a PC - MINH TUE TRADING INVESTMENT JOINT STOCK COMPANY","og_description":"C\u00f4ng ty CP \u0111\u1ea7u t\u01b0 th\u01b0\u01a1ng m\u1ea1i Minh Tu\u1ec7, \u0111\u01a1n v\u1ecb c\u00f3 nhi\u1ec1u n\u0103m kinh nghi\u1ec7m s\u1ea3n xu\u1ea5t h\u1ea1t nh\u1ef1a Compound, l\u00e0 ti\u1ec1n th\u00e2n c\u1ee7a c\u00f4ng ty ch\u00fang t\u00f4i. Ch\u00fang t\u00f4i s\u1ea3n xu\u1ea5t h\u1ea1t nh\u1ef1a Compound tr\u00ean g\u1ed1c nh\u1ef1a PP, ABS, PC,\u2026 Th\u00f4ng tin li\u00ean h\u1ec7   C\u00f4ng ty C\u1ed5 ph\u1ea7n \u0110\u1ea7u t\u01b0 Th\u01b0\u01a1ng M\u1ea1i Minh Tu\u1ec7  \u0110\u1ecba ch\u1ec9: V\u0129nh H\u01b0ng, Ho\u00e0ng Mai, H\u00e0 N\u1ed9i  \u0110i\u1ec7n tho\u1ea1i: 0246.3247.8999 - 0981.123.789  Email: info@minhtue.vn  Website: minhtue.vn","og_url":"https:\/\/www.minhtue.vn\/en\/product\/hat-nhua-pc\/","og_site_name":"MINH TUE TRADING INVESTMENT JOINT STOCK COMPANY","article_publisher":"https:\/\/facebook.com\/vannt16.vt","article_modified_time":"2025-01-16T09:53:30+00:00","og_image":[{"width":684,"height":514,"url":"https:\/\/www.minhtue.vn\/wp-content\/uploads\/2021\/07\/nhua-pc.jpg","type":"image\/jpeg"}],"twitter_card":"summary_large_image","twitter_site":"@vannt16vt","twitter_misc":{"Est. reading time":"1 minute"},"schema":{"@context":"https:\/\/schema.org","@graph":[{"@type":"WebPage","@id":"https:\/\/www.minhtue.vn\/san-pham\/hat-nhua-pc\/","url":"https:\/\/www.minhtue.vn\/san-pham\/hat-nhua-pc\/","name":"H\u1ea1t nh\u1ef1a PC - MINH TUE TRADING INVESTMENT JOINT STOCK COMPANY","isPartOf":{"@id":"https:\/\/www.minhtue.vn\/#website"},"primaryImageOfPage":{"@id":"https:\/\/www.minhtue.vn\/san-pham\/hat-nhua-pc\/#primaryimage"},"image":{"@id":"https:\/\/www.minhtue.vn\/san-pham\/hat-nhua-pc\/#primaryimage"},"thumbnailUrl":"https:\/\/i0.wp.com\/www.minhtue.vn\/wp-content\/uploads\/2021\/07\/nhua-pc.jpg?fit=684%2C514&ssl=1","datePublished":"2021-07-20T10:11:12+00:00","dateModified":"2025-01-16T09:53:30+00:00","breadcrumb":{"@id":"https:\/\/www.minhtue.vn\/san-pham\/hat-nhua-pc\/#breadcrumb"},"inLanguage":"en-US","potentialAction":[{"@type":"ReadAction","target":["https:\/\/www.minhtue.vn\/san-pham\/hat-nhua-pc\/"]}]},{"@type":"ImageObject","inLanguage":"en-US","@id":"https:\/\/www.minhtue.vn\/san-pham\/hat-nhua-pc\/#primaryimage","url":"https:\/\/i0.wp.com\/www.minhtue.vn\/wp-content\/uploads\/2021\/07\/nhua-pc.jpg?fit=684%2C514&ssl=1","contentUrl":"https:\/\/i0.wp.com\/www.minhtue.vn\/wp-content\/uploads\/2021\/07\/nhua-pc.jpg?fit=684%2C514&ssl=1","width":684,"height":514},{"@type":"BreadcrumbList","@id":"https:\/\/www.minhtue.vn\/san-pham\/hat-nhua-pc\/#breadcrumb","itemListElement":[{"@type":"ListItem","position":1,"name":"Trang ch\u1ee7","item":"https:\/\/www.minhtue.vn\/"},{"@type":"ListItem","position":2,"name":"C\u1eeda h\u00e0ng","item":"https:\/\/www.minhtue.vn\/cua-hang\/"},{"@type":"ListItem","position":3,"name":"H\u1ea1t nh\u1ef1a PC"}]},{"@type":"WebSite","@id":"https:\/\/www.minhtue.vn\/#website","url":"https:\/\/www.minhtue.vn\/","name":"MINH TUE TRADING INVESTMENT JOINT STOCK COMPANY","description":"Value In Your Hands!","publisher":{"@id":"https:\/\/www.minhtue.vn\/#organization"},"potentialAction":[{"@type":"SearchAction","target":{"@type":"EntryPoint","urlTemplate":"https:\/\/www.minhtue.vn\/?s={search_term_string}"},"query-input":{"@type":"PropertyValueSpecification","valueRequired":true,"valueName":"search_term_string"}}],"inLanguage":"en-US"},{"@type":"Organization","@id":"https:\/\/www.minhtue.vn\/#organization","name":"C\u00f4ng ty c\u1ed5 ph\u1ea7n \u0111\u1ea7u t\u01b0 th\u01b0\u01a1ng m\u1ea1i Minh Tu\u1ec7","url":"https:\/\/www.minhtue.vn\/","logo":{"@type":"ImageObject","inLanguage":"en-US","@id":"https:\/\/www.minhtue.vn\/#\/schema\/logo\/image\/","url":"https:\/\/www.minhtue.vn\/wp-content\/uploads\/2022\/10\/Value_Logo_Minhtue_1920B.gif","contentUrl":"https:\/\/www.minhtue.vn\/wp-content\/uploads\/2022\/10\/Value_Logo_Minhtue_1920B.gif","width":1920,"height":1920,"caption":"C\u00f4ng ty c\u1ed5 ph\u1ea7n \u0111\u1ea7u t\u01b0 th\u01b0\u01a1ng m\u1ea1i Minh Tu\u1ec7"},"image":{"@id":"https:\/\/www.minhtue.vn\/#\/schema\/logo\/image\/"},"sameAs":["https:\/\/facebook.com\/vannt16.vt","https:\/\/x.com\/vannt16vt"]}]}},"jetpack_sharing_enabled":true,"_links":{"self":[{"href":"https:\/\/www.minhtue.vn\/en\/wp-json\/wp\/v2\/product\/861","targetHints":{"allow":["GET"]}}],"collection":[{"href":"https:\/\/www.minhtue.vn\/en\/wp-json\/wp\/v2\/product"}],"about":[{"href":"https:\/\/www.minhtue.vn\/en\/wp-json\/wp\/v2\/types\/product"}],"replies":[{"embeddable":true,"href":"https:\/\/www.minhtue.vn\/en\/wp-json\/wp\/v2\/comments?post=861"}],"wp:featuredmedia":[{"embeddable":true,"href":"https:\/\/www.minhtue.vn\/en\/wp-json\/wp\/v2\/media\/862"}],"wp:attachment":[{"href":"https:\/\/www.minhtue.vn\/en\/wp-json\/wp\/v2\/media?parent=861"}],"wp:term":[{"taxonomy":"product_brand","embeddable":true,"href":"https:\/\/www.minhtue.vn\/en\/wp-json\/wp\/v2\/product_brand?post=861"},{"taxonomy":"product_cat","embeddable":true,"href":"https:\/\/www.minhtue.vn\/en\/wp-json\/wp\/v2\/product_cat?post=861"},{"taxonomy":"product_tag","embeddable":true,"href":"https:\/\/www.minhtue.vn\/en\/wp-json\/wp\/v2\/product_tag?post=861"}],"curies":[{"name":"wp","href":"https:\/\/api.w.org\/{rel}","templated":true}]}}