{"id":981,"date":"2022-10-12T15:04:11","date_gmt":"2022-10-12T08:04:11","guid":{"rendered":"https:\/\/www.minhtue.vn\/?post_type=product&#038;p=981"},"modified":"2025-01-17T22:39:28","modified_gmt":"2025-01-17T15:39:28","slug":"vien-nen-woodpellet","status":"publish","type":"product","link":"https:\/\/www.minhtue.vn\/en\/product\/vien-nen-woodpellet\/","title":{"rendered":"Woodpellet"},"content":{"rendered":"<h1><strong>Sawdust pellets (wood pellets, wood pellets, woodpellet)<\/strong><\/h1>\n<p>Minh Tue Producing and distributing sawdust pellets (wood pellets, pressed wood pellets, woodpellet).<br \/>\nUses of wood pellets sawdust:<br \/>\nLining barns, farms (chickens, horses, cows, goats ...)<br \/>\nUsed in heating equipment systems such as fireplaces (replace electricity, coal, oil, firewood...)<br \/>\nUsed in combustion equipment in industries and civil<br \/>\nLaundry in the garment factory.<br \/>\nSteaming, drying, pasteurizing, sterilizing in food and beverage factories.<br \/>\nConfectionery factory, paper factory, textile dyeing\u2026<br \/>\nDrying wood, drying foam, drying fish meal for animal feed, steaming bamboo and rattan.<br \/>\nWine cooker system.<br \/>\nCooking system, industrial kitchen<br \/>\nFour-season heated swimming pool, hot water network for amusement parks and restaurants, hotels, schools, rehabilitation areas.<br \/>\nSauna and massage system.<br \/>\nThe system makes pho, vermicelli, wet cake and other foods.<br \/>\nBenefits of sawdust pellets:<\/p>\n<p>Low cost, high energy<br \/>\nConvenient transportation due to small size<br \/>\nSimple to use, easy to clean<br \/>\nSave storage space<br \/>\nNo pollution to the air and the environment (because no additives are used in the production process)<br \/>\nMake use of the ash as a clean fertilizer\u2026<\/p>","protected":false},"excerpt":{"rendered":"<p><strong>Sawdust pellets (wood pellets, wood pellets, woodpellet)<\/strong><br \/>\nLow cost, high energy<br \/>\nConvenient transportation due to small size<br \/>\nSimple to use, easy to clean<br \/>\nSave storage space<br \/>\nNo pollution to the air and the environment (because no additives are used in the production process)<br \/>\nMake use of the ash as a clean fertilizer\u2026<\/p>\n<h3 id=\"lien_he\" class=\"block-title\"><strong>Contact Info<\/strong><\/h3>\n<ul>\n<li><strong>Minh Tue Trading Investment Joint Stock Company<\/strong><\/li>\n<li><strong>Add<\/strong> Vinh Hung, Hoang Mai, Hanoi<\/li>\n<li><strong>Phone<\/strong> 0246.3247.8999 &#8211; 0981.123.789<\/li>\n<li><strong>Email:<\/strong> info@minhtue.vn<\/li>\n<li><strong>Website:<\/strong> minhtue.vn<\/li>\n<\/ul>","protected":false},"featured_media":983,"comment_status":"open","ping_status":"closed","template":"","meta":[],"product_brand":[],"product_cat":[56],"product_tag":[118,117,120,119],"class_list":{"0":"post-981","1":"product","2":"type-product","3":"status-publish","4":"has-post-thumbnail","6":"product_cat-go","7":"product_tag-vien-go-nen","8":"product_tag-vien-nen","9":"product_tag-vien-nen-xuat-khau","10":"product_tag-wood-pellet","12":"first","13":"instock","14":"sale","15":"shipping-taxable","16":"purchasable","17":"product-type-simple"},"yoast_head":"<!-- This site is optimized with the Yoast SEO plugin v24.7 - https:\/\/yoast.com\/wordpress\/plugins\/seo\/ -->\n<title>Vi\u00ean n\u00e9n - MINH TUE TRADING INVESTMENT JOINT STOCK COMPANY<\/title>\n<meta name=\"robots\" content=\"index, follow, max-snippet:-1, max-image-preview:large, max-video-preview:-1\" \/>\n<link rel=\"canonical\" href=\"https:\/\/www.minhtue.vn\/en\/product\/vien-nen-woodpellet\/\" \/>\n<meta property=\"og:locale\" content=\"en_US\" \/>\n<meta property=\"og:type\" content=\"article\" \/>\n<meta property=\"og:title\" content=\"Vi\u00ean n\u00e9n - MINH TUE TRADING INVESTMENT JOINT STOCK COMPANY\" \/>\n<meta property=\"og:description\" content=\"Vi\u00ean n\u00e9n m\u00f9n c\u01b0a (vi\u00ean g\u1ed7 n\u00e9n, vi\u00ean c\u1ee7i \u00e9p, woodpellet) Gi\u00e1 th\u00e0nh r\u1ebb, n\u0103ng l\u01b0\u1ee3ng cao V\u1eadn chuy\u1ec3n ti\u1ec7n l\u1ee3i do k\u00edch th\u01b0\u1edbc nh\u1ecf S\u1eed d\u1ee5ng \u0111\u01a1n gi\u1ea3n, v\u1ec7 sinh d\u1ec5 d\u00e0ng Ti\u1ebft ki\u1ec7m kh\u00f4ng gian l\u01b0u tr\u1eef Kh\u00f4ng g\u00e2y \u00f4 nhi\u1ec3m kh\u00f4ng kh\u00ed, m\u00f4i tr\u01b0\u1eddng (do kh\u00f4ng s\u1eed dung ph\u1ee5 gia trong qu\u00e1 tr\u00ecnh s\u1ea3n xu\u1ea5t) T\u1eadn d\u1ee5ng ph\u1ea7n tro l\u00e0m ph\u00e2n b\u00f3n s\u1ea1ch\u2026 Th\u00f4ng tin li\u00ean h\u1ec7   C\u00f4ng ty C\u1ed5 ph\u1ea7n \u0110\u1ea7u t\u01b0 Th\u01b0\u01a1ng M\u1ea1i Minh Tu\u1ec7  \u0110\u1ecba ch\u1ec9: V\u0129nh H\u01b0ng, Ho\u00e0ng Mai, H\u00e0 N\u1ed9i  \u0110i\u1ec7n tho\u1ea1i: 0246.3247.8999 - 0981.123.789  Email: info@minhtue.vn  Website: minhtue.vn\" \/>\n<meta property=\"og:url\" content=\"https:\/\/www.minhtue.vn\/en\/product\/vien-nen-woodpellet\/\" \/>\n<meta property=\"og:site_name\" content=\"MINH TUE TRADING INVESTMENT JOINT STOCK COMPANY\" \/>\n<meta property=\"article:publisher\" content=\"https:\/\/facebook.com\/vannt16.vt\" \/>\n<meta property=\"article:modified_time\" content=\"2025-01-17T15:39:28+00:00\" \/>\n<meta property=\"og:image\" content=\"https:\/\/www.minhtue.vn\/wp-content\/uploads\/2022\/10\/vien-nen-mun-cua-sao-viet.jpeg\" \/>\n\t<meta property=\"og:image:width\" content=\"500\" \/>\n\t<meta property=\"og:image:height\" content=\"400\" \/>\n\t<meta property=\"og:image:type\" content=\"image\/jpeg\" \/>\n<meta name=\"twitter:card\" content=\"summary_large_image\" \/>\n<meta name=\"twitter:site\" content=\"@vannt16vt\" \/>\n<meta name=\"twitter:label1\" content=\"Est. reading time\" \/>\n\t<meta name=\"twitter:data1\" content=\"2 minutes\" \/>\n<script type=\"application\/ld+json\" class=\"yoast-schema-graph\">{\"@context\":\"https:\/\/schema.org\",\"@graph\":[{\"@type\":\"WebPage\",\"@id\":\"https:\/\/www.minhtue.vn\/san-pham\/vien-nen-woodpellet\/\",\"url\":\"https:\/\/www.minhtue.vn\/san-pham\/vien-nen-woodpellet\/\",\"name\":\"Vi\u00ean n\u00e9n - MINH TUE TRADING INVESTMENT JOINT STOCK COMPANY\",\"isPartOf\":{\"@id\":\"https:\/\/www.minhtue.vn\/#website\"},\"primaryImageOfPage\":{\"@id\":\"https:\/\/www.minhtue.vn\/san-pham\/vien-nen-woodpellet\/#primaryimage\"},\"image\":{\"@id\":\"https:\/\/www.minhtue.vn\/san-pham\/vien-nen-woodpellet\/#primaryimage\"},\"thumbnailUrl\":\"https:\/\/i0.wp.com\/www.minhtue.vn\/wp-content\/uploads\/2022\/10\/vien-nen-mun-cua-sao-viet.jpeg?fit=500%2C400&ssl=1\",\"datePublished\":\"2022-10-12T08:04:11+00:00\",\"dateModified\":\"2025-01-17T15:39:28+00:00\",\"breadcrumb\":{\"@id\":\"https:\/\/www.minhtue.vn\/san-pham\/vien-nen-woodpellet\/#breadcrumb\"},\"inLanguage\":\"en-US\",\"potentialAction\":[{\"@type\":\"ReadAction\",\"target\":[\"https:\/\/www.minhtue.vn\/san-pham\/vien-nen-woodpellet\/\"]}]},{\"@type\":\"ImageObject\",\"inLanguage\":\"en-US\",\"@id\":\"https:\/\/www.minhtue.vn\/san-pham\/vien-nen-woodpellet\/#primaryimage\",\"url\":\"https:\/\/i0.wp.com\/www.minhtue.vn\/wp-content\/uploads\/2022\/10\/vien-nen-mun-cua-sao-viet.jpeg?fit=500%2C400&ssl=1\",\"contentUrl\":\"https:\/\/i0.wp.com\/www.minhtue.vn\/wp-content\/uploads\/2022\/10\/vien-nen-mun-cua-sao-viet.jpeg?fit=500%2C400&ssl=1\",\"width\":500,\"height\":400},{\"@type\":\"BreadcrumbList\",\"@id\":\"https:\/\/www.minhtue.vn\/san-pham\/vien-nen-woodpellet\/#breadcrumb\",\"itemListElement\":[{\"@type\":\"ListItem\",\"position\":1,\"name\":\"Trang ch\u1ee7\",\"item\":\"https:\/\/www.minhtue.vn\/\"},{\"@type\":\"ListItem\",\"position\":2,\"name\":\"C\u1eeda h\u00e0ng\",\"item\":\"https:\/\/www.minhtue.vn\/cua-hang\/\"},{\"@type\":\"ListItem\",\"position\":3,\"name\":\"Vi\u00ean n\u00e9n\"}]},{\"@type\":\"WebSite\",\"@id\":\"https:\/\/www.minhtue.vn\/#website\",\"url\":\"https:\/\/www.minhtue.vn\/\",\"name\":\"MINH TUE TRADING INVESTMENT JOINT STOCK COMPANY\",\"description\":\"Value In Your Hands!\",\"publisher\":{\"@id\":\"https:\/\/www.minhtue.vn\/#organization\"},\"potentialAction\":[{\"@type\":\"SearchAction\",\"target\":{\"@type\":\"EntryPoint\",\"urlTemplate\":\"https:\/\/www.minhtue.vn\/?s={search_term_string}\"},\"query-input\":{\"@type\":\"PropertyValueSpecification\",\"valueRequired\":true,\"valueName\":\"search_term_string\"}}],\"inLanguage\":\"en-US\"},{\"@type\":\"Organization\",\"@id\":\"https:\/\/www.minhtue.vn\/#organization\",\"name\":\"C\u00f4ng ty c\u1ed5 ph\u1ea7n \u0111\u1ea7u t\u01b0 th\u01b0\u01a1ng m\u1ea1i Minh Tu\u1ec7\",\"url\":\"https:\/\/www.minhtue.vn\/\",\"logo\":{\"@type\":\"ImageObject\",\"inLanguage\":\"en-US\",\"@id\":\"https:\/\/www.minhtue.vn\/#\/schema\/logo\/image\/\",\"url\":\"https:\/\/www.minhtue.vn\/wp-content\/uploads\/2022\/10\/Value_Logo_Minhtue_1920B.gif\",\"contentUrl\":\"https:\/\/www.minhtue.vn\/wp-content\/uploads\/2022\/10\/Value_Logo_Minhtue_1920B.gif\",\"width\":1920,\"height\":1920,\"caption\":\"C\u00f4ng ty c\u1ed5 ph\u1ea7n \u0111\u1ea7u t\u01b0 th\u01b0\u01a1ng m\u1ea1i Minh Tu\u1ec7\"},\"image\":{\"@id\":\"https:\/\/www.minhtue.vn\/#\/schema\/logo\/image\/\"},\"sameAs\":[\"https:\/\/facebook.com\/vannt16.vt\",\"https:\/\/x.com\/vannt16vt\"]}]}<\/script>\n<!-- \/ Yoast SEO plugin. -->","yoast_head_json":{"title":"Vi\u00ean n\u00e9n - MINH TUE TRADING INVESTMENT JOINT STOCK COMPANY","robots":{"index":"index","follow":"follow","max-snippet":"max-snippet:-1","max-image-preview":"max-image-preview:large","max-video-preview":"max-video-preview:-1"},"canonical":"https:\/\/www.minhtue.vn\/en\/product\/vien-nen-woodpellet\/","og_locale":"en_US","og_type":"article","og_title":"Vi\u00ean n\u00e9n - MINH TUE TRADING INVESTMENT JOINT STOCK COMPANY","og_description":"Vi\u00ean n\u00e9n m\u00f9n c\u01b0a (vi\u00ean g\u1ed7 n\u00e9n, vi\u00ean c\u1ee7i \u00e9p, woodpellet) Gi\u00e1 th\u00e0nh r\u1ebb, n\u0103ng l\u01b0\u1ee3ng cao V\u1eadn chuy\u1ec3n ti\u1ec7n l\u1ee3i do k\u00edch th\u01b0\u1edbc nh\u1ecf S\u1eed d\u1ee5ng \u0111\u01a1n gi\u1ea3n, v\u1ec7 sinh d\u1ec5 d\u00e0ng Ti\u1ebft ki\u1ec7m kh\u00f4ng gian l\u01b0u tr\u1eef Kh\u00f4ng g\u00e2y \u00f4 nhi\u1ec3m kh\u00f4ng kh\u00ed, m\u00f4i tr\u01b0\u1eddng (do kh\u00f4ng s\u1eed dung ph\u1ee5 gia trong qu\u00e1 tr\u00ecnh s\u1ea3n xu\u1ea5t) T\u1eadn d\u1ee5ng ph\u1ea7n tro l\u00e0m ph\u00e2n b\u00f3n s\u1ea1ch\u2026 Th\u00f4ng tin li\u00ean h\u1ec7   C\u00f4ng ty C\u1ed5 ph\u1ea7n \u0110\u1ea7u t\u01b0 Th\u01b0\u01a1ng M\u1ea1i Minh Tu\u1ec7  \u0110\u1ecba ch\u1ec9: V\u0129nh H\u01b0ng, Ho\u00e0ng Mai, H\u00e0 N\u1ed9i  \u0110i\u1ec7n tho\u1ea1i: 0246.3247.8999 - 0981.123.789  Email: info@minhtue.vn  Website: minhtue.vn","og_url":"https:\/\/www.minhtue.vn\/en\/product\/vien-nen-woodpellet\/","og_site_name":"MINH TUE TRADING INVESTMENT JOINT STOCK COMPANY","article_publisher":"https:\/\/facebook.com\/vannt16.vt","article_modified_time":"2025-01-17T15:39:28+00:00","og_image":[{"width":500,"height":400,"url":"https:\/\/www.minhtue.vn\/wp-content\/uploads\/2022\/10\/vien-nen-mun-cua-sao-viet.jpeg","type":"image\/jpeg"}],"twitter_card":"summary_large_image","twitter_site":"@vannt16vt","twitter_misc":{"Est. reading time":"2 minutes"},"schema":{"@context":"https:\/\/schema.org","@graph":[{"@type":"WebPage","@id":"https:\/\/www.minhtue.vn\/san-pham\/vien-nen-woodpellet\/","url":"https:\/\/www.minhtue.vn\/san-pham\/vien-nen-woodpellet\/","name":"Vi\u00ean n\u00e9n - MINH TUE TRADING INVESTMENT JOINT STOCK COMPANY","isPartOf":{"@id":"https:\/\/www.minhtue.vn\/#website"},"primaryImageOfPage":{"@id":"https:\/\/www.minhtue.vn\/san-pham\/vien-nen-woodpellet\/#primaryimage"},"image":{"@id":"https:\/\/www.minhtue.vn\/san-pham\/vien-nen-woodpellet\/#primaryimage"},"thumbnailUrl":"https:\/\/i0.wp.com\/www.minhtue.vn\/wp-content\/uploads\/2022\/10\/vien-nen-mun-cua-sao-viet.jpeg?fit=500%2C400&ssl=1","datePublished":"2022-10-12T08:04:11+00:00","dateModified":"2025-01-17T15:39:28+00:00","breadcrumb":{"@id":"https:\/\/www.minhtue.vn\/san-pham\/vien-nen-woodpellet\/#breadcrumb"},"inLanguage":"en-US","potentialAction":[{"@type":"ReadAction","target":["https:\/\/www.minhtue.vn\/san-pham\/vien-nen-woodpellet\/"]}]},{"@type":"ImageObject","inLanguage":"en-US","@id":"https:\/\/www.minhtue.vn\/san-pham\/vien-nen-woodpellet\/#primaryimage","url":"https:\/\/i0.wp.com\/www.minhtue.vn\/wp-content\/uploads\/2022\/10\/vien-nen-mun-cua-sao-viet.jpeg?fit=500%2C400&ssl=1","contentUrl":"https:\/\/i0.wp.com\/www.minhtue.vn\/wp-content\/uploads\/2022\/10\/vien-nen-mun-cua-sao-viet.jpeg?fit=500%2C400&ssl=1","width":500,"height":400},{"@type":"BreadcrumbList","@id":"https:\/\/www.minhtue.vn\/san-pham\/vien-nen-woodpellet\/#breadcrumb","itemListElement":[{"@type":"ListItem","position":1,"name":"Trang ch\u1ee7","item":"https:\/\/www.minhtue.vn\/"},{"@type":"ListItem","position":2,"name":"C\u1eeda h\u00e0ng","item":"https:\/\/www.minhtue.vn\/cua-hang\/"},{"@type":"ListItem","position":3,"name":"Vi\u00ean n\u00e9n"}]},{"@type":"WebSite","@id":"https:\/\/www.minhtue.vn\/#website","url":"https:\/\/www.minhtue.vn\/","name":"MINH TUE TRADING INVESTMENT JOINT STOCK COMPANY","description":"Value In Your Hands!","publisher":{"@id":"https:\/\/www.minhtue.vn\/#organization"},"potentialAction":[{"@type":"SearchAction","target":{"@type":"EntryPoint","urlTemplate":"https:\/\/www.minhtue.vn\/?s={search_term_string}"},"query-input":{"@type":"PropertyValueSpecification","valueRequired":true,"valueName":"search_term_string"}}],"inLanguage":"en-US"},{"@type":"Organization","@id":"https:\/\/www.minhtue.vn\/#organization","name":"C\u00f4ng ty c\u1ed5 ph\u1ea7n \u0111\u1ea7u t\u01b0 th\u01b0\u01a1ng m\u1ea1i Minh Tu\u1ec7","url":"https:\/\/www.minhtue.vn\/","logo":{"@type":"ImageObject","inLanguage":"en-US","@id":"https:\/\/www.minhtue.vn\/#\/schema\/logo\/image\/","url":"https:\/\/www.minhtue.vn\/wp-content\/uploads\/2022\/10\/Value_Logo_Minhtue_1920B.gif","contentUrl":"https:\/\/www.minhtue.vn\/wp-content\/uploads\/2022\/10\/Value_Logo_Minhtue_1920B.gif","width":1920,"height":1920,"caption":"C\u00f4ng ty c\u1ed5 ph\u1ea7n \u0111\u1ea7u t\u01b0 th\u01b0\u01a1ng m\u1ea1i Minh Tu\u1ec7"},"image":{"@id":"https:\/\/www.minhtue.vn\/#\/schema\/logo\/image\/"},"sameAs":["https:\/\/facebook.com\/vannt16.vt","https:\/\/x.com\/vannt16vt"]}]}},"jetpack_sharing_enabled":true,"_links":{"self":[{"href":"https:\/\/www.minhtue.vn\/en\/wp-json\/wp\/v2\/product\/981","targetHints":{"allow":["GET"]}}],"collection":[{"href":"https:\/\/www.minhtue.vn\/en\/wp-json\/wp\/v2\/product"}],"about":[{"href":"https:\/\/www.minhtue.vn\/en\/wp-json\/wp\/v2\/types\/product"}],"replies":[{"embeddable":true,"href":"https:\/\/www.minhtue.vn\/en\/wp-json\/wp\/v2\/comments?post=981"}],"wp:featuredmedia":[{"embeddable":true,"href":"https:\/\/www.minhtue.vn\/en\/wp-json\/wp\/v2\/media\/983"}],"wp:attachment":[{"href":"https:\/\/www.minhtue.vn\/en\/wp-json\/wp\/v2\/media?parent=981"}],"wp:term":[{"taxonomy":"product_brand","embeddable":true,"href":"https:\/\/www.minhtue.vn\/en\/wp-json\/wp\/v2\/product_brand?post=981"},{"taxonomy":"product_cat","embeddable":true,"href":"https:\/\/www.minhtue.vn\/en\/wp-json\/wp\/v2\/product_cat?post=981"},{"taxonomy":"product_tag","embeddable":true,"href":"https:\/\/www.minhtue.vn\/en\/wp-json\/wp\/v2\/product_tag?post=981"}],"curies":[{"name":"wp","href":"https:\/\/api.w.org\/{rel}","templated":true}]}}