{"id":985,"date":"2022-10-12T15:14:38","date_gmt":"2022-10-12T08:14:38","guid":{"rendered":"https:\/\/www.minhtue.vn\/?post_type=product&#038;p=985"},"modified":"2025-01-18T14:06:44","modified_gmt":"2025-01-18T07:06:44","slug":"dam-go-wood-chips","status":"publish","type":"product","link":"https:\/\/www.minhtue.vn\/en\/product\/dam-go-wood-chips\/","title":{"rendered":"Wood Chips"},"content":{"rendered":"<h1><strong>Wood chips - Wood chips.<\/strong><\/h1>\n<p>Minh Tue Producing and distributing export wood chips (Good Chips). OLD<span style=\"color: #333333;\">High quality export standard to make industrial paper materials for Japan&#039;s oldest and largest corporations<\/span><\/p>\n<div class=\"product-short-description\">\n<div id=\"news-bodyhtml\" class=\"bodytext margin-bottom-lg\">\n<div class=\"sapo-chitiet\">\n<p>Minh Tue Trading Investment Joint Stock Company with a system of 5 woodchip factories operating in the northern provinces such as Lang Son, Phu Tho, Quang Ninh, Hanoi, .. has an average output of 15,000-20,000 BDMT. \/month.<\/p>\n<h1><strong><img data-recalc-dims=\"1\" loading=\"lazy\" decoding=\"async\" class=\"alignnone size-medium wp-image-1069\" src=\"https:\/\/i0.wp.com\/www.minhtue.vn\/wp-content\/uploads\/2022\/10\/Screenshot-2020-12-16-084133.png?resize=300%2C295&#038;ssl=1\" alt=\"\" width=\"300\" height=\"295\" srcset=\"https:\/\/i0.wp.com\/www.minhtue.vn\/wp-content\/uploads\/2022\/10\/Screenshot-2020-12-16-084133.png?resize=300%2C295&amp;ssl=1 300w, https:\/\/i0.wp.com\/www.minhtue.vn\/wp-content\/uploads\/2022\/10\/Screenshot-2020-12-16-084133.png?resize=12%2C12&amp;ssl=1 12w, https:\/\/i0.wp.com\/www.minhtue.vn\/wp-content\/uploads\/2022\/10\/Screenshot-2020-12-16-084133.png?resize=510%2C501&amp;ssl=1 510w, https:\/\/i0.wp.com\/www.minhtue.vn\/wp-content\/uploads\/2022\/10\/Screenshot-2020-12-16-084133.png?w=517&amp;ssl=1 517w\" sizes=\"auto, (max-width: 300px) 100vw, 300px\" \/><\/strong><\/h1>\n<p><em>(raw material from wood)<\/em><\/p>\n<p>Product specifications: Acacia hybrid wood chips and eucalyptus wood chips, which can be used in the paper industry.<\/p>\n<ul>\n<li>Size: &gt;40mm occupies up to 5%<\/li>\n<li>Size: 9.5 to 40mm occupies 85%<\/li>\n<li>Size: from 4.8 to 9.5mm occupy less than 6%<\/li>\n<li>Size: &lt;4.8mm occupies 3%<\/li>\n<li>Type of rotting and crumbling bark: less than 1%<\/li>\n<li>Humidity: 20% BDMT<\/li>\n<\/ul>\n<p>The woodchip production process of Minh Tue Investment and Trading Joint Stock Company meets export standards for the most demanding markets such as Japan, Korea, India, China, etc.<\/p>\n<\/div>\n<\/div>\n<\/div>\n<p>&nbsp;<\/p>","protected":false},"excerpt":{"rendered":"<h3><strong>Wood chips - Wood chips.<\/strong><\/h3>\n<p>Minh Tue Producing and distributing export wood chips (Good Chips). OLD<span style=\"color: #333333;\">High quality export standard to make industrial paper materials for Japan&#039;s oldest and largest corporations<\/span><\/p>\n<div class=\"product-short-description\">\n<div id=\"news-bodyhtml\" class=\"bodytext margin-bottom-lg\">\n<div class=\"sapo-chitiet\">\n<p>Minh Tue Trading Investment Joint Stock Company with a system of 5 woodchip factories operating in the northern provinces such as Lang Son, Phu Tho, Quang Ninh, Hanoi, .. has an average output of 15,000-20,000 BDMT. \/month.<\/p>\n<p>The woodchip production process of Minh Tue Investment and Trading Joint Stock Company meets export standards for the most demanding markets such as Japan, Korea, India, China, etc.<\/p>\n<h3 id=\"lien_he\" class=\"block-title\"><strong>Contact Info<\/strong><\/h3>\n<ul>\n<li><strong>Minh Tue Trading Investment Joint Stock Company<\/strong><\/li>\n<li><strong>Add<\/strong> Vinh Hung, Hoang Mai, Hanoi<\/li>\n<li><strong>Phone<\/strong> 0246.3247.8999 &#8211; 0981.123.789<\/li>\n<li><strong>Email:<\/strong> info@minhtue.vn<\/li>\n<li><strong>Website:<\/strong> minhtue.vn<\/li>\n<\/ul>\n<\/div>\n<\/div>\n<\/div>","protected":false},"featured_media":986,"comment_status":"open","ping_status":"closed","template":"","meta":[],"product_brand":[],"product_cat":[56],"product_tag":[114,113,116,115],"class_list":{"0":"post-985","1":"product","2":"type-product","3":"status-publish","4":"has-post-thumbnail","6":"product_cat-go","7":"product_tag-dam-chip","8":"product_tag-dam-go","9":"product_tag-dam-go-xuat-khau","10":"product_tag-wood-chips","12":"first","13":"instock","14":"sale","15":"shipping-taxable","16":"purchasable","17":"product-type-simple"},"yoast_head":"<!-- This site is optimized with the Yoast SEO plugin v24.7 - https:\/\/yoast.com\/wordpress\/plugins\/seo\/ -->\n<title>D\u0103m g\u1ed7 - MINH TUE TRADING INVESTMENT JOINT STOCK COMPANY<\/title>\n<meta name=\"robots\" content=\"index, follow, max-snippet:-1, max-image-preview:large, max-video-preview:-1\" \/>\n<link rel=\"canonical\" href=\"https:\/\/www.minhtue.vn\/en\/product\/dam-go-wood-chips\/\" \/>\n<meta property=\"og:locale\" content=\"en_US\" \/>\n<meta property=\"og:type\" content=\"article\" \/>\n<meta property=\"og:title\" content=\"D\u0103m g\u1ed7 - MINH TUE TRADING INVESTMENT JOINT STOCK COMPANY\" \/>\n<meta property=\"og:description\" content=\"D\u0103m g\u1ed7 - Wood chips. Minh Tu\u1ec7 S\u1ea3n xu\u1ea5t v\u00e0 ph\u00e2n ph\u1ed1i d\u0103m g\u1ed7 xu\u1ea5t kh\u1ea9u (Good Chips). Ch\u1ea5t l\u01b0\u1ee3ng cao \u0111\u1ea1t ti\u00eau chu\u1ea9n xu\u1ea5t kh\u1ea9u \u0111\u1ec3 l\u00e0m nguy\u00ean li\u1ec7u gi\u1ea5y c\u00f4ng nghi\u1ec7p cho c\u00e1c t\u1eadp \u0111o\u00e0n l\u1edbn v\u00e0 l\u00e2u \u0111\u1eddi nh\u1ea5t Nh\u1eadt B\u1ea3n     C\u00f4ng ty CP \u0111\u1ea7u t\u01b0 th\u01b0\u01a1ng m\u1ea1i Minh Tu\u1ec7 v\u1edbi h\u1ec7 th\u1ed1ng 5 x\u01b0\u1edfng s\u1ea3n xu\u1ea5t d\u0103m g\u1ed7 \u0111ang ho\u1ea1t \u0111\u1ed9ng tr\u00ean c\u00e1c t\u1ec9nh ph\u00eda b\u1eafc nh\u01b0 L\u1ea1ng S\u01a1n, Ph\u00fa Th\u1ecd, Qu\u1ea3ng Ninh, H\u00e0 N\u1ed9i,.. c\u00f3 s\u1ea3n l\u01b0\u1ee3ng trung b\u00ecnh 15.000-20.000 BDMT\/th\u00e1ng.  Quy tr\u00ecnh s\u1ea3n xu\u1ea5t d\u0103m g\u1ed7 c\u1ee7a C\u00f4ng ty CP \u0111\u1ea7u t\u01b0 th\u01b0\u01a1ng m\u1ea1i Minh Tu\u1ec7 \u0111\u1ea1t ti\u00eau chu\u1ea9n xu\u1ea5t kh\u1ea9u cho nh\u1eefng th\u1ecb tr\u01b0\u1eddng kh\u00f3 t\u00ednh nh\u1ea5t nh\u01b0: Nh\u1eadt B\u1ea3n, H\u00e0n Qu\u1ed1c, \u1ea4n \u0110\u1ed9, Trung Qu\u1ed1c,\u2026 Th\u00f4ng tin li\u00ean h\u1ec7   C\u00f4ng ty C\u1ed5 ph\u1ea7n \u0110\u1ea7u t\u01b0 Th\u01b0\u01a1ng M\u1ea1i Minh Tu\u1ec7  \u0110\u1ecba ch\u1ec9: V\u0129nh H\u01b0ng, Ho\u00e0ng Mai, H\u00e0 N\u1ed9i  \u0110i\u1ec7n tho\u1ea1i: 0246.3247.8999 - 0981.123.789  Email: info@minhtue.vn  Website: minhtue.vn\" \/>\n<meta property=\"og:url\" content=\"https:\/\/www.minhtue.vn\/en\/product\/dam-go-wood-chips\/\" \/>\n<meta property=\"og:site_name\" content=\"MINH TUE TRADING INVESTMENT JOINT STOCK COMPANY\" \/>\n<meta property=\"article:publisher\" content=\"https:\/\/facebook.com\/vannt16.vt\" \/>\n<meta property=\"article:modified_time\" content=\"2025-01-18T07:06:44+00:00\" \/>\n<meta property=\"og:image\" content=\"https:\/\/www.minhtue.vn\/wp-content\/uploads\/2022\/10\/dam-go-xuat-khau.jpeg\" \/>\n\t<meta property=\"og:image:width\" content=\"800\" \/>\n\t<meta property=\"og:image:height\" content=\"600\" \/>\n\t<meta property=\"og:image:type\" content=\"image\/jpeg\" \/>\n<meta name=\"twitter:card\" content=\"summary_large_image\" \/>\n<meta name=\"twitter:site\" content=\"@vannt16vt\" \/>\n<meta name=\"twitter:label1\" content=\"Est. reading time\" \/>\n\t<meta name=\"twitter:data1\" content=\"2 minutes\" \/>\n<script type=\"application\/ld+json\" class=\"yoast-schema-graph\">{\"@context\":\"https:\/\/schema.org\",\"@graph\":[{\"@type\":\"WebPage\",\"@id\":\"https:\/\/www.minhtue.vn\/san-pham\/dam-go-wood-chips\/\",\"url\":\"https:\/\/www.minhtue.vn\/san-pham\/dam-go-wood-chips\/\",\"name\":\"D\u0103m g\u1ed7 - MINH TUE TRADING INVESTMENT JOINT STOCK COMPANY\",\"isPartOf\":{\"@id\":\"https:\/\/www.minhtue.vn\/#website\"},\"primaryImageOfPage\":{\"@id\":\"https:\/\/www.minhtue.vn\/san-pham\/dam-go-wood-chips\/#primaryimage\"},\"image\":{\"@id\":\"https:\/\/www.minhtue.vn\/san-pham\/dam-go-wood-chips\/#primaryimage\"},\"thumbnailUrl\":\"https:\/\/i0.wp.com\/www.minhtue.vn\/wp-content\/uploads\/2022\/10\/dam-go-xuat-khau.jpeg?fit=800%2C600&ssl=1\",\"datePublished\":\"2022-10-12T08:14:38+00:00\",\"dateModified\":\"2025-01-18T07:06:44+00:00\",\"breadcrumb\":{\"@id\":\"https:\/\/www.minhtue.vn\/san-pham\/dam-go-wood-chips\/#breadcrumb\"},\"inLanguage\":\"en-US\",\"potentialAction\":[{\"@type\":\"ReadAction\",\"target\":[\"https:\/\/www.minhtue.vn\/san-pham\/dam-go-wood-chips\/\"]}]},{\"@type\":\"ImageObject\",\"inLanguage\":\"en-US\",\"@id\":\"https:\/\/www.minhtue.vn\/san-pham\/dam-go-wood-chips\/#primaryimage\",\"url\":\"https:\/\/i0.wp.com\/www.minhtue.vn\/wp-content\/uploads\/2022\/10\/dam-go-xuat-khau.jpeg?fit=800%2C600&ssl=1\",\"contentUrl\":\"https:\/\/i0.wp.com\/www.minhtue.vn\/wp-content\/uploads\/2022\/10\/dam-go-xuat-khau.jpeg?fit=800%2C600&ssl=1\",\"width\":800,\"height\":600},{\"@type\":\"BreadcrumbList\",\"@id\":\"https:\/\/www.minhtue.vn\/san-pham\/dam-go-wood-chips\/#breadcrumb\",\"itemListElement\":[{\"@type\":\"ListItem\",\"position\":1,\"name\":\"Trang ch\u1ee7\",\"item\":\"https:\/\/www.minhtue.vn\/\"},{\"@type\":\"ListItem\",\"position\":2,\"name\":\"C\u1eeda h\u00e0ng\",\"item\":\"https:\/\/www.minhtue.vn\/cua-hang\/\"},{\"@type\":\"ListItem\",\"position\":3,\"name\":\"D\u0103m g\u1ed7\"}]},{\"@type\":\"WebSite\",\"@id\":\"https:\/\/www.minhtue.vn\/#website\",\"url\":\"https:\/\/www.minhtue.vn\/\",\"name\":\"MINH TUE TRADING INVESTMENT JOINT STOCK COMPANY\",\"description\":\"Value In Your Hands!\",\"publisher\":{\"@id\":\"https:\/\/www.minhtue.vn\/#organization\"},\"potentialAction\":[{\"@type\":\"SearchAction\",\"target\":{\"@type\":\"EntryPoint\",\"urlTemplate\":\"https:\/\/www.minhtue.vn\/?s={search_term_string}\"},\"query-input\":{\"@type\":\"PropertyValueSpecification\",\"valueRequired\":true,\"valueName\":\"search_term_string\"}}],\"inLanguage\":\"en-US\"},{\"@type\":\"Organization\",\"@id\":\"https:\/\/www.minhtue.vn\/#organization\",\"name\":\"C\u00f4ng ty c\u1ed5 ph\u1ea7n \u0111\u1ea7u t\u01b0 th\u01b0\u01a1ng m\u1ea1i Minh Tu\u1ec7\",\"url\":\"https:\/\/www.minhtue.vn\/\",\"logo\":{\"@type\":\"ImageObject\",\"inLanguage\":\"en-US\",\"@id\":\"https:\/\/www.minhtue.vn\/#\/schema\/logo\/image\/\",\"url\":\"https:\/\/www.minhtue.vn\/wp-content\/uploads\/2022\/10\/Value_Logo_Minhtue_1920B.gif\",\"contentUrl\":\"https:\/\/www.minhtue.vn\/wp-content\/uploads\/2022\/10\/Value_Logo_Minhtue_1920B.gif\",\"width\":1920,\"height\":1920,\"caption\":\"C\u00f4ng ty c\u1ed5 ph\u1ea7n \u0111\u1ea7u t\u01b0 th\u01b0\u01a1ng m\u1ea1i Minh Tu\u1ec7\"},\"image\":{\"@id\":\"https:\/\/www.minhtue.vn\/#\/schema\/logo\/image\/\"},\"sameAs\":[\"https:\/\/facebook.com\/vannt16.vt\",\"https:\/\/x.com\/vannt16vt\"]}]}<\/script>\n<!-- \/ Yoast SEO plugin. -->","yoast_head_json":{"title":"D\u0103m g\u1ed7 - MINH TUE TRADING INVESTMENT JOINT STOCK COMPANY","robots":{"index":"index","follow":"follow","max-snippet":"max-snippet:-1","max-image-preview":"max-image-preview:large","max-video-preview":"max-video-preview:-1"},"canonical":"https:\/\/www.minhtue.vn\/en\/product\/dam-go-wood-chips\/","og_locale":"en_US","og_type":"article","og_title":"D\u0103m g\u1ed7 - MINH TUE TRADING INVESTMENT JOINT STOCK COMPANY","og_description":"D\u0103m g\u1ed7 - Wood chips. Minh Tu\u1ec7 S\u1ea3n xu\u1ea5t v\u00e0 ph\u00e2n ph\u1ed1i d\u0103m g\u1ed7 xu\u1ea5t kh\u1ea9u (Good Chips). Ch\u1ea5t l\u01b0\u1ee3ng cao \u0111\u1ea1t ti\u00eau chu\u1ea9n xu\u1ea5t kh\u1ea9u \u0111\u1ec3 l\u00e0m nguy\u00ean li\u1ec7u gi\u1ea5y c\u00f4ng nghi\u1ec7p cho c\u00e1c t\u1eadp \u0111o\u00e0n l\u1edbn v\u00e0 l\u00e2u \u0111\u1eddi nh\u1ea5t Nh\u1eadt B\u1ea3n     C\u00f4ng ty CP \u0111\u1ea7u t\u01b0 th\u01b0\u01a1ng m\u1ea1i Minh Tu\u1ec7 v\u1edbi h\u1ec7 th\u1ed1ng 5 x\u01b0\u1edfng s\u1ea3n xu\u1ea5t d\u0103m g\u1ed7 \u0111ang ho\u1ea1t \u0111\u1ed9ng tr\u00ean c\u00e1c t\u1ec9nh ph\u00eda b\u1eafc nh\u01b0 L\u1ea1ng S\u01a1n, Ph\u00fa Th\u1ecd, Qu\u1ea3ng Ninh, H\u00e0 N\u1ed9i,.. c\u00f3 s\u1ea3n l\u01b0\u1ee3ng trung b\u00ecnh 15.000-20.000 BDMT\/th\u00e1ng.  Quy tr\u00ecnh s\u1ea3n xu\u1ea5t d\u0103m g\u1ed7 c\u1ee7a C\u00f4ng ty CP \u0111\u1ea7u t\u01b0 th\u01b0\u01a1ng m\u1ea1i Minh Tu\u1ec7 \u0111\u1ea1t ti\u00eau chu\u1ea9n xu\u1ea5t kh\u1ea9u cho nh\u1eefng th\u1ecb tr\u01b0\u1eddng kh\u00f3 t\u00ednh nh\u1ea5t nh\u01b0: Nh\u1eadt B\u1ea3n, H\u00e0n Qu\u1ed1c, \u1ea4n \u0110\u1ed9, Trung Qu\u1ed1c,\u2026 Th\u00f4ng tin li\u00ean h\u1ec7   C\u00f4ng ty C\u1ed5 ph\u1ea7n \u0110\u1ea7u t\u01b0 Th\u01b0\u01a1ng M\u1ea1i Minh Tu\u1ec7  \u0110\u1ecba ch\u1ec9: V\u0129nh H\u01b0ng, Ho\u00e0ng Mai, H\u00e0 N\u1ed9i  \u0110i\u1ec7n tho\u1ea1i: 0246.3247.8999 - 0981.123.789  Email: info@minhtue.vn  Website: minhtue.vn","og_url":"https:\/\/www.minhtue.vn\/en\/product\/dam-go-wood-chips\/","og_site_name":"MINH TUE TRADING INVESTMENT JOINT STOCK COMPANY","article_publisher":"https:\/\/facebook.com\/vannt16.vt","article_modified_time":"2025-01-18T07:06:44+00:00","og_image":[{"width":800,"height":600,"url":"https:\/\/www.minhtue.vn\/wp-content\/uploads\/2022\/10\/dam-go-xuat-khau.jpeg","type":"image\/jpeg"}],"twitter_card":"summary_large_image","twitter_site":"@vannt16vt","twitter_misc":{"Est. reading time":"2 minutes"},"schema":{"@context":"https:\/\/schema.org","@graph":[{"@type":"WebPage","@id":"https:\/\/www.minhtue.vn\/san-pham\/dam-go-wood-chips\/","url":"https:\/\/www.minhtue.vn\/san-pham\/dam-go-wood-chips\/","name":"D\u0103m g\u1ed7 - MINH TUE TRADING INVESTMENT JOINT STOCK COMPANY","isPartOf":{"@id":"https:\/\/www.minhtue.vn\/#website"},"primaryImageOfPage":{"@id":"https:\/\/www.minhtue.vn\/san-pham\/dam-go-wood-chips\/#primaryimage"},"image":{"@id":"https:\/\/www.minhtue.vn\/san-pham\/dam-go-wood-chips\/#primaryimage"},"thumbnailUrl":"https:\/\/i0.wp.com\/www.minhtue.vn\/wp-content\/uploads\/2022\/10\/dam-go-xuat-khau.jpeg?fit=800%2C600&ssl=1","datePublished":"2022-10-12T08:14:38+00:00","dateModified":"2025-01-18T07:06:44+00:00","breadcrumb":{"@id":"https:\/\/www.minhtue.vn\/san-pham\/dam-go-wood-chips\/#breadcrumb"},"inLanguage":"en-US","potentialAction":[{"@type":"ReadAction","target":["https:\/\/www.minhtue.vn\/san-pham\/dam-go-wood-chips\/"]}]},{"@type":"ImageObject","inLanguage":"en-US","@id":"https:\/\/www.minhtue.vn\/san-pham\/dam-go-wood-chips\/#primaryimage","url":"https:\/\/i0.wp.com\/www.minhtue.vn\/wp-content\/uploads\/2022\/10\/dam-go-xuat-khau.jpeg?fit=800%2C600&ssl=1","contentUrl":"https:\/\/i0.wp.com\/www.minhtue.vn\/wp-content\/uploads\/2022\/10\/dam-go-xuat-khau.jpeg?fit=800%2C600&ssl=1","width":800,"height":600},{"@type":"BreadcrumbList","@id":"https:\/\/www.minhtue.vn\/san-pham\/dam-go-wood-chips\/#breadcrumb","itemListElement":[{"@type":"ListItem","position":1,"name":"Trang ch\u1ee7","item":"https:\/\/www.minhtue.vn\/"},{"@type":"ListItem","position":2,"name":"C\u1eeda h\u00e0ng","item":"https:\/\/www.minhtue.vn\/cua-hang\/"},{"@type":"ListItem","position":3,"name":"D\u0103m g\u1ed7"}]},{"@type":"WebSite","@id":"https:\/\/www.minhtue.vn\/#website","url":"https:\/\/www.minhtue.vn\/","name":"MINH TUE TRADING INVESTMENT JOINT STOCK COMPANY","description":"Value In Your Hands!","publisher":{"@id":"https:\/\/www.minhtue.vn\/#organization"},"potentialAction":[{"@type":"SearchAction","target":{"@type":"EntryPoint","urlTemplate":"https:\/\/www.minhtue.vn\/?s={search_term_string}"},"query-input":{"@type":"PropertyValueSpecification","valueRequired":true,"valueName":"search_term_string"}}],"inLanguage":"en-US"},{"@type":"Organization","@id":"https:\/\/www.minhtue.vn\/#organization","name":"C\u00f4ng ty c\u1ed5 ph\u1ea7n \u0111\u1ea7u t\u01b0 th\u01b0\u01a1ng m\u1ea1i Minh Tu\u1ec7","url":"https:\/\/www.minhtue.vn\/","logo":{"@type":"ImageObject","inLanguage":"en-US","@id":"https:\/\/www.minhtue.vn\/#\/schema\/logo\/image\/","url":"https:\/\/www.minhtue.vn\/wp-content\/uploads\/2022\/10\/Value_Logo_Minhtue_1920B.gif","contentUrl":"https:\/\/www.minhtue.vn\/wp-content\/uploads\/2022\/10\/Value_Logo_Minhtue_1920B.gif","width":1920,"height":1920,"caption":"C\u00f4ng ty c\u1ed5 ph\u1ea7n \u0111\u1ea7u t\u01b0 th\u01b0\u01a1ng m\u1ea1i Minh Tu\u1ec7"},"image":{"@id":"https:\/\/www.minhtue.vn\/#\/schema\/logo\/image\/"},"sameAs":["https:\/\/facebook.com\/vannt16.vt","https:\/\/x.com\/vannt16vt"]}]}},"jetpack_sharing_enabled":true,"_links":{"self":[{"href":"https:\/\/www.minhtue.vn\/en\/wp-json\/wp\/v2\/product\/985","targetHints":{"allow":["GET"]}}],"collection":[{"href":"https:\/\/www.minhtue.vn\/en\/wp-json\/wp\/v2\/product"}],"about":[{"href":"https:\/\/www.minhtue.vn\/en\/wp-json\/wp\/v2\/types\/product"}],"replies":[{"embeddable":true,"href":"https:\/\/www.minhtue.vn\/en\/wp-json\/wp\/v2\/comments?post=985"}],"wp:featuredmedia":[{"embeddable":true,"href":"https:\/\/www.minhtue.vn\/en\/wp-json\/wp\/v2\/media\/986"}],"wp:attachment":[{"href":"https:\/\/www.minhtue.vn\/en\/wp-json\/wp\/v2\/media?parent=985"}],"wp:term":[{"taxonomy":"product_brand","embeddable":true,"href":"https:\/\/www.minhtue.vn\/en\/wp-json\/wp\/v2\/product_brand?post=985"},{"taxonomy":"product_cat","embeddable":true,"href":"https:\/\/www.minhtue.vn\/en\/wp-json\/wp\/v2\/product_cat?post=985"},{"taxonomy":"product_tag","embeddable":true,"href":"https:\/\/www.minhtue.vn\/en\/wp-json\/wp\/v2\/product_tag?post=985"}],"curies":[{"name":"wp","href":"https:\/\/api.w.org\/{rel}","templated":true}]}}