{"id":987,"date":"2022-10-12T15:36:10","date_gmt":"2022-10-12T08:36:10","guid":{"rendered":"https:\/\/www.minhtue.vn\/?post_type=product&#038;p=987"},"modified":"2026-03-16T22:10:56","modified_gmt":"2026-03-16T15:10:56","slug":"nan-go-pallet","status":"publish","type":"product","link":"https:\/\/www.minhtue.vn\/en\/product\/nan-go-pallet\/","title":{"rendered":"Pallet"},"content":{"rendered":"<h1 class=\"product-title entry-title\"><strong>Slats, sawn timber for export, Pallet wood<\/strong><\/h1>\n<p>Minh Tue Producing and distributing wooden pallets. High quality export standard to make raw materials for manufacturing pallets for the largest and oldest corporations in Japan, Korea and China<\/p>\n<p><em>Specifications of lumber we supply:<\/em><\/p>\n<p>\u2013 Length: From 300mm to 2000mm<\/p>\n<p>\u2013 Width: From 30mm to 200mm<\/p>\n<p>\u2013 Thickness: From 5mm to 100mm<\/p>\n<p>+ Quality: New wood, no mold, no termites, no decay.<\/p>\n<p>+ Moisture: Natural or through drying according to customer&#039;s request<\/p>\n<p>+ Smoothing: According to customer requirements.<\/p>\n<p>The woodchip production process of Minh Tue Investment and Trading Joint Stock Company meets export standards for the most demanding markets such as Japan, Korea, India, China, etc.<\/p>\n<p>&nbsp;<\/p>","protected":false},"excerpt":{"rendered":"<div class=\"product-short-description\">\n<div id=\"news-bodyhtml\" class=\"bodytext margin-bottom-lg\">\n<div class=\"sapo-chitiet\">\n<h3 class=\"product-title entry-title\"><strong>Slats, sawn timber for export, Pallet wood<\/strong><\/h3>\n<p>Minh Tue Producing and distributing wooden pallets. High quality export standard to make raw materials for manufacturing pallets for the largest and oldest corporations in Japan, Korea and China<\/p>\n<p><em>Specifications of lumber we supply:<\/em><\/p>\n<p>\u2013 Length: From 300mm to 2000mm<\/p>\n<p>\u2013 Width: From 30mm to 200mm<\/p>\n<p>\u2013 Thickness: From 5mm to 100mm<\/p>\n<p>+ Quality: New wood, no mold, no termites, no decay.<\/p>\n<p>+ Moisture: Natural or through drying according to customer&#039;s request<\/p>\n<p>+ Smoothing: According to customer requirements.<\/p>\n<p>The woodchip production process of Minh Tue Investment and Trading Joint Stock Company meets export standards for the most demanding markets such as Japan, Korea, India, China, etc.<\/p>\n<h3 id=\"lien_he\" class=\"block-title\"><strong>Contact Info<\/strong><\/h3>\n<ul>\n<li><strong>Minh Tue Trading Investment Joint Stock Company<\/strong><\/li>\n<li><strong>Add<\/strong> Vinh Hung, Hoang Mai, Hanoi<\/li>\n<li><strong>Phone<\/strong> 0246.3247.8999 &#8211; 0981.123.789<\/li>\n<li><strong>Email:<\/strong> info@minhtue.vn<\/li>\n<li><strong>Website:<\/strong> minhtue.vn<\/li>\n<\/ul>\n<\/div>\n<\/div>\n<\/div>","protected":false},"featured_media":988,"comment_status":"open","ping_status":"closed","template":"","meta":[],"product_brand":[],"product_cat":[56],"product_tag":[111,110,109,112,107,108],"class_list":{"0":"post-987","1":"product","2":"type-product","3":"status-publish","4":"has-post-thumbnail","6":"product_cat-go","7":"product_tag-go-bach-dan","8":"product_tag-go-keo","9":"product_tag-go-pallet","10":"product_tag-go-thong","11":"product_tag-nan-go","12":"product_tag-pallet","14":"first","15":"instock","16":"sale","17":"shipping-taxable","18":"purchasable","19":"product-type-simple"},"yoast_head":"<!-- This site is optimized with the Yoast SEO plugin v24.7 - https:\/\/yoast.com\/wordpress\/plugins\/seo\/ -->\n<title>Nan g\u1ed7 - MINH TUE TRADING INVESTMENT JOINT STOCK COMPANY<\/title>\n<meta name=\"robots\" content=\"index, follow, max-snippet:-1, max-image-preview:large, max-video-preview:-1\" \/>\n<link rel=\"canonical\" href=\"https:\/\/www.minhtue.vn\/en\/product\/nan-go-pallet\/\" \/>\n<meta property=\"og:locale\" content=\"en_US\" \/>\n<meta property=\"og:type\" content=\"article\" \/>\n<meta property=\"og:title\" content=\"Nan g\u1ed7 - MINH TUE TRADING INVESTMENT JOINT STOCK COMPANY\" \/>\n<meta property=\"og:description\" content=\"Thanh nan, g\u1ed7 x\u1ebb thanh Xu\u1ea5t kh\u1ea9u, g\u1ed7 Pallet Minh Tu\u1ec7 S\u1ea3n xu\u1ea5t v\u00e0 ph\u00e2n ph\u1ed1i nan g\u1ed7 pallet. Ch\u1ea5t l\u01b0\u1ee3ng cao \u0111\u1ea1t ti\u00eau chu\u1ea9n xu\u1ea5t kh\u1ea9u \u0111\u1ec3 l\u00e0m nguy\u00ean li\u1ec7u s\u1ea3n xu\u1ea5t pallet cho c\u00e1c t\u1eadp \u0111o\u00e0n l\u1edbn v\u00e0 l\u00e2u \u0111\u1eddi nh\u1ea5t Nh\u1eadt B\u1ea3n, H\u00e0n Qu\u1ed1c v\u00e0 Trung Qu\u1ed1c  Quy c\u00e1ch g\u1ed7 x\u1ebb ch\u00fang t\u00f4i cung c\u1ea5p:  \u2013 D\u00e0i:\u00a0\u00a0\u00a0 T\u1eeb 300mm \u0111\u1ebfn 2000mm  \u2013 R\u1ed9ng: T\u1eeb 30mm\u00a0\u00a0 \u0111\u1ebfn 200mm  \u2013 D\u00e0y:\u00a0\u00a0 T\u1eeb 5mm \u0111\u1ebfn 100mm  + Ch\u1ea5t l\u01b0\u1ee3ng: G\u1ed7 m\u1edbi, kh\u00f4ng m\u1ed1c, kh\u00f4ng m\u1ed1i m\u1ecdt, kh\u00f4ng s\u00e2u \u1ea3i.  + \u0110\u1ed9 \u1ea9m: T\u1ef1 nhi\u00ean ho\u1eb7c qua s\u1ea5y theo y\u00eau c\u1ea7u c\u1ee7a kh\u00e1ch h\u00e0ng  + B\u00e0o nh\u1eb5n: Theo y\u00eau c\u1ea7u kh\u00e1ch h\u00e0ng.  Quy tr\u00ecnh s\u1ea3n xu\u1ea5t d\u0103m g\u1ed7 c\u1ee7a C\u00f4ng ty CP \u0111\u1ea7u t\u01b0 th\u01b0\u01a1ng m\u1ea1i Minh Tu\u1ec7 \u0111\u1ea1t ti\u00eau chu\u1ea9n xu\u1ea5t kh\u1ea9u cho nh\u1eefng th\u1ecb tr\u01b0\u1eddng kh\u00f3 t\u00ednh nh\u1ea5t nh\u01b0: Nh\u1eadt B\u1ea3n, H\u00e0n Qu\u1ed1c, \u1ea4n \u0110\u1ed9, Trung Qu\u1ed1c,\u2026 Th\u00f4ng tin li\u00ean h\u1ec7   C\u00f4ng ty C\u1ed5 ph\u1ea7n \u0110\u1ea7u t\u01b0 Th\u01b0\u01a1ng M\u1ea1i Minh Tu\u1ec7  \u0110\u1ecba ch\u1ec9: V\u0129nh H\u01b0ng, Ho\u00e0ng Mai, H\u00e0 N\u1ed9i  \u0110i\u1ec7n tho\u1ea1i: 0246.3247.8999 - 0981.123.789  Email: info@minhtue.vn  Website: minhtue.vn\" \/>\n<meta property=\"og:url\" content=\"https:\/\/www.minhtue.vn\/en\/product\/nan-go-pallet\/\" \/>\n<meta property=\"og:site_name\" content=\"MINH TUE TRADING INVESTMENT JOINT STOCK COMPANY\" \/>\n<meta property=\"article:publisher\" content=\"https:\/\/facebook.com\/vannt16.vt\" \/>\n<meta property=\"article:modified_time\" content=\"2026-03-16T15:10:56+00:00\" \/>\n<meta property=\"og:image\" content=\"https:\/\/www.minhtue.vn\/wp-content\/uploads\/2022\/10\/thanh-nan-go-xe-1066x800-1.jpeg\" \/>\n\t<meta property=\"og:image:width\" content=\"1066\" \/>\n\t<meta property=\"og:image:height\" content=\"800\" \/>\n\t<meta property=\"og:image:type\" content=\"image\/jpeg\" \/>\n<meta name=\"twitter:card\" content=\"summary_large_image\" \/>\n<meta name=\"twitter:site\" content=\"@vannt16vt\" \/>\n<meta name=\"twitter:label1\" content=\"Est. reading time\" \/>\n\t<meta name=\"twitter:data1\" content=\"1 minute\" \/>\n<script type=\"application\/ld+json\" class=\"yoast-schema-graph\">{\"@context\":\"https:\/\/schema.org\",\"@graph\":[{\"@type\":\"WebPage\",\"@id\":\"https:\/\/www.minhtue.vn\/san-pham\/nan-go-pallet\/\",\"url\":\"https:\/\/www.minhtue.vn\/san-pham\/nan-go-pallet\/\",\"name\":\"Nan g\u1ed7 - MINH TUE TRADING INVESTMENT JOINT STOCK COMPANY\",\"isPartOf\":{\"@id\":\"https:\/\/www.minhtue.vn\/#website\"},\"primaryImageOfPage\":{\"@id\":\"https:\/\/www.minhtue.vn\/san-pham\/nan-go-pallet\/#primaryimage\"},\"image\":{\"@id\":\"https:\/\/www.minhtue.vn\/san-pham\/nan-go-pallet\/#primaryimage\"},\"thumbnailUrl\":\"https:\/\/i0.wp.com\/www.minhtue.vn\/wp-content\/uploads\/2022\/10\/thanh-nan-go-xe-1066x800-1.jpeg?fit=1066%2C800&ssl=1\",\"datePublished\":\"2022-10-12T08:36:10+00:00\",\"dateModified\":\"2026-03-16T15:10:56+00:00\",\"breadcrumb\":{\"@id\":\"https:\/\/www.minhtue.vn\/san-pham\/nan-go-pallet\/#breadcrumb\"},\"inLanguage\":\"en-US\",\"potentialAction\":[{\"@type\":\"ReadAction\",\"target\":[\"https:\/\/www.minhtue.vn\/san-pham\/nan-go-pallet\/\"]}]},{\"@type\":\"ImageObject\",\"inLanguage\":\"en-US\",\"@id\":\"https:\/\/www.minhtue.vn\/san-pham\/nan-go-pallet\/#primaryimage\",\"url\":\"https:\/\/i0.wp.com\/www.minhtue.vn\/wp-content\/uploads\/2022\/10\/thanh-nan-go-xe-1066x800-1.jpeg?fit=1066%2C800&ssl=1\",\"contentUrl\":\"https:\/\/i0.wp.com\/www.minhtue.vn\/wp-content\/uploads\/2022\/10\/thanh-nan-go-xe-1066x800-1.jpeg?fit=1066%2C800&ssl=1\",\"width\":1066,\"height\":800},{\"@type\":\"BreadcrumbList\",\"@id\":\"https:\/\/www.minhtue.vn\/san-pham\/nan-go-pallet\/#breadcrumb\",\"itemListElement\":[{\"@type\":\"ListItem\",\"position\":1,\"name\":\"Trang ch\u1ee7\",\"item\":\"https:\/\/www.minhtue.vn\/\"},{\"@type\":\"ListItem\",\"position\":2,\"name\":\"C\u1eeda h\u00e0ng\",\"item\":\"https:\/\/www.minhtue.vn\/cua-hang\/\"},{\"@type\":\"ListItem\",\"position\":3,\"name\":\"Nan g\u1ed7\"}]},{\"@type\":\"WebSite\",\"@id\":\"https:\/\/www.minhtue.vn\/#website\",\"url\":\"https:\/\/www.minhtue.vn\/\",\"name\":\"MINH TUE TRADING INVESTMENT JOINT STOCK COMPANY\",\"description\":\"Value In Your Hands!\",\"publisher\":{\"@id\":\"https:\/\/www.minhtue.vn\/#organization\"},\"potentialAction\":[{\"@type\":\"SearchAction\",\"target\":{\"@type\":\"EntryPoint\",\"urlTemplate\":\"https:\/\/www.minhtue.vn\/?s={search_term_string}\"},\"query-input\":{\"@type\":\"PropertyValueSpecification\",\"valueRequired\":true,\"valueName\":\"search_term_string\"}}],\"inLanguage\":\"en-US\"},{\"@type\":\"Organization\",\"@id\":\"https:\/\/www.minhtue.vn\/#organization\",\"name\":\"C\u00f4ng ty c\u1ed5 ph\u1ea7n \u0111\u1ea7u t\u01b0 th\u01b0\u01a1ng m\u1ea1i Minh Tu\u1ec7\",\"url\":\"https:\/\/www.minhtue.vn\/\",\"logo\":{\"@type\":\"ImageObject\",\"inLanguage\":\"en-US\",\"@id\":\"https:\/\/www.minhtue.vn\/#\/schema\/logo\/image\/\",\"url\":\"https:\/\/www.minhtue.vn\/wp-content\/uploads\/2022\/10\/Value_Logo_Minhtue_1920B.gif\",\"contentUrl\":\"https:\/\/www.minhtue.vn\/wp-content\/uploads\/2022\/10\/Value_Logo_Minhtue_1920B.gif\",\"width\":1920,\"height\":1920,\"caption\":\"C\u00f4ng ty c\u1ed5 ph\u1ea7n \u0111\u1ea7u t\u01b0 th\u01b0\u01a1ng m\u1ea1i Minh Tu\u1ec7\"},\"image\":{\"@id\":\"https:\/\/www.minhtue.vn\/#\/schema\/logo\/image\/\"},\"sameAs\":[\"https:\/\/facebook.com\/vannt16.vt\",\"https:\/\/x.com\/vannt16vt\"]}]}<\/script>\n<!-- \/ Yoast SEO plugin. -->","yoast_head_json":{"title":"Nan g\u1ed7 - MINH TUE TRADING INVESTMENT JOINT STOCK COMPANY","robots":{"index":"index","follow":"follow","max-snippet":"max-snippet:-1","max-image-preview":"max-image-preview:large","max-video-preview":"max-video-preview:-1"},"canonical":"https:\/\/www.minhtue.vn\/en\/product\/nan-go-pallet\/","og_locale":"en_US","og_type":"article","og_title":"Nan g\u1ed7 - MINH TUE TRADING INVESTMENT JOINT STOCK COMPANY","og_description":"Thanh nan, g\u1ed7 x\u1ebb thanh Xu\u1ea5t kh\u1ea9u, g\u1ed7 Pallet Minh Tu\u1ec7 S\u1ea3n xu\u1ea5t v\u00e0 ph\u00e2n ph\u1ed1i nan g\u1ed7 pallet. Ch\u1ea5t l\u01b0\u1ee3ng cao \u0111\u1ea1t ti\u00eau chu\u1ea9n xu\u1ea5t kh\u1ea9u \u0111\u1ec3 l\u00e0m nguy\u00ean li\u1ec7u s\u1ea3n xu\u1ea5t pallet cho c\u00e1c t\u1eadp \u0111o\u00e0n l\u1edbn v\u00e0 l\u00e2u \u0111\u1eddi nh\u1ea5t Nh\u1eadt B\u1ea3n, H\u00e0n Qu\u1ed1c v\u00e0 Trung Qu\u1ed1c  Quy c\u00e1ch g\u1ed7 x\u1ebb ch\u00fang t\u00f4i cung c\u1ea5p:  \u2013 D\u00e0i:\u00a0\u00a0\u00a0 T\u1eeb 300mm \u0111\u1ebfn 2000mm  \u2013 R\u1ed9ng: T\u1eeb 30mm\u00a0\u00a0 \u0111\u1ebfn 200mm  \u2013 D\u00e0y:\u00a0\u00a0 T\u1eeb 5mm \u0111\u1ebfn 100mm  + Ch\u1ea5t l\u01b0\u1ee3ng: G\u1ed7 m\u1edbi, kh\u00f4ng m\u1ed1c, kh\u00f4ng m\u1ed1i m\u1ecdt, kh\u00f4ng s\u00e2u \u1ea3i.  + \u0110\u1ed9 \u1ea9m: T\u1ef1 nhi\u00ean ho\u1eb7c qua s\u1ea5y theo y\u00eau c\u1ea7u c\u1ee7a kh\u00e1ch h\u00e0ng  + B\u00e0o nh\u1eb5n: Theo y\u00eau c\u1ea7u kh\u00e1ch h\u00e0ng.  Quy tr\u00ecnh s\u1ea3n xu\u1ea5t d\u0103m g\u1ed7 c\u1ee7a C\u00f4ng ty CP \u0111\u1ea7u t\u01b0 th\u01b0\u01a1ng m\u1ea1i Minh Tu\u1ec7 \u0111\u1ea1t ti\u00eau chu\u1ea9n xu\u1ea5t kh\u1ea9u cho nh\u1eefng th\u1ecb tr\u01b0\u1eddng kh\u00f3 t\u00ednh nh\u1ea5t nh\u01b0: Nh\u1eadt B\u1ea3n, H\u00e0n Qu\u1ed1c, \u1ea4n \u0110\u1ed9, Trung Qu\u1ed1c,\u2026 Th\u00f4ng tin li\u00ean h\u1ec7   C\u00f4ng ty C\u1ed5 ph\u1ea7n \u0110\u1ea7u t\u01b0 Th\u01b0\u01a1ng M\u1ea1i Minh Tu\u1ec7  \u0110\u1ecba ch\u1ec9: V\u0129nh H\u01b0ng, Ho\u00e0ng Mai, H\u00e0 N\u1ed9i  \u0110i\u1ec7n tho\u1ea1i: 0246.3247.8999 - 0981.123.789  Email: info@minhtue.vn  Website: minhtue.vn","og_url":"https:\/\/www.minhtue.vn\/en\/product\/nan-go-pallet\/","og_site_name":"MINH TUE TRADING INVESTMENT JOINT STOCK COMPANY","article_publisher":"https:\/\/facebook.com\/vannt16.vt","article_modified_time":"2026-03-16T15:10:56+00:00","og_image":[{"width":1066,"height":800,"url":"https:\/\/www.minhtue.vn\/wp-content\/uploads\/2022\/10\/thanh-nan-go-xe-1066x800-1.jpeg","type":"image\/jpeg"}],"twitter_card":"summary_large_image","twitter_site":"@vannt16vt","twitter_misc":{"Est. reading time":"1 minute"},"schema":{"@context":"https:\/\/schema.org","@graph":[{"@type":"WebPage","@id":"https:\/\/www.minhtue.vn\/san-pham\/nan-go-pallet\/","url":"https:\/\/www.minhtue.vn\/san-pham\/nan-go-pallet\/","name":"Nan g\u1ed7 - MINH TUE TRADING INVESTMENT JOINT STOCK COMPANY","isPartOf":{"@id":"https:\/\/www.minhtue.vn\/#website"},"primaryImageOfPage":{"@id":"https:\/\/www.minhtue.vn\/san-pham\/nan-go-pallet\/#primaryimage"},"image":{"@id":"https:\/\/www.minhtue.vn\/san-pham\/nan-go-pallet\/#primaryimage"},"thumbnailUrl":"https:\/\/i0.wp.com\/www.minhtue.vn\/wp-content\/uploads\/2022\/10\/thanh-nan-go-xe-1066x800-1.jpeg?fit=1066%2C800&ssl=1","datePublished":"2022-10-12T08:36:10+00:00","dateModified":"2026-03-16T15:10:56+00:00","breadcrumb":{"@id":"https:\/\/www.minhtue.vn\/san-pham\/nan-go-pallet\/#breadcrumb"},"inLanguage":"en-US","potentialAction":[{"@type":"ReadAction","target":["https:\/\/www.minhtue.vn\/san-pham\/nan-go-pallet\/"]}]},{"@type":"ImageObject","inLanguage":"en-US","@id":"https:\/\/www.minhtue.vn\/san-pham\/nan-go-pallet\/#primaryimage","url":"https:\/\/i0.wp.com\/www.minhtue.vn\/wp-content\/uploads\/2022\/10\/thanh-nan-go-xe-1066x800-1.jpeg?fit=1066%2C800&ssl=1","contentUrl":"https:\/\/i0.wp.com\/www.minhtue.vn\/wp-content\/uploads\/2022\/10\/thanh-nan-go-xe-1066x800-1.jpeg?fit=1066%2C800&ssl=1","width":1066,"height":800},{"@type":"BreadcrumbList","@id":"https:\/\/www.minhtue.vn\/san-pham\/nan-go-pallet\/#breadcrumb","itemListElement":[{"@type":"ListItem","position":1,"name":"Trang ch\u1ee7","item":"https:\/\/www.minhtue.vn\/"},{"@type":"ListItem","position":2,"name":"C\u1eeda h\u00e0ng","item":"https:\/\/www.minhtue.vn\/cua-hang\/"},{"@type":"ListItem","position":3,"name":"Nan g\u1ed7"}]},{"@type":"WebSite","@id":"https:\/\/www.minhtue.vn\/#website","url":"https:\/\/www.minhtue.vn\/","name":"MINH TUE TRADING INVESTMENT JOINT STOCK COMPANY","description":"Value In Your Hands!","publisher":{"@id":"https:\/\/www.minhtue.vn\/#organization"},"potentialAction":[{"@type":"SearchAction","target":{"@type":"EntryPoint","urlTemplate":"https:\/\/www.minhtue.vn\/?s={search_term_string}"},"query-input":{"@type":"PropertyValueSpecification","valueRequired":true,"valueName":"search_term_string"}}],"inLanguage":"en-US"},{"@type":"Organization","@id":"https:\/\/www.minhtue.vn\/#organization","name":"C\u00f4ng ty c\u1ed5 ph\u1ea7n \u0111\u1ea7u t\u01b0 th\u01b0\u01a1ng m\u1ea1i Minh Tu\u1ec7","url":"https:\/\/www.minhtue.vn\/","logo":{"@type":"ImageObject","inLanguage":"en-US","@id":"https:\/\/www.minhtue.vn\/#\/schema\/logo\/image\/","url":"https:\/\/www.minhtue.vn\/wp-content\/uploads\/2022\/10\/Value_Logo_Minhtue_1920B.gif","contentUrl":"https:\/\/www.minhtue.vn\/wp-content\/uploads\/2022\/10\/Value_Logo_Minhtue_1920B.gif","width":1920,"height":1920,"caption":"C\u00f4ng ty c\u1ed5 ph\u1ea7n \u0111\u1ea7u t\u01b0 th\u01b0\u01a1ng m\u1ea1i Minh Tu\u1ec7"},"image":{"@id":"https:\/\/www.minhtue.vn\/#\/schema\/logo\/image\/"},"sameAs":["https:\/\/facebook.com\/vannt16.vt","https:\/\/x.com\/vannt16vt"]}]}},"jetpack_sharing_enabled":true,"_links":{"self":[{"href":"https:\/\/www.minhtue.vn\/en\/wp-json\/wp\/v2\/product\/987","targetHints":{"allow":["GET"]}}],"collection":[{"href":"https:\/\/www.minhtue.vn\/en\/wp-json\/wp\/v2\/product"}],"about":[{"href":"https:\/\/www.minhtue.vn\/en\/wp-json\/wp\/v2\/types\/product"}],"replies":[{"embeddable":true,"href":"https:\/\/www.minhtue.vn\/en\/wp-json\/wp\/v2\/comments?post=987"}],"wp:featuredmedia":[{"embeddable":true,"href":"https:\/\/www.minhtue.vn\/en\/wp-json\/wp\/v2\/media\/988"}],"wp:attachment":[{"href":"https:\/\/www.minhtue.vn\/en\/wp-json\/wp\/v2\/media?parent=987"}],"wp:term":[{"taxonomy":"product_brand","embeddable":true,"href":"https:\/\/www.minhtue.vn\/en\/wp-json\/wp\/v2\/product_brand?post=987"},{"taxonomy":"product_cat","embeddable":true,"href":"https:\/\/www.minhtue.vn\/en\/wp-json\/wp\/v2\/product_cat?post=987"},{"taxonomy":"product_tag","embeddable":true,"href":"https:\/\/www.minhtue.vn\/en\/wp-json\/wp\/v2\/product_tag?post=987"}],"curies":[{"name":"wp","href":"https:\/\/api.w.org\/{rel}","templated":true}]}}