{"id":989,"date":"2022-10-12T15:45:10","date_gmt":"2022-10-12T08:45:10","guid":{"rendered":"https:\/\/www.minhtue.vn\/?post_type=product&#038;p=989"},"modified":"2025-03-26T15:58:55","modified_gmt":"2025-03-26T08:58:55","slug":"van-boc-veneer","status":"publish","type":"product","link":"https:\/\/www.minhtue.vn\/en\/product\/van-boc-veneer\/","title":{"rendered":"Veneer"},"content":{"rendered":"<h1><strong>Provide veneer (Veneer) of Acacia wood, eucalyptus for export<\/strong><\/h1>\n<p>Minh Tue Producing and distributing peeled veneer boards. High quality export standard to make raw materials for manufacturing pallets for the largest and oldest corporations in Japan, Korea and China<\/p>\n<div class=\"product-short-description\">\n<p>As a unit with more than 10 years of experience in the manufacturing industry\u00a0<strong>industrial plywood<\/strong>\u00a0in general and plywood in particular, our company is the address to supply\u00a0<strong>peeled wood<\/strong>\u00a0Large quantity not only for domestic market but also exported to some other countries such as:<br \/>\nWith the advantage of taking advantage of abundant raw materials, large factory and warehouse area, and a team of highly skilled technical workers. Our company is committed to providing customers with guaranteed products of both quality and reasonable price.<\/p>\n<\/div>\n<p>The chipboard production process of Minh Tue Trading Investment Joint Stock Company meets export standards for the most demanding markets such as Japan, Korea, India, China, etc.<\/p>\n<p>&nbsp;<\/p>","protected":false},"excerpt":{"rendered":"<div class=\"product-short-description\">\n<div id=\"news-bodyhtml\" class=\"bodytext margin-bottom-lg\">\n<div class=\"sapo-chitiet\">\n<h3><strong>Provide veneer (Veneer) of Acacia wood, eucalyptus for export<\/strong><\/h3>\n<p>Minh Tue Producing and distributing peeled veneer boards. High quality export standard to make raw materials for manufacturing pallets for the largest and oldest corporations in Japan, Korea and China<\/p>\n<div class=\"product-short-description\">\n<p>As a unit with more than 10 years of experience in the manufacturing industry\u00a0<strong>industrial plywood<\/strong>\u00a0in general and plywood in particular, our company is the address to supply\u00a0<strong>peeled wood<\/strong>\u00a0Large quantity not only for domestic market but also exported to some other countries such as:<br \/>\nWith the advantage of taking advantage of abundant raw materials, large factory and warehouse area, and a team of highly skilled technical workers. Our company is committed to providing customers with guaranteed products of both quality and reasonable price.<\/p>\n<\/div>\n<p>The chipboard production process of Minh Tue Trading Investment Joint Stock Company meets export standards for the most demanding markets such as Japan, Korea, India, China, etc.<\/p>\n<h3 id=\"lien_he\" class=\"block-title\"><strong>Contact Info<\/strong><\/h3>\n<ul>\n<li><strong>Minh Tue Trading Investment Joint Stock Company<\/strong><\/li>\n<li><strong>Add<\/strong> Vinh Hung, Hoang Mai, Hanoi<\/li>\n<li><strong>Phone<\/strong> 0246.3247.8999 &#8211; 0981.123.789<\/li>\n<li><strong>Email:<\/strong> info@minhtue.vn<\/li>\n<li><strong>Website:<\/strong> minhtue.vn<\/li>\n<\/ul>\n<\/div>\n<\/div>\n<\/div>","protected":false},"featured_media":991,"comment_status":"open","ping_status":"closed","template":"","meta":[],"product_brand":[],"product_cat":[56],"product_tag":[102,105,106,104,103],"class_list":{"0":"post-989","1":"product","2":"type-product","3":"status-publish","4":"has-post-thumbnail","6":"product_cat-go","7":"product_tag-van-boc","8":"product_tag-van-keo","9":"product_tag-van-thong","10":"product_tag-van-xuat-khau","11":"product_tag-veneer","13":"first","14":"instock","15":"sale","16":"shipping-taxable","17":"purchasable","18":"product-type-simple"},"yoast_head":"<!-- This site is optimized with the Yoast SEO plugin v24.7 - https:\/\/yoast.com\/wordpress\/plugins\/seo\/ -->\n<title>V\u00e1n b\u00f3c - MINH TUE TRADING INVESTMENT JOINT STOCK COMPANY<\/title>\n<meta name=\"robots\" content=\"index, follow, max-snippet:-1, max-image-preview:large, max-video-preview:-1\" \/>\n<link rel=\"canonical\" href=\"https:\/\/www.minhtue.vn\/en\/product\/van-boc-veneer\/\" \/>\n<meta property=\"og:locale\" content=\"en_US\" \/>\n<meta property=\"og:type\" content=\"article\" \/>\n<meta property=\"og:title\" content=\"V\u00e1n b\u00f3c - MINH TUE TRADING INVESTMENT JOINT STOCK COMPANY\" \/>\n<meta property=\"og:description\" content=\"Cung c\u1ea5p V\u00e1n b\u00f3c (Veneer) g\u1ed7 Keo, b\u1ea1ch \u0111\u00e0n xu\u1ea5t kh\u1ea9u Minh Tu\u1ec7 S\u1ea3n xu\u1ea5t v\u00e0 ph\u00e2n ph\u1ed1i v\u00e1n b\u00f3c veneer. Ch\u1ea5t l\u01b0\u1ee3ng cao \u0111\u1ea1t ti\u00eau chu\u1ea9n xu\u1ea5t kh\u1ea9u \u0111\u1ec3 l\u00e0m nguy\u00ean li\u1ec7u s\u1ea3n xu\u1ea5t pallet cho c\u00e1c t\u1eadp \u0111o\u00e0n l\u1edbn v\u00e0 l\u00e2u \u0111\u1eddi nh\u1ea5t Nh\u1eadt B\u1ea3n, H\u00e0n Qu\u1ed1c v\u00e0 Trung Qu\u1ed1c   L\u00e0 \u0111\u01a1n v\u1ecb v\u1edbi h\u01a1n 10 n\u0103m kinh nghi\u1ec7m trong ng\u00e0nh s\u1ea3n xu\u1ea5t\u00a0g\u1ed7 v\u00e1n \u00e9p c\u00f4ng nghi\u1ec7p\u00a0n\u00f3i chung v\u00e0 g\u1ed7 v\u00e1n b\u00f3c n\u00f3i ri\u00eang, C\u00f4ng ty ch\u00fang t\u00f4i l\u00e0 \u0111\u1ecba ch\u1ec9 cung c\u1ea5p\u00a0g\u1ed7 v\u00e1n b\u00f3c\u00a0s\u1ed1 l\u01b0\u1ee3ng l\u1edbn kh\u00f4ng ch\u1ec9 cho th\u1ecb tr\u01b0\u1eddng trong n\u01b0\u1edbc m\u00e0 c\u00f2n xu\u1ea5t kh\u1ea9u sang m\u1ed9t s\u1ed1 n\u01b0\u1edbc kh\u00e1c nh\u01b0: V\u1edbi l\u1ee3i th\u1ebf t\u1eadn d\u1ee5ng ngu\u1ed3n nguy\u00ean li\u1ec7u d\u1ed3i d\u00e0o c\u00f9ng di\u1ec7n t\u00edch nh\u00e0 m\u00e1y, kho x\u01b0\u1edfng r\u1ed9ng l\u1edbn, \u0111\u1ed9i ng\u0169 c\u00f4ng nh\u00e2n k\u1ef9 thu\u1eadt tay ngh\u1ec1 cao. C\u00f4ng ty ch\u00fang t\u00f4i cam k\u1ebft mang \u0111\u1ebfn cho kh\u00e1ch h\u00e0ng nh\u1eefng s\u1ea3n ph\u1ea9m \u0111\u1ea3m b\u1ea3o v\u1ec1 c\u1ea3 ch\u1ea5t l\u01b0\u1ee3ng c\u0169ng nh\u01b0 gi\u00e1 th\u00e0nh h\u1ee3p l\u00fd.   Quy tr\u00ecnh s\u1ea3n xu\u1ea5t v\u00e1n b\u00f3c c\u1ee7a C\u00f4ng ty CP \u0111\u1ea7u t\u01b0 th\u01b0\u01a1ng m\u1ea1i Minh Tu\u1ec7 \u0111\u1ea1t ti\u00eau chu\u1ea9n xu\u1ea5t kh\u1ea9u cho nh\u1eefng th\u1ecb tr\u01b0\u1eddng kh\u00f3 t\u00ednh nh\u1ea5t nh\u01b0: Nh\u1eadt B\u1ea3n, H\u00e0n Qu\u1ed1c, \u1ea4n \u0110\u1ed9, Trung Qu\u1ed1c,\u2026 Th\u00f4ng tin li\u00ean h\u1ec7   C\u00f4ng ty C\u1ed5 ph\u1ea7n \u0110\u1ea7u t\u01b0 Th\u01b0\u01a1ng M\u1ea1i Minh Tu\u1ec7  \u0110\u1ecba ch\u1ec9: V\u0129nh H\u01b0ng, Ho\u00e0ng Mai, H\u00e0 N\u1ed9i  \u0110i\u1ec7n tho\u1ea1i: 0246.3247.8999 - 0981.123.789  Email: info@minhtue.vn  Website: minhtue.vn\" \/>\n<meta property=\"og:url\" content=\"https:\/\/www.minhtue.vn\/en\/product\/van-boc-veneer\/\" \/>\n<meta property=\"og:site_name\" content=\"MINH TUE TRADING INVESTMENT JOINT STOCK COMPANY\" \/>\n<meta property=\"article:publisher\" content=\"https:\/\/facebook.com\/vannt16.vt\" \/>\n<meta property=\"article:modified_time\" content=\"2025-03-26T08:58:55+00:00\" \/>\n<meta property=\"og:image\" content=\"https:\/\/www.minhtue.vn\/wp-content\/uploads\/2022\/10\/van-boc-vernia.jpeg\" \/>\n\t<meta property=\"og:image:width\" content=\"595\" \/>\n\t<meta property=\"og:image:height\" content=\"595\" \/>\n\t<meta property=\"og:image:type\" content=\"image\/jpeg\" \/>\n<meta name=\"twitter:card\" content=\"summary_large_image\" \/>\n<meta name=\"twitter:site\" content=\"@vannt16vt\" \/>\n<meta name=\"twitter:label1\" content=\"Est. reading time\" \/>\n\t<meta name=\"twitter:data1\" content=\"2 minutes\" \/>\n<script type=\"application\/ld+json\" class=\"yoast-schema-graph\">{\"@context\":\"https:\/\/schema.org\",\"@graph\":[{\"@type\":\"WebPage\",\"@id\":\"https:\/\/www.minhtue.vn\/san-pham\/van-boc-veneer\/\",\"url\":\"https:\/\/www.minhtue.vn\/san-pham\/van-boc-veneer\/\",\"name\":\"V\u00e1n b\u00f3c - MINH TUE TRADING INVESTMENT JOINT STOCK COMPANY\",\"isPartOf\":{\"@id\":\"https:\/\/www.minhtue.vn\/#website\"},\"primaryImageOfPage\":{\"@id\":\"https:\/\/www.minhtue.vn\/san-pham\/van-boc-veneer\/#primaryimage\"},\"image\":{\"@id\":\"https:\/\/www.minhtue.vn\/san-pham\/van-boc-veneer\/#primaryimage\"},\"thumbnailUrl\":\"https:\/\/i0.wp.com\/www.minhtue.vn\/wp-content\/uploads\/2022\/10\/van-boc-vernia.jpeg?fit=595%2C595&ssl=1\",\"datePublished\":\"2022-10-12T08:45:10+00:00\",\"dateModified\":\"2025-03-26T08:58:55+00:00\",\"breadcrumb\":{\"@id\":\"https:\/\/www.minhtue.vn\/san-pham\/van-boc-veneer\/#breadcrumb\"},\"inLanguage\":\"en-US\",\"potentialAction\":[{\"@type\":\"ReadAction\",\"target\":[\"https:\/\/www.minhtue.vn\/san-pham\/van-boc-veneer\/\"]}]},{\"@type\":\"ImageObject\",\"inLanguage\":\"en-US\",\"@id\":\"https:\/\/www.minhtue.vn\/san-pham\/van-boc-veneer\/#primaryimage\",\"url\":\"https:\/\/i0.wp.com\/www.minhtue.vn\/wp-content\/uploads\/2022\/10\/van-boc-vernia.jpeg?fit=595%2C595&ssl=1\",\"contentUrl\":\"https:\/\/i0.wp.com\/www.minhtue.vn\/wp-content\/uploads\/2022\/10\/van-boc-vernia.jpeg?fit=595%2C595&ssl=1\",\"width\":595,\"height\":595},{\"@type\":\"BreadcrumbList\",\"@id\":\"https:\/\/www.minhtue.vn\/san-pham\/van-boc-veneer\/#breadcrumb\",\"itemListElement\":[{\"@type\":\"ListItem\",\"position\":1,\"name\":\"Trang ch\u1ee7\",\"item\":\"https:\/\/www.minhtue.vn\/\"},{\"@type\":\"ListItem\",\"position\":2,\"name\":\"C\u1eeda h\u00e0ng\",\"item\":\"https:\/\/www.minhtue.vn\/cua-hang\/\"},{\"@type\":\"ListItem\",\"position\":3,\"name\":\"V\u00e1n b\u00f3c\"}]},{\"@type\":\"WebSite\",\"@id\":\"https:\/\/www.minhtue.vn\/#website\",\"url\":\"https:\/\/www.minhtue.vn\/\",\"name\":\"MINH TUE TRADING INVESTMENT JOINT STOCK COMPANY\",\"description\":\"Value In Your Hands!\",\"publisher\":{\"@id\":\"https:\/\/www.minhtue.vn\/#organization\"},\"potentialAction\":[{\"@type\":\"SearchAction\",\"target\":{\"@type\":\"EntryPoint\",\"urlTemplate\":\"https:\/\/www.minhtue.vn\/?s={search_term_string}\"},\"query-input\":{\"@type\":\"PropertyValueSpecification\",\"valueRequired\":true,\"valueName\":\"search_term_string\"}}],\"inLanguage\":\"en-US\"},{\"@type\":\"Organization\",\"@id\":\"https:\/\/www.minhtue.vn\/#organization\",\"name\":\"C\u00f4ng ty c\u1ed5 ph\u1ea7n \u0111\u1ea7u t\u01b0 th\u01b0\u01a1ng m\u1ea1i Minh Tu\u1ec7\",\"url\":\"https:\/\/www.minhtue.vn\/\",\"logo\":{\"@type\":\"ImageObject\",\"inLanguage\":\"en-US\",\"@id\":\"https:\/\/www.minhtue.vn\/#\/schema\/logo\/image\/\",\"url\":\"https:\/\/www.minhtue.vn\/wp-content\/uploads\/2022\/10\/Value_Logo_Minhtue_1920B.gif\",\"contentUrl\":\"https:\/\/www.minhtue.vn\/wp-content\/uploads\/2022\/10\/Value_Logo_Minhtue_1920B.gif\",\"width\":1920,\"height\":1920,\"caption\":\"C\u00f4ng ty c\u1ed5 ph\u1ea7n \u0111\u1ea7u t\u01b0 th\u01b0\u01a1ng m\u1ea1i Minh Tu\u1ec7\"},\"image\":{\"@id\":\"https:\/\/www.minhtue.vn\/#\/schema\/logo\/image\/\"},\"sameAs\":[\"https:\/\/facebook.com\/vannt16.vt\",\"https:\/\/x.com\/vannt16vt\"]}]}<\/script>\n<!-- \/ Yoast SEO plugin. -->","yoast_head_json":{"title":"V\u00e1n b\u00f3c - MINH TUE TRADING INVESTMENT JOINT STOCK COMPANY","robots":{"index":"index","follow":"follow","max-snippet":"max-snippet:-1","max-image-preview":"max-image-preview:large","max-video-preview":"max-video-preview:-1"},"canonical":"https:\/\/www.minhtue.vn\/en\/product\/van-boc-veneer\/","og_locale":"en_US","og_type":"article","og_title":"V\u00e1n b\u00f3c - MINH TUE TRADING INVESTMENT JOINT STOCK COMPANY","og_description":"Cung c\u1ea5p V\u00e1n b\u00f3c (Veneer) g\u1ed7 Keo, b\u1ea1ch \u0111\u00e0n xu\u1ea5t kh\u1ea9u Minh Tu\u1ec7 S\u1ea3n xu\u1ea5t v\u00e0 ph\u00e2n ph\u1ed1i v\u00e1n b\u00f3c veneer. Ch\u1ea5t l\u01b0\u1ee3ng cao \u0111\u1ea1t ti\u00eau chu\u1ea9n xu\u1ea5t kh\u1ea9u \u0111\u1ec3 l\u00e0m nguy\u00ean li\u1ec7u s\u1ea3n xu\u1ea5t pallet cho c\u00e1c t\u1eadp \u0111o\u00e0n l\u1edbn v\u00e0 l\u00e2u \u0111\u1eddi nh\u1ea5t Nh\u1eadt B\u1ea3n, H\u00e0n Qu\u1ed1c v\u00e0 Trung Qu\u1ed1c   L\u00e0 \u0111\u01a1n v\u1ecb v\u1edbi h\u01a1n 10 n\u0103m kinh nghi\u1ec7m trong ng\u00e0nh s\u1ea3n xu\u1ea5t\u00a0g\u1ed7 v\u00e1n \u00e9p c\u00f4ng nghi\u1ec7p\u00a0n\u00f3i chung v\u00e0 g\u1ed7 v\u00e1n b\u00f3c n\u00f3i ri\u00eang, C\u00f4ng ty ch\u00fang t\u00f4i l\u00e0 \u0111\u1ecba ch\u1ec9 cung c\u1ea5p\u00a0g\u1ed7 v\u00e1n b\u00f3c\u00a0s\u1ed1 l\u01b0\u1ee3ng l\u1edbn kh\u00f4ng ch\u1ec9 cho th\u1ecb tr\u01b0\u1eddng trong n\u01b0\u1edbc m\u00e0 c\u00f2n xu\u1ea5t kh\u1ea9u sang m\u1ed9t s\u1ed1 n\u01b0\u1edbc kh\u00e1c nh\u01b0: V\u1edbi l\u1ee3i th\u1ebf t\u1eadn d\u1ee5ng ngu\u1ed3n nguy\u00ean li\u1ec7u d\u1ed3i d\u00e0o c\u00f9ng di\u1ec7n t\u00edch nh\u00e0 m\u00e1y, kho x\u01b0\u1edfng r\u1ed9ng l\u1edbn, \u0111\u1ed9i ng\u0169 c\u00f4ng nh\u00e2n k\u1ef9 thu\u1eadt tay ngh\u1ec1 cao. C\u00f4ng ty ch\u00fang t\u00f4i cam k\u1ebft mang \u0111\u1ebfn cho kh\u00e1ch h\u00e0ng nh\u1eefng s\u1ea3n ph\u1ea9m \u0111\u1ea3m b\u1ea3o v\u1ec1 c\u1ea3 ch\u1ea5t l\u01b0\u1ee3ng c\u0169ng nh\u01b0 gi\u00e1 th\u00e0nh h\u1ee3p l\u00fd.   Quy tr\u00ecnh s\u1ea3n xu\u1ea5t v\u00e1n b\u00f3c c\u1ee7a C\u00f4ng ty CP \u0111\u1ea7u t\u01b0 th\u01b0\u01a1ng m\u1ea1i Minh Tu\u1ec7 \u0111\u1ea1t ti\u00eau chu\u1ea9n xu\u1ea5t kh\u1ea9u cho nh\u1eefng th\u1ecb tr\u01b0\u1eddng kh\u00f3 t\u00ednh nh\u1ea5t nh\u01b0: Nh\u1eadt B\u1ea3n, H\u00e0n Qu\u1ed1c, \u1ea4n \u0110\u1ed9, Trung Qu\u1ed1c,\u2026 Th\u00f4ng tin li\u00ean h\u1ec7   C\u00f4ng ty C\u1ed5 ph\u1ea7n \u0110\u1ea7u t\u01b0 Th\u01b0\u01a1ng M\u1ea1i Minh Tu\u1ec7  \u0110\u1ecba ch\u1ec9: V\u0129nh H\u01b0ng, Ho\u00e0ng Mai, H\u00e0 N\u1ed9i  \u0110i\u1ec7n tho\u1ea1i: 0246.3247.8999 - 0981.123.789  Email: info@minhtue.vn  Website: minhtue.vn","og_url":"https:\/\/www.minhtue.vn\/en\/product\/van-boc-veneer\/","og_site_name":"MINH TUE TRADING INVESTMENT JOINT STOCK COMPANY","article_publisher":"https:\/\/facebook.com\/vannt16.vt","article_modified_time":"2025-03-26T08:58:55+00:00","og_image":[{"width":595,"height":595,"url":"https:\/\/www.minhtue.vn\/wp-content\/uploads\/2022\/10\/van-boc-vernia.jpeg","type":"image\/jpeg"}],"twitter_card":"summary_large_image","twitter_site":"@vannt16vt","twitter_misc":{"Est. reading time":"2 minutes"},"schema":{"@context":"https:\/\/schema.org","@graph":[{"@type":"WebPage","@id":"https:\/\/www.minhtue.vn\/san-pham\/van-boc-veneer\/","url":"https:\/\/www.minhtue.vn\/san-pham\/van-boc-veneer\/","name":"V\u00e1n b\u00f3c - MINH TUE TRADING INVESTMENT JOINT STOCK COMPANY","isPartOf":{"@id":"https:\/\/www.minhtue.vn\/#website"},"primaryImageOfPage":{"@id":"https:\/\/www.minhtue.vn\/san-pham\/van-boc-veneer\/#primaryimage"},"image":{"@id":"https:\/\/www.minhtue.vn\/san-pham\/van-boc-veneer\/#primaryimage"},"thumbnailUrl":"https:\/\/i0.wp.com\/www.minhtue.vn\/wp-content\/uploads\/2022\/10\/van-boc-vernia.jpeg?fit=595%2C595&ssl=1","datePublished":"2022-10-12T08:45:10+00:00","dateModified":"2025-03-26T08:58:55+00:00","breadcrumb":{"@id":"https:\/\/www.minhtue.vn\/san-pham\/van-boc-veneer\/#breadcrumb"},"inLanguage":"en-US","potentialAction":[{"@type":"ReadAction","target":["https:\/\/www.minhtue.vn\/san-pham\/van-boc-veneer\/"]}]},{"@type":"ImageObject","inLanguage":"en-US","@id":"https:\/\/www.minhtue.vn\/san-pham\/van-boc-veneer\/#primaryimage","url":"https:\/\/i0.wp.com\/www.minhtue.vn\/wp-content\/uploads\/2022\/10\/van-boc-vernia.jpeg?fit=595%2C595&ssl=1","contentUrl":"https:\/\/i0.wp.com\/www.minhtue.vn\/wp-content\/uploads\/2022\/10\/van-boc-vernia.jpeg?fit=595%2C595&ssl=1","width":595,"height":595},{"@type":"BreadcrumbList","@id":"https:\/\/www.minhtue.vn\/san-pham\/van-boc-veneer\/#breadcrumb","itemListElement":[{"@type":"ListItem","position":1,"name":"Trang ch\u1ee7","item":"https:\/\/www.minhtue.vn\/"},{"@type":"ListItem","position":2,"name":"C\u1eeda h\u00e0ng","item":"https:\/\/www.minhtue.vn\/cua-hang\/"},{"@type":"ListItem","position":3,"name":"V\u00e1n b\u00f3c"}]},{"@type":"WebSite","@id":"https:\/\/www.minhtue.vn\/#website","url":"https:\/\/www.minhtue.vn\/","name":"MINH TUE TRADING INVESTMENT JOINT STOCK COMPANY","description":"Value In Your Hands!","publisher":{"@id":"https:\/\/www.minhtue.vn\/#organization"},"potentialAction":[{"@type":"SearchAction","target":{"@type":"EntryPoint","urlTemplate":"https:\/\/www.minhtue.vn\/?s={search_term_string}"},"query-input":{"@type":"PropertyValueSpecification","valueRequired":true,"valueName":"search_term_string"}}],"inLanguage":"en-US"},{"@type":"Organization","@id":"https:\/\/www.minhtue.vn\/#organization","name":"C\u00f4ng ty c\u1ed5 ph\u1ea7n \u0111\u1ea7u t\u01b0 th\u01b0\u01a1ng m\u1ea1i Minh Tu\u1ec7","url":"https:\/\/www.minhtue.vn\/","logo":{"@type":"ImageObject","inLanguage":"en-US","@id":"https:\/\/www.minhtue.vn\/#\/schema\/logo\/image\/","url":"https:\/\/www.minhtue.vn\/wp-content\/uploads\/2022\/10\/Value_Logo_Minhtue_1920B.gif","contentUrl":"https:\/\/www.minhtue.vn\/wp-content\/uploads\/2022\/10\/Value_Logo_Minhtue_1920B.gif","width":1920,"height":1920,"caption":"C\u00f4ng ty c\u1ed5 ph\u1ea7n \u0111\u1ea7u t\u01b0 th\u01b0\u01a1ng m\u1ea1i Minh Tu\u1ec7"},"image":{"@id":"https:\/\/www.minhtue.vn\/#\/schema\/logo\/image\/"},"sameAs":["https:\/\/facebook.com\/vannt16.vt","https:\/\/x.com\/vannt16vt"]}]}},"jetpack_sharing_enabled":true,"_links":{"self":[{"href":"https:\/\/www.minhtue.vn\/en\/wp-json\/wp\/v2\/product\/989","targetHints":{"allow":["GET"]}}],"collection":[{"href":"https:\/\/www.minhtue.vn\/en\/wp-json\/wp\/v2\/product"}],"about":[{"href":"https:\/\/www.minhtue.vn\/en\/wp-json\/wp\/v2\/types\/product"}],"replies":[{"embeddable":true,"href":"https:\/\/www.minhtue.vn\/en\/wp-json\/wp\/v2\/comments?post=989"}],"wp:featuredmedia":[{"embeddable":true,"href":"https:\/\/www.minhtue.vn\/en\/wp-json\/wp\/v2\/media\/991"}],"wp:attachment":[{"href":"https:\/\/www.minhtue.vn\/en\/wp-json\/wp\/v2\/media?parent=989"}],"wp:term":[{"taxonomy":"product_brand","embeddable":true,"href":"https:\/\/www.minhtue.vn\/en\/wp-json\/wp\/v2\/product_brand?post=989"},{"taxonomy":"product_cat","embeddable":true,"href":"https:\/\/www.minhtue.vn\/en\/wp-json\/wp\/v2\/product_cat?post=989"},{"taxonomy":"product_tag","embeddable":true,"href":"https:\/\/www.minhtue.vn\/en\/wp-json\/wp\/v2\/product_tag?post=989"}],"curies":[{"name":"wp","href":"https:\/\/api.w.org\/{rel}","templated":true}]}}